{"id":132,"date":"2019-03-18T16:49:02","date_gmt":"2019-03-18T15:49:02","guid":{"rendered":"https:\/\/projet.alexandre-riffault.fr\/starwars\/?page_id=132"},"modified":"2019-05-08T14:42:59","modified_gmt":"2019-05-08T12:42:59","slug":"alexis-laborier","status":"publish","type":"page","link":"https:\/\/projet.alexandre-riffault.fr\/starwars\/alexis-laborier\/","title":{"rendered":"Alexis LABORIER"},"content":{"rendered":"<p>[et_pb_section fb_built=\u00a0\u00bb1&Prime; _builder_version=\u00a0\u00bb3.21&Prime; background_color=\u00a0\u00bb#2c3e50&Prime;][et_pb_row _builder_version=\u00a0\u00bb3.21&Prime; background_color=\u00a0\u00bb#2c3e50&Prime;][et_pb_column type=\u00a0\u00bb4_4&Prime; _builder_version=\u00a0\u00bb3.0.47&Prime;][et_pb_text _builder_version=\u00a0\u00bb3.21&Prime; text_text_color=\u00a0\u00bb#ffffff\u00a0\u00bb]<\/p>\n<h4><span style=\"font-family: Verdana; font-weight: normal; color: #ffffff;\">Alexis LABORIER | Etudiant en MMI | Universit\u00e9 de bourgogne<\/span><\/h4>\n<p>[\/et_pb_text][et_pb_image src=\u00a0\u00bbhttps:\/\/projet.alexandre-riffault.fr\/starwars\/wp-content\/uploads\/2019\/03\/icons8-linkedin-40.png\u00a0\u00bb _builder_version=\u00a0\u00bb3.21&Prime; url=\u00a0\u00bbhttps:\/\/linkedin.com\/in\/alexislaborier\u00a0\u00bb][\/et_pb_image][\/et_pb_column][\/et_pb_row][et_pb_row custom_padding=\u00a0\u00bb27px|0px|26px|0px|false|false\u00a0\u00bb _builder_version=\u00a0\u00bb3.21&Prime;][et_pb_column type=\u00a0\u00bb4_4&Prime; _builder_version=\u00a0\u00bb3.0.47&Prime;][et_pb_text _builder_version=\u00a0\u00bb3.21&Prime; text_text_color=\u00a0\u00bb#e09900&Prime; inline_fonts=\u00a0\u00bbVerdana\u00a0\u00bb]<\/p>\n<h4><span style=\"text-decoration: underline; font-family: Verdana; font-weight: normal;\"><span style=\"color: #ffffff; text-decoration: underline;\">A propos de moi :<\/span><\/span><\/h4>\n<p><span style=\"font-family: Verdana; font-weight: normal;\"><span style=\"color: #ffffff;\">J&rsquo;ai 19 ans. Je suis \u00e9tudiant \u00e0 l&rsquo;universit\u00e9 de bourgogne au sein du DUT MMI (M\u00e9tier du multim\u00e9dia et de l&rsquo;internet) de Dijon.\u00a0<\/span><span style=\"color: #ffffff; font-size: 14px;\">En dehors des \u00e9tudes, je suis interess\u00e9 par diff\u00e9rents domaines comme:\u00a0<\/span><\/span><\/p>\n<p><span style=\"color: #ffffff; font-family: Verdana; font-weight: normal;\"><\/span><\/p>\n<p><span style=\"color: #ffffff; font-family: Verdana; font-weight: normal;\">\u2022 Je suis passionn\u00e9 par la musique \u00e9lectronique depuis maintenant plusieurs ann\u00e9es.\u00a0\u00a0<\/span><\/p>\n<p><span style=\"color: #ffffff; font-family: Verdana; font-weight: normal;\">\u2022 J&rsquo;ai pratiqu\u00e9 pendant cinq ans du Judo et du badminton pendant deux ans.\u00a0<\/span><\/p>\n<p><span style=\"color: #ffffff; font-family: Verdana; font-weight: normal;\">\u2022 Je suis passionn\u00e9 par la s\u00e9curit\u00e9 informatique depuis plus de quatre ans.<\/span><\/p>\n<p><span style=\"color: #ffffff;\"><\/span><\/p>\n<h4><span style=\"text-decoration: underline; font-family: Verdana; font-weight: normal;\"><span style=\"color: #ffffff; text-decoration: underline;\">Comp\u00e9tences:<\/span><\/span><\/h4>\n<p><span style=\"text-decoration: underline; font-family: Verdana; font-weight: normal;\"><span style=\"color: #ffffff; text-decoration: underline;\"><\/span><\/span><\/p>\n<p><span style=\"color: #ffffff; font-family: Verdana; font-weight: normal;\">\u2022 J&rsquo;ai un niveau B2 en Anglais et un niveau A2 en espagnol.\u00a0<\/span><\/p>\n<p><span style=\"color: #ffffff; font-family: Verdana; font-weight: normal;\">\u2022 J&rsquo;ai eu l&rsquo;occasion de me familiariser au cours des derni\u00e8res ann\u00e9es avec diff\u00e9rents langages de programmation: HTML\/CSS\/JS\/SQL\/PHP<\/span><\/p>\n<h4><span style=\"text-decoration: underline; color: #ffffff;\">Projets:<\/span><\/h4>\n<p><span style=\"text-decoration: underline; color: #ffffff;\"><\/span><\/p>\n<p><span style=\"color: #ffffff;\">Au cours de mes ann\u00e9es d&rsquo;\u00e9tudes, j&rsquo;ai pu r\u00e9aliser diff\u00e9rents projets. J&rsquo;ai eu par exemple l&rsquo;occasion de r\u00e9aliser la maquette d&rsquo;un site web:\u00a0<\/span><\/p>\n<p><span style=\"color: #ffffff;\"><\/span><\/p>\n<p>[\/et_pb_text][et_pb_image src=\u00a0\u00bbhttps:\/\/projet.alexandre-riffault.fr\/starwars\/wp-content\/uploads\/2019\/03\/Accueil.png\u00a0\u00bb _builder_version=\u00a0\u00bb3.21&Prime; box_shadow_style=\u00a0\u00bbpreset3&Prime;][\/et_pb_image][et_pb_image src=\u00a0\u00bbhttps:\/\/projet.alexandre-riffault.fr\/starwars\/wp-content\/uploads\/2019\/03\/Inscription.png\u00a0\u00bb _builder_version=\u00a0\u00bb3.21&Prime; box_shadow_style=\u00a0\u00bbpreset3&Prime;][\/et_pb_image][\/et_pb_column][\/et_pb_row][et_pb_row _builder_version=\u00a0\u00bb3.21&Prime;][et_pb_column type=\u00a0\u00bb4_4&Prime; _builder_version=\u00a0\u00bb3.21&Prime;][et_pb_text _builder_version=\u00a0\u00bb3.21&Prime;]<\/p>\n<p><span color=\"#ffffff\" style=\"color: #ffffff; font-family: Verdana;\">Dans le cadre de projet personnel, j&rsquo;ai eu l&rsquo;occasion de collaborer avec plusieurs entreprises enfin d&rsquo;am\u00e9liorer la s\u00e9curit\u00e9 de leurs syst\u00e8mes d&rsquo;informations:\u00a0<\/span><\/p>\n<blockquote>\n<h4><a href=\"https:\/\/helpx.adobe.com\/fr\/security\/products\/connect\/apsb17-22.html\"><span style=\"color: #ffffff; font-family: Verdana;\">Bulletin de s\u00e9curit\u00e9 Adobe (<span>APSB17-22)<\/span>:\u00a0\u00a0<\/span><\/a><span color=\"#ffffff\" style=\"color: #ffffff;\"><\/span><\/h4>\n<\/blockquote>\n<p><span color=\"#ffffff\" style=\"color: #ffffff;\"><\/span><\/p>\n<p>[\/et_pb_text][et_pb_image src=\u00a0\u00bbhttps:\/\/projet.alexandre-riffault.fr\/starwars\/wp-content\/uploads\/2019\/03\/adobe.jpg\u00a0\u00bb _builder_version=\u00a0\u00bb3.21&Prime;][\/et_pb_image][et_pb_text _builder_version=\u00a0\u00bb3.21&Prime;]<\/p>\n<blockquote>\n<h4><a href=\"https:\/\/www.tomtom.com\/fr_fr\/responsibledisclosure\/\"><span color=\"#ffffff\" face=\"Verdana\" style=\"color: #ffffff; font-family: Verdana;\">Tomtom.com security Hall of fame<\/span><\/a><\/h4>\n<\/blockquote>\n<p><span style=\"font-family: Verdana;\"><\/span><\/p>\n<p>[\/et_pb_text][et_pb_image src=\u00a0\u00bbhttps:\/\/projet.alexandre-riffault.fr\/starwars\/wp-content\/uploads\/2019\/03\/tomtom.jpg\u00a0\u00bb _builder_version=\u00a0\u00bb3.21&Prime;][\/et_pb_image][\/et_pb_column][\/et_pb_row][et_pb_row _builder_version=\u00a0\u00bb3.21&Prime;][et_pb_column type=\u00a0\u00bb4_4&Prime; _builder_version=\u00a0\u00bb3.21&Prime;][et_pb_text _builder_version=\u00a0\u00bb3.21&Prime;]<\/p>\n<blockquote>\n<h4><a href=\"https:\/\/cert.europa.eu\/cert\/newsletter\/fr\/latest_HallOfFame_.html\"><span style=\"color: #ffffff;\">CERT-EU security Hall of fame\u00a0<\/span><\/a><\/h4>\n<\/blockquote>\n<p><span style=\"color: #ffffff;\"><\/span><\/p>\n<p>[\/et_pb_text][et_pb_image src=\u00a0\u00bbhttps:\/\/projet.alexandre-riffault.fr\/starwars\/wp-content\/uploads\/2019\/03\/cert1.jpg\u00a0\u00bb _builder_version=\u00a0\u00bb3.21&Prime;][\/et_pb_image][et_pb_image src=\u00a0\u00bbhttps:\/\/projet.alexandre-riffault.fr\/starwars\/wp-content\/uploads\/2019\/03\/cert2.jpg\u00a0\u00bb _builder_version=\u00a0\u00bb3.21&Prime;][\/et_pb_image][\/et_pb_column][\/et_pb_row][\/et_pb_section]<\/p>\n","protected":false},"excerpt":{"rendered":"<p>[et_pb_section fb_built=\u00a0\u00bb1&Prime; _builder_version=\u00a0\u00bb3.21&Prime; background_color=\u00a0\u00bb#2c3e50&Prime;][et_pb_row _builder_version=\u00a0\u00bb3.21&Prime; background_color=\u00a0\u00bb#2c3e50&Prime;][et_pb_column type=\u00a0\u00bb4_4&Prime; _builder_version=\u00a0\u00bb3.0.47&Prime;][et_pb_text _builder_version=\u00a0\u00bb3.21&Prime; text_text_color=\u00a0\u00bb#ffffff\u00a0\u00bb] Alexis LABORIER | Etudiant en MMI | Universit\u00e9 de bourgogne [\/et_pb_text][et_pb_image src=\u00a0\u00bbhttps:\/\/projet.alexandre-riffault.fr\/starwars\/wp-content\/uploads\/2019\/03\/icons8-linkedin-40.png\u00a0\u00bb _builder_version=\u00a0\u00bb3.21&Prime; url=\u00a0\u00bbhttps:\/\/linkedin.com\/in\/alexislaborier\u00a0\u00bb][\/et_pb_image][\/et_pb_column][\/et_pb_row][et_pb_row custom_padding=\u00a0\u00bb27px|0px|26px|0px|false|false\u00a0\u00bb _builder_version=\u00a0\u00bb3.21&Prime;][et_pb_column type=\u00a0\u00bb4_4&Prime; _builder_version=\u00a0\u00bb3.0.47&Prime;][et_pb_text _builder_version=\u00a0\u00bb3.21&Prime; text_text_color=\u00a0\u00bb#e09900&Prime; inline_fonts=\u00a0\u00bbVerdana\u00a0\u00bb] A propos de moi : J&rsquo;ai 19 ans. Je suis \u00e9tudiant \u00e0 l&rsquo;universit\u00e9 de bourgogne au sein du DUT MMI (M\u00e9tier du multim\u00e9dia et [&hellip;]<\/p>\n","protected":false},"author":1,"featured_media":0,"parent":0,"menu_order":0,"comment_status":"closed","ping_status":"closed","template":"","meta":{"_et_pb_use_builder":"on","_et_pb_old_content":""},"yoast_head":"<!-- This site is optimized with the Yoast SEO plugin v19.4 - https:\/\/yoast.com\/wordpress\/plugins\/seo\/ -->\n<title>Alexis LABORIER &ndash; Star wars<\/title>\n<meta name=\"robots\" content=\"index, follow, max-snippet:-1, max-image-preview:large, max-video-preview:-1\" \/>\n<link rel=\"canonical\" href=\"https:\/\/projet.alexandre-riffault.fr\/starwars\/alexis-laborier\/\" \/>\n<meta property=\"og:locale\" content=\"fr_FR\" \/>\n<meta property=\"og:type\" content=\"article\" \/>\n<meta property=\"og:title\" content=\"Alexis LABORIER &ndash; Star wars\" \/>\n<meta property=\"og:description\" content=\"[et_pb_section fb_built=\u00a0\u00bb1&Prime; _builder_version=\u00a0\u00bb3.21&Prime; background_color=\u00a0\u00bb#2c3e50&Prime;][et_pb_row _builder_version=\u00a0\u00bb3.21&Prime; background_color=\u00a0\u00bb#2c3e50&Prime;][et_pb_column type=\u00a0\u00bb4_4&Prime; _builder_version=\u00a0\u00bb3.0.47&Prime;][et_pb_text _builder_version=\u00a0\u00bb3.21&Prime; text_text_color=\u00a0\u00bb#ffffff\u00a0\u00bb] Alexis LABORIER | Etudiant en MMI | Universit\u00e9 de bourgogne [\/et_pb_text][et_pb_image src=\u00a0\u00bbhttps:\/\/projet.alexandre-riffault.fr\/starwars\/wp-content\/uploads\/2019\/03\/icons8-linkedin-40.png\u00a0\u00bb _builder_version=\u00a0\u00bb3.21&Prime; url=\u00a0\u00bbhttps:\/\/linkedin.com\/in\/alexislaborier\u00a0\u00bb][\/et_pb_image][\/et_pb_column][\/et_pb_row][et_pb_row custom_padding=\u00a0\u00bb27px|0px|26px|0px|false|false\u00a0\u00bb _builder_version=\u00a0\u00bb3.21&Prime;][et_pb_column type=\u00a0\u00bb4_4&Prime; _builder_version=\u00a0\u00bb3.0.47&Prime;][et_pb_text _builder_version=\u00a0\u00bb3.21&Prime; text_text_color=\u00a0\u00bb#e09900&Prime; inline_fonts=\u00a0\u00bbVerdana\u00a0\u00bb] A propos de moi : J&rsquo;ai 19 ans. Je suis \u00e9tudiant \u00e0 l&rsquo;universit\u00e9 de bourgogne au sein du DUT MMI (M\u00e9tier du multim\u00e9dia et [&hellip;]\" \/>\n<meta property=\"og:url\" content=\"https:\/\/projet.alexandre-riffault.fr\/starwars\/alexis-laborier\/\" \/>\n<meta property=\"og:site_name\" content=\"Star wars\" \/>\n<meta property=\"article:modified_time\" content=\"2019-05-08T12:42:59+00:00\" \/>\n<meta name=\"twitter:card\" content=\"summary_large_image\" \/>\n<meta name=\"twitter:label1\" content=\"Dur\u00e9e de lecture estim\u00e9e\" \/>\n\t<meta name=\"twitter:data1\" content=\"2 minutes\" \/>\n<script type=\"application\/ld+json\" class=\"yoast-schema-graph\">{\"@context\":\"https:\/\/schema.org\",\"@graph\":[{\"@type\":\"Organization\",\"@id\":\"https:\/\/projet.alexandre-riffault.fr\/starwars\/#organization\",\"name\":\"Star wars galaxy road\",\"url\":\"https:\/\/projet.alexandre-riffault.fr\/starwars\/\",\"sameAs\":[],\"logo\":{\"@type\":\"ImageObject\",\"inLanguage\":\"fr-FR\",\"@id\":\"https:\/\/projet.alexandre-riffault.fr\/starwars\/#\/schema\/logo\/image\/\",\"url\":\"https:\/\/projet.alexandre-riffault.fr\/starwars\/wp-content\/uploads\/2019\/05\/logo-projet-S.png\",\"contentUrl\":\"https:\/\/projet.alexandre-riffault.fr\/starwars\/wp-content\/uploads\/2019\/05\/logo-projet-S.png\",\"width\":413,\"height\":248,\"caption\":\"Star wars galaxy road\"},\"image\":{\"@id\":\"https:\/\/projet.alexandre-riffault.fr\/starwars\/#\/schema\/logo\/image\/\"}},{\"@type\":\"WebSite\",\"@id\":\"https:\/\/projet.alexandre-riffault.fr\/starwars\/#website\",\"url\":\"https:\/\/projet.alexandre-riffault.fr\/starwars\/\",\"name\":\"Star wars\",\"description\":\"\",\"publisher\":{\"@id\":\"https:\/\/projet.alexandre-riffault.fr\/starwars\/#organization\"},\"potentialAction\":[{\"@type\":\"SearchAction\",\"target\":{\"@type\":\"EntryPoint\",\"urlTemplate\":\"https:\/\/projet.alexandre-riffault.fr\/starwars\/?s={search_term_string}\"},\"query-input\":\"required name=search_term_string\"}],\"inLanguage\":\"fr-FR\"},{\"@type\":\"WebPage\",\"@id\":\"https:\/\/projet.alexandre-riffault.fr\/starwars\/alexis-laborier\/\",\"url\":\"https:\/\/projet.alexandre-riffault.fr\/starwars\/alexis-laborier\/\",\"name\":\"Alexis LABORIER &ndash; Star wars\",\"isPartOf\":{\"@id\":\"https:\/\/projet.alexandre-riffault.fr\/starwars\/#website\"},\"datePublished\":\"2019-03-18T15:49:02+00:00\",\"dateModified\":\"2019-05-08T12:42:59+00:00\",\"breadcrumb\":{\"@id\":\"https:\/\/projet.alexandre-riffault.fr\/starwars\/alexis-laborier\/#breadcrumb\"},\"inLanguage\":\"fr-FR\",\"potentialAction\":[{\"@type\":\"ReadAction\",\"target\":[\"https:\/\/projet.alexandre-riffault.fr\/starwars\/alexis-laborier\/\"]}]},{\"@type\":\"BreadcrumbList\",\"@id\":\"https:\/\/projet.alexandre-riffault.fr\/starwars\/alexis-laborier\/#breadcrumb\",\"itemListElement\":[{\"@type\":\"ListItem\",\"position\":1,\"name\":\"Accueil\",\"item\":\"https:\/\/projet.alexandre-riffault.fr\/starwars\/\"},{\"@type\":\"ListItem\",\"position\":2,\"name\":\"Alexis LABORIER\"}]}]}<\/script>\n<!-- \/ Yoast SEO plugin. -->","yoast_head_json":{"title":"Alexis LABORIER &ndash; Star wars","robots":{"index":"index","follow":"follow","max-snippet":"max-snippet:-1","max-image-preview":"max-image-preview:large","max-video-preview":"max-video-preview:-1"},"canonical":"https:\/\/projet.alexandre-riffault.fr\/starwars\/alexis-laborier\/","og_locale":"fr_FR","og_type":"article","og_title":"Alexis LABORIER &ndash; Star wars","og_description":"[et_pb_section fb_built=\u00a0\u00bb1&Prime; _builder_version=\u00a0\u00bb3.21&Prime; background_color=\u00a0\u00bb#2c3e50&Prime;][et_pb_row _builder_version=\u00a0\u00bb3.21&Prime; background_color=\u00a0\u00bb#2c3e50&Prime;][et_pb_column type=\u00a0\u00bb4_4&Prime; _builder_version=\u00a0\u00bb3.0.47&Prime;][et_pb_text _builder_version=\u00a0\u00bb3.21&Prime; text_text_color=\u00a0\u00bb#ffffff\u00a0\u00bb] Alexis LABORIER | Etudiant en MMI | Universit\u00e9 de bourgogne [\/et_pb_text][et_pb_image src=\u00a0\u00bbhttps:\/\/projet.alexandre-riffault.fr\/starwars\/wp-content\/uploads\/2019\/03\/icons8-linkedin-40.png\u00a0\u00bb _builder_version=\u00a0\u00bb3.21&Prime; url=\u00a0\u00bbhttps:\/\/linkedin.com\/in\/alexislaborier\u00a0\u00bb][\/et_pb_image][\/et_pb_column][\/et_pb_row][et_pb_row custom_padding=\u00a0\u00bb27px|0px|26px|0px|false|false\u00a0\u00bb _builder_version=\u00a0\u00bb3.21&Prime;][et_pb_column type=\u00a0\u00bb4_4&Prime; _builder_version=\u00a0\u00bb3.0.47&Prime;][et_pb_text _builder_version=\u00a0\u00bb3.21&Prime; text_text_color=\u00a0\u00bb#e09900&Prime; inline_fonts=\u00a0\u00bbVerdana\u00a0\u00bb] A propos de moi : J&rsquo;ai 19 ans. Je suis \u00e9tudiant \u00e0 l&rsquo;universit\u00e9 de bourgogne au sein du DUT MMI (M\u00e9tier du multim\u00e9dia et [&hellip;]","og_url":"https:\/\/projet.alexandre-riffault.fr\/starwars\/alexis-laborier\/","og_site_name":"Star wars","article_modified_time":"2019-05-08T12:42:59+00:00","twitter_card":"summary_large_image","twitter_misc":{"Dur\u00e9e de lecture estim\u00e9e":"2 minutes"},"schema":{"@context":"https:\/\/schema.org","@graph":[{"@type":"Organization","@id":"https:\/\/projet.alexandre-riffault.fr\/starwars\/#organization","name":"Star wars galaxy road","url":"https:\/\/projet.alexandre-riffault.fr\/starwars\/","sameAs":[],"logo":{"@type":"ImageObject","inLanguage":"fr-FR","@id":"https:\/\/projet.alexandre-riffault.fr\/starwars\/#\/schema\/logo\/image\/","url":"https:\/\/projet.alexandre-riffault.fr\/starwars\/wp-content\/uploads\/2019\/05\/logo-projet-S.png","contentUrl":"https:\/\/projet.alexandre-riffault.fr\/starwars\/wp-content\/uploads\/2019\/05\/logo-projet-S.png","width":413,"height":248,"caption":"Star wars galaxy road"},"image":{"@id":"https:\/\/projet.alexandre-riffault.fr\/starwars\/#\/schema\/logo\/image\/"}},{"@type":"WebSite","@id":"https:\/\/projet.alexandre-riffault.fr\/starwars\/#website","url":"https:\/\/projet.alexandre-riffault.fr\/starwars\/","name":"Star wars","description":"","publisher":{"@id":"https:\/\/projet.alexandre-riffault.fr\/starwars\/#organization"},"potentialAction":[{"@type":"SearchAction","target":{"@type":"EntryPoint","urlTemplate":"https:\/\/projet.alexandre-riffault.fr\/starwars\/?s={search_term_string}"},"query-input":"required name=search_term_string"}],"inLanguage":"fr-FR"},{"@type":"WebPage","@id":"https:\/\/projet.alexandre-riffault.fr\/starwars\/alexis-laborier\/","url":"https:\/\/projet.alexandre-riffault.fr\/starwars\/alexis-laborier\/","name":"Alexis LABORIER &ndash; Star wars","isPartOf":{"@id":"https:\/\/projet.alexandre-riffault.fr\/starwars\/#website"},"datePublished":"2019-03-18T15:49:02+00:00","dateModified":"2019-05-08T12:42:59+00:00","breadcrumb":{"@id":"https:\/\/projet.alexandre-riffault.fr\/starwars\/alexis-laborier\/#breadcrumb"},"inLanguage":"fr-FR","potentialAction":[{"@type":"ReadAction","target":["https:\/\/projet.alexandre-riffault.fr\/starwars\/alexis-laborier\/"]}]},{"@type":"BreadcrumbList","@id":"https:\/\/projet.alexandre-riffault.fr\/starwars\/alexis-laborier\/#breadcrumb","itemListElement":[{"@type":"ListItem","position":1,"name":"Accueil","item":"https:\/\/projet.alexandre-riffault.fr\/starwars\/"},{"@type":"ListItem","position":2,"name":"Alexis LABORIER"}]}]}},"_links":{"self":[{"href":"https:\/\/projet.alexandre-riffault.fr\/starwars\/wp-json\/wp\/v2\/pages\/132"}],"collection":[{"href":"https:\/\/projet.alexandre-riffault.fr\/starwars\/wp-json\/wp\/v2\/pages"}],"about":[{"href":"https:\/\/projet.alexandre-riffault.fr\/starwars\/wp-json\/wp\/v2\/types\/page"}],"author":[{"embeddable":true,"href":"https:\/\/projet.alexandre-riffault.fr\/starwars\/wp-json\/wp\/v2\/users\/1"}],"replies":[{"embeddable":true,"href":"https:\/\/projet.alexandre-riffault.fr\/starwars\/wp-json\/wp\/v2\/comments?post=132"}],"version-history":[{"count":33,"href":"https:\/\/projet.alexandre-riffault.fr\/starwars\/wp-json\/wp\/v2\/pages\/132\/revisions"}],"predecessor-version":[{"id":335,"href":"https:\/\/projet.alexandre-riffault.fr\/starwars\/wp-json\/wp\/v2\/pages\/132\/revisions\/335"}],"wp:attachment":[{"href":"https:\/\/projet.alexandre-riffault.fr\/starwars\/wp-json\/wp\/v2\/media?parent=132"}],"curies":[{"name":"wp","href":"https:\/\/api.w.org\/{rel}","templated":true}]}}