{"id":147,"date":"2019-03-25T14:00:38","date_gmt":"2019-03-25T13:00:38","guid":{"rendered":"https:\/\/projet.alexandre-riffault.fr\/starwars\/?page_id=147"},"modified":"2019-05-23T18:46:11","modified_gmt":"2019-05-23T16:46:11","slug":"louis-germain","status":"publish","type":"page","link":"https:\/\/projet.alexandre-riffault.fr\/starwars\/louis-germain\/","title":{"rendered":"Louis Germain"},"content":{"rendered":"<p>[et_pb_section fb_built=\u00a0\u00bb1&Prime; _builder_version=\u00a0\u00bb3.21&Prime; background_color=\u00a0\u00bb#00635b\u00a0\u00bb][et_pb_row _builder_version=\u00a0\u00bb3.21&Prime;][et_pb_column type=\u00a0\u00bb4_4&Prime; _builder_version=\u00a0\u00bb3.21&Prime;][et_pb_text module_class=\u00a0\u00bbtitre\u00a0\u00bb _builder_version=\u00a0\u00bb3.21&Prime; text_font=\u00a0\u00bb||||||||\u00a0\u00bb text_text_color=\u00a0\u00bb#ffffff\u00a0\u00bb text_font_size=\u00a0\u00bb100px\u00a0\u00bb text_text_shadow_style=\u00a0\u00bbpreset4&Prime; header_font=\u00a0\u00bb||||||||\u00a0\u00bb]<\/p>\n<p style=\"text-align: center;\"><strong>LOUIS GERMAIN<\/strong><\/p>\n<p>[\/et_pb_text][\/et_pb_column][\/et_pb_row][et_pb_row _builder_version=\u00a0\u00bb3.21&Prime; custom_margin=\u00a0\u00bb5%||\u00a0\u00bb][et_pb_column type=\u00a0\u00bb1_3&Prime; _builder_version=\u00a0\u00bb3.21&Prime;][et_pb_circle_counter title=\u00a0\u00bbProgrammation\u00a0\u00bb number=\u00a0\u00bb30&Prime; bar_bg_color=\u00a0\u00bb#ffffff\u00a0\u00bb circle_color=\u00a0\u00bb#0c71c3&Prime; circle_color_alpha=\u00a0\u00bb0.2&Prime; _builder_version=\u00a0\u00bb3.21&Prime; background_layout=\u00a0\u00bbdark\u00a0\u00bb text_shadow_style=\u00a0\u00bbpreset1&Prime; text_shadow_color=\u00a0\u00bb#000000&Prime; title_font=\u00a0\u00bb||||||||\u00a0\u00bb title_font_size=\u00a0\u00bb30px\u00a0\u00bb module_class=\u00a0\u00bbcercle\u00a0\u00bb number_font=\u00a0\u00bb||||||||\u00a0\u00bb number_text_color__hover_enabled=\u00a0\u00bbon\u00a0\u00bb number_text_color__hover=\u00a0\u00bb#e09900&Prime;][\/et_pb_circle_counter][\/et_pb_column][et_pb_column type=\u00a0\u00bb1_3&Prime; _builder_version=\u00a0\u00bb3.21&Prime;][et_pb_circle_counter title=\u00a0\u00bbJeux vid\u00e9os\u00a0\u00bb number=\u00a0\u00bb25&Prime; bar_bg_color=\u00a0\u00bb#ffffff\u00a0\u00bb circle_color=\u00a0\u00bb#0c71c3&Prime; circle_color_alpha=\u00a0\u00bb0.2&Prime; _builder_version=\u00a0\u00bb3.21&Prime; background_layout=\u00a0\u00bbdark\u00a0\u00bb text_shadow_style=\u00a0\u00bbpreset1&Prime; text_shadow_color=\u00a0\u00bb#000000&Prime; title_font=\u00a0\u00bb||||||||\u00a0\u00bb title_font_size=\u00a0\u00bb30px\u00a0\u00bb module_class=\u00a0\u00bbcercle\u00a0\u00bb number_font=\u00a0\u00bb||||||||\u00a0\u00bb number_text_color__hover_enabled=\u00a0\u00bbon\u00a0\u00bb number_text_color__hover=\u00a0\u00bb#e02b20&Prime;][\/et_pb_circle_counter][\/et_pb_column][et_pb_column type=\u00a0\u00bb1_3&Prime; _builder_version=\u00a0\u00bb3.21&Prime;][et_pb_circle_counter title=\u00a0\u00bbFootball\u00a0\u00bb number=\u00a0\u00bb45&Prime; bar_bg_color=\u00a0\u00bb#ffffff\u00a0\u00bb circle_color=\u00a0\u00bb#0c71c3&Prime; circle_color_alpha=\u00a0\u00bb0.2&Prime; _builder_version=\u00a0\u00bb3.21&Prime; background_layout=\u00a0\u00bbdark\u00a0\u00bb text_shadow_style=\u00a0\u00bbpreset1&Prime; text_shadow_color=\u00a0\u00bb#000000&Prime; title_font=\u00a0\u00bb||||||||\u00a0\u00bb title_font_size=\u00a0\u00bb30px\u00a0\u00bb module_class=\u00a0\u00bbcercle\u00a0\u00bb number_font=\u00a0\u00bb||||||||\u00a0\u00bb number_text_color__hover_enabled=\u00a0\u00bbon\u00a0\u00bb number_text_color__hover=\u00a0\u00bb#0c71c3&Prime;][\/et_pb_circle_counter][\/et_pb_column][\/et_pb_row][\/et_pb_section][et_pb_section fb_built=\u00a0\u00bb1&Prime; _builder_version=\u00a0\u00bb3.21&Prime; background_color=\u00a0\u00bb#044e87&Prime; custom_padding=\u00a0\u00bb0|0px|0|0px|true|false\u00a0\u00bb][et_pb_row _builder_version=\u00a0\u00bb3.21&Prime;][et_pb_column type=\u00a0\u00bb4_4&Prime; _builder_version=\u00a0\u00bb3.21&Prime;][et_pb_text text_font_size=\u00a0\u00bb45px\u00a0\u00bb text_letter_spacing=\u00a0\u00bb4px\u00a0\u00bb text_line_height=\u00a0\u00bb1.8em\u00a0\u00bb text_text_shadow_style=\u00a0\u00bbpreset5&Prime; _builder_version=\u00a0\u00bb3.21&Prime; text_font=\u00a0\u00bb||||||||\u00a0\u00bb text_text_color=\u00a0\u00bb#ffffff\u00a0\u00bb]<\/p>\n<p style=\"text-align: center;\">Projet Rocket Raccon<\/p>\n<p>[\/et_pb_text][\/et_pb_column][\/et_pb_row][et_pb_row _builder_version=\u00a0\u00bb3.21&Prime; animation_style=\u00a0\u00bbslide\u00a0\u00bb animation_duration=\u00a0\u00bb300ms\u00a0\u00bb module_class=\u00a0\u00bbrocket\u00a0\u00bb][et_pb_column type=\u00a0\u00bb4_4&Prime; _builder_version=\u00a0\u00bb3.21&Prime;][et_pb_image src=\u00a0\u00bbhttps:\/\/projet.alexandre-riffault.fr\/starwars\/wp-content\/uploads\/2019\/03\/Sans-titre.png\u00a0\u00bb url=\u00a0\u00bbhttp:\/\/rocketraccoon.000webhostapp.com\u00a0\u00bb _builder_version=\u00a0\u00bb3.21&Prime; box_shadow_style=\u00a0\u00bbpreset2&Prime; box_shadow_blur=\u00a0\u00bb22px\u00a0\u00bb box_shadow_spread=\u00a0\u00bb-3px\u00a0\u00bb box_shadow_color=\u00a0\u00bb#000000&Prime;][\/et_pb_image][\/et_pb_column][\/et_pb_row][et_pb_row use_custom_width=\u00a0\u00bbon\u00a0\u00bb width_unit=\u00a0\u00bboff\u00a0\u00bb custom_width_percent=\u00a0\u00bb50%\u00a0\u00bb _builder_version=\u00a0\u00bb3.21&Prime;][et_pb_column type=\u00a0\u00bb4_4&Prime; _builder_version=\u00a0\u00bb3.21&Prime;][et_pb_text _builder_version=\u00a0\u00bb3.21&Prime;]<\/p>\n<p><span style=\"color: #ffffff; font-size: large;\">Le but du projet \u00e9tait de cr\u00e9er un one page, c&rsquo;est \u00e0 dire un site sur une seule page. Il contient un menu burger qui permet de naviguer dans les diff\u00e9rentes sections du site. Ce site \u00e0 pour but de pr\u00e9senter le personnage de Rocket Raccoon. Il contient les films et les s\u00e9ries dans lesquels le personnage est apparu.<\/span><\/p>\n<p>[\/et_pb_text][\/et_pb_column][\/et_pb_row][\/et_pb_section][et_pb_section fb_built=\u00a0\u00bb1&Prime; _builder_version=\u00a0\u00bb3.21&Prime; background_color=\u00a0\u00bb#e01e14&Prime; custom_padding=\u00a0\u00bb||15%\u00a0\u00bb][et_pb_row _builder_version=\u00a0\u00bb3.21&Prime;][et_pb_column type=\u00a0\u00bb4_4&Prime; _builder_version=\u00a0\u00bb3.21&Prime;][et_pb_text text_font_size=\u00a0\u00bb45px\u00a0\u00bb text_letter_spacing=\u00a0\u00bb4px\u00a0\u00bb text_line_height=\u00a0\u00bb1.8em\u00a0\u00bb text_text_shadow_style=\u00a0\u00bbpreset5&Prime; _builder_version=\u00a0\u00bb3.21&Prime; text_font=\u00a0\u00bb||||||||\u00a0\u00bb text_text_color=\u00a0\u00bb#ffffff\u00a0\u00bb]<\/p>\n<p style=\"text-align: center;\">Projet Norgaard<\/p>\n<p>[\/et_pb_text][\/et_pb_column][\/et_pb_row][et_pb_row _builder_version=\u00a0\u00bb3.21&Prime; custom_padding=\u00a0\u00bb27px|0px|27px|0px|false|false\u00a0\u00bb][et_pb_column type=\u00a0\u00bb1_3&Prime; _builder_version=\u00a0\u00bb3.21&Prime;][et_pb_image src=\u00a0\u00bbhttps:\/\/projet.alexandre-riffault.fr\/starwars\/wp-content\/uploads\/2019\/05\/sac.jpg\u00a0\u00bb module_class=\u00a0\u00bbnorgaard\u00a0\u00bb _builder_version=\u00a0\u00bb3.21&Prime;][\/et_pb_image][et_pb_text text_font_size=\u00a0\u00bb16px\u00a0\u00bb text_text_shadow_style=\u00a0\u00bbpreset2&Prime; _builder_version=\u00a0\u00bb3.21&Prime; text_font=\u00a0\u00bb||||||||\u00a0\u00bb text_text_shadow_horizontal_length=\u00a0\u00bb0.24em\u00a0\u00bb text_text_shadow_vertical_length=\u00a0\u00bb0.17em\u00a0\u00bb text_text_shadow_blur_strength=\u00a0\u00bb0.16em\u00a0\u00bb header_font=\u00a0\u00bb||||||||\u00a0\u00bb]<\/p>\n<p style=\"text-align: center;\"><span style=\"color: #ffffff;\">Mockup du sac apr\u00e8s achat de la marque.<\/span><\/p>\n<p>[\/et_pb_text][\/et_pb_column][et_pb_column type=\u00a0\u00bb1_3&Prime; _builder_version=\u00a0\u00bb3.21&Prime;][et_pb_image src=\u00a0\u00bbhttps:\/\/projet.alexandre-riffault.fr\/starwars\/wp-content\/uploads\/2019\/05\/carte-de-visite.jpg\u00a0\u00bb module_class=\u00a0\u00bbnorgaard\u00a0\u00bb _builder_version=\u00a0\u00bb3.21&Prime;][\/et_pb_image][et_pb_text text_font_size=\u00a0\u00bb16px\u00a0\u00bb text_text_shadow_style=\u00a0\u00bbpreset2&Prime; _builder_version=\u00a0\u00bb3.21&Prime; text_font=\u00a0\u00bb||||||||\u00a0\u00bb text_text_shadow_horizontal_length=\u00a0\u00bb0.24em\u00a0\u00bb text_text_shadow_vertical_length=\u00a0\u00bb0.17em\u00a0\u00bb text_text_shadow_blur_strength=\u00a0\u00bb0.16em\u00a0\u00bb header_font=\u00a0\u00bb||||||||\u00a0\u00bb]<\/p>\n<p style=\"text-align: center;\"><span style=\"color: #ffffff;\">Mockup de la carte de visite de la marque.<\/span><\/p>\n<p>[\/et_pb_text][\/et_pb_column][et_pb_column type=\u00a0\u00bb1_3&Prime; _builder_version=\u00a0\u00bb3.21&Prime;][et_pb_image src=\u00a0\u00bbhttps:\/\/projet.alexandre-riffault.fr\/starwars\/wp-content\/uploads\/2019\/05\/enseigne.jpg\u00a0\u00bb module_class=\u00a0\u00bbnorgaard\u00a0\u00bb _builder_version=\u00a0\u00bb3.21&Prime;][\/et_pb_image][et_pb_text text_font_size=\u00a0\u00bb16px\u00a0\u00bb text_text_shadow_style=\u00a0\u00bbpreset2&Prime; _builder_version=\u00a0\u00bb3.21&Prime; text_font=\u00a0\u00bb||||||||\u00a0\u00bb text_text_shadow_horizontal_length=\u00a0\u00bb0.24em\u00a0\u00bb text_text_shadow_vertical_length=\u00a0\u00bb0.17em\u00a0\u00bb text_text_shadow_blur_strength=\u00a0\u00bb0.16em\u00a0\u00bb header_font=\u00a0\u00bb||||||||\u00a0\u00bb]<\/p>\n<p style=\"text-align: center;\"><span style=\"color: #ffffff;\">Mockup de l&rsquo;enseigne de la marque.<\/span><\/p>\n<p>[\/et_pb_text][\/et_pb_column][\/et_pb_row][et_pb_row _builder_version=\u00a0\u00bb3.21&Prime;][et_pb_column type=\u00a0\u00bb4_4&Prime; _builder_version=\u00a0\u00bb3.21&Prime;][\/et_pb_column][\/et_pb_row][\/et_pb_section][et_pb_section fb_built=\u00a0\u00bb1&Prime; _builder_version=\u00a0\u00bb3.21&Prime; background_image=\u00a0\u00bbhttps:\/\/projet.alexandre-riffault.fr\/starwars\/wp-content\/uploads\/2019\/05\/Sans-titre-1.jpg\u00a0\u00bb background_size=\u00a0\u00bbinitial\u00a0\u00bb background_repeat=\u00a0\u00bbrepeat\u00a0\u00bb background_position=\u00a0\u00bbtop_left\u00a0\u00bb custom_padding=\u00a0\u00bb0|0px|54px|0px|false|false\u00a0\u00bb][et_pb_row _builder_version=\u00a0\u00bb3.21&Prime;][et_pb_column type=\u00a0\u00bb4_4&Prime; _builder_version=\u00a0\u00bb3.21&Prime;][et_pb_text text_font_size=\u00a0\u00bb45px\u00a0\u00bb text_letter_spacing=\u00a0\u00bb4px\u00a0\u00bb text_line_height=\u00a0\u00bb1.8em\u00a0\u00bb text_text_shadow_style=\u00a0\u00bbpreset5&Prime; _builder_version=\u00a0\u00bb3.21&Prime; text_font=\u00a0\u00bb||||||||\u00a0\u00bb text_text_color=\u00a0\u00bb#ffffff\u00a0\u00bb custom_margin=\u00a0\u00bb0px||0px|0px\u00a0\u00bb custom_padding=\u00a0\u00bb0px|0px|0px|0px\u00a0\u00bb]<\/p>\n<p style=\"text-align: center;\">Projet Chim\u00e8re<\/p>\n<p>[\/et_pb_text][et_pb_image src=\u00a0\u00bbhttps:\/\/projet.alexandre-riffault.fr\/starwars\/wp-content\/uploads\/2019\/03\/Chim\u00e8re.jpg\u00a0\u00bb _builder_version=\u00a0\u00bb3.21&Prime; background_image=\u00a0\u00bbhttps:\/\/projet.alexandre-riffault.fr\/starwars\/wp-content\/uploads\/2019\/03\/Chim\u00e8re.jpg\u00a0\u00bb parallax=\u00a0\u00bbon\u00a0\u00bb max_width=\u00a0\u00bb53%\u00a0\u00bb module_alignment=\u00a0\u00bbcenter\u00a0\u00bb][\/et_pb_image][\/et_pb_column][\/et_pb_row][\/et_pb_section][et_pb_section fb_built=\u00a0\u00bb1&Prime; background_size=\u00a0\u00bbinitial\u00a0\u00bb background_repeat=\u00a0\u00bbrepeat\u00a0\u00bb _builder_version=\u00a0\u00bb3.21&Prime; background_image=\u00a0\u00bbhttps:\/\/projet.alexandre-riffault.fr\/starwars\/wp-content\/uploads\/2019\/05\/Copie-de-Sans-titre-4.png\u00a0\u00bb][et_pb_row _builder_version=\u00a0\u00bb3.21&Prime;][et_pb_column type=\u00a0\u00bb4_4&Prime; _builder_version=\u00a0\u00bb3.21&Prime;][et_pb_text _builder_version=\u00a0\u00bb3.21&Prime; text_font=\u00a0\u00bb||||||||\u00a0\u00bb text_text_color=\u00a0\u00bb#edf000&Prime; text_font_size=\u00a0\u00bb21px\u00a0\u00bb text_text_shadow_style=\u00a0\u00bbpreset2&Prime;]<\/p>\n<p style=\"text-align: center;\">N&rsquo;h\u00e9sitez pas \u00e0 regarder les pages des autres membres de l&rsquo;\u00e9quipe !<\/p>\n<p style=\"text-align: center;\">\n<p>[\/et_pb_text][\/et_pb_column][\/et_pb_row][\/et_pb_section]<\/p>\n","protected":false},"excerpt":{"rendered":"<p>[et_pb_section fb_built=\u00a0\u00bb1&Prime; _builder_version=\u00a0\u00bb3.21&Prime; background_color=\u00a0\u00bb#00635b\u00a0\u00bb][et_pb_row _builder_version=\u00a0\u00bb3.21&Prime;][et_pb_column type=\u00a0\u00bb4_4&Prime; _builder_version=\u00a0\u00bb3.21&Prime;][et_pb_text module_class=\u00a0\u00bbtitre\u00a0\u00bb _builder_version=\u00a0\u00bb3.21&Prime; text_font=\u00a0\u00bb||||||||\u00a0\u00bb text_text_color=\u00a0\u00bb#ffffff\u00a0\u00bb text_font_size=\u00a0\u00bb100px\u00a0\u00bb text_text_shadow_style=\u00a0\u00bbpreset4&Prime; header_font=\u00a0\u00bb||||||||\u00a0\u00bb] LOUIS GERMAIN [\/et_pb_text][\/et_pb_column][\/et_pb_row][et_pb_row _builder_version=\u00a0\u00bb3.21&Prime; custom_margin=\u00a0\u00bb5%||\u00a0\u00bb][et_pb_column type=\u00a0\u00bb1_3&Prime; _builder_version=\u00a0\u00bb3.21&Prime;][et_pb_circle_counter title=\u00a0\u00bbProgrammation\u00a0\u00bb number=\u00a0\u00bb30&Prime; bar_bg_color=\u00a0\u00bb#ffffff\u00a0\u00bb circle_color=\u00a0\u00bb#0c71c3&Prime; circle_color_alpha=\u00a0\u00bb0.2&Prime; _builder_version=\u00a0\u00bb3.21&Prime; background_layout=\u00a0\u00bbdark\u00a0\u00bb text_shadow_style=\u00a0\u00bbpreset1&Prime; text_shadow_color=\u00a0\u00bb#000000&Prime; title_font=\u00a0\u00bb||||||||\u00a0\u00bb title_font_size=\u00a0\u00bb30px\u00a0\u00bb module_class=\u00a0\u00bbcercle\u00a0\u00bb number_font=\u00a0\u00bb||||||||\u00a0\u00bb number_text_color__hover_enabled=\u00a0\u00bbon\u00a0\u00bb number_text_color__hover=\u00a0\u00bb#e09900&Prime;][\/et_pb_circle_counter][\/et_pb_column][et_pb_column type=\u00a0\u00bb1_3&Prime; _builder_version=\u00a0\u00bb3.21&Prime;][et_pb_circle_counter title=\u00a0\u00bbJeux vid\u00e9os\u00a0\u00bb number=\u00a0\u00bb25&Prime; bar_bg_color=\u00a0\u00bb#ffffff\u00a0\u00bb circle_color=\u00a0\u00bb#0c71c3&Prime; circle_color_alpha=\u00a0\u00bb0.2&Prime; _builder_version=\u00a0\u00bb3.21&Prime; background_layout=\u00a0\u00bbdark\u00a0\u00bb text_shadow_style=\u00a0\u00bbpreset1&Prime; text_shadow_color=\u00a0\u00bb#000000&Prime; title_font=\u00a0\u00bb||||||||\u00a0\u00bb title_font_size=\u00a0\u00bb30px\u00a0\u00bb module_class=\u00a0\u00bbcercle\u00a0\u00bb number_font=\u00a0\u00bb||||||||\u00a0\u00bb number_text_color__hover_enabled=\u00a0\u00bbon\u00a0\u00bb number_text_color__hover=\u00a0\u00bb#e02b20&Prime;][\/et_pb_circle_counter][\/et_pb_column][et_pb_column type=\u00a0\u00bb1_3&Prime; [&hellip;]<\/p>\n","protected":false},"author":3,"featured_media":0,"parent":0,"menu_order":0,"comment_status":"closed","ping_status":"closed","template":"","meta":{"_et_pb_use_builder":"on","_et_pb_old_content":"[et_pb_section bb_built=\"1\"][et_pb_row][\/et_pb_row][\/et_pb_section]"},"yoast_head":"<!-- This site is optimized with the Yoast SEO plugin v19.4 - https:\/\/yoast.com\/wordpress\/plugins\/seo\/ -->\n<title>Louis Germain &ndash; Star wars<\/title>\n<meta name=\"robots\" content=\"index, follow, max-snippet:-1, max-image-preview:large, max-video-preview:-1\" \/>\n<link rel=\"canonical\" href=\"https:\/\/projet.alexandre-riffault.fr\/starwars\/louis-germain\/\" \/>\n<meta property=\"og:locale\" content=\"fr_FR\" \/>\n<meta property=\"og:type\" content=\"article\" \/>\n<meta property=\"og:title\" content=\"Louis Germain &ndash; Star wars\" \/>\n<meta property=\"og:description\" content=\"[et_pb_section fb_built=\u00a0\u00bb1&Prime; _builder_version=\u00a0\u00bb3.21&Prime; background_color=\u00a0\u00bb#00635b\u00a0\u00bb][et_pb_row _builder_version=\u00a0\u00bb3.21&Prime;][et_pb_column type=\u00a0\u00bb4_4&Prime; _builder_version=\u00a0\u00bb3.21&Prime;][et_pb_text module_class=\u00a0\u00bbtitre\u00a0\u00bb _builder_version=\u00a0\u00bb3.21&Prime; text_font=\u00a0\u00bb||||||||\u00a0\u00bb text_text_color=\u00a0\u00bb#ffffff\u00a0\u00bb text_font_size=\u00a0\u00bb100px\u00a0\u00bb text_text_shadow_style=\u00a0\u00bbpreset4&Prime; header_font=\u00a0\u00bb||||||||\u00a0\u00bb] LOUIS GERMAIN [\/et_pb_text][\/et_pb_column][\/et_pb_row][et_pb_row _builder_version=\u00a0\u00bb3.21&Prime; custom_margin=\u00a0\u00bb5%||\u00a0\u00bb][et_pb_column type=\u00a0\u00bb1_3&Prime; _builder_version=\u00a0\u00bb3.21&Prime;][et_pb_circle_counter title=\u00a0\u00bbProgrammation\u00a0\u00bb number=\u00a0\u00bb30&Prime; bar_bg_color=\u00a0\u00bb#ffffff\u00a0\u00bb circle_color=\u00a0\u00bb#0c71c3&Prime; circle_color_alpha=\u00a0\u00bb0.2&Prime; _builder_version=\u00a0\u00bb3.21&Prime; background_layout=\u00a0\u00bbdark\u00a0\u00bb text_shadow_style=\u00a0\u00bbpreset1&Prime; text_shadow_color=\u00a0\u00bb#000000&Prime; title_font=\u00a0\u00bb||||||||\u00a0\u00bb title_font_size=\u00a0\u00bb30px\u00a0\u00bb module_class=\u00a0\u00bbcercle\u00a0\u00bb number_font=\u00a0\u00bb||||||||\u00a0\u00bb number_text_color__hover_enabled=\u00a0\u00bbon\u00a0\u00bb number_text_color__hover=\u00a0\u00bb#e09900&Prime;][\/et_pb_circle_counter][\/et_pb_column][et_pb_column type=\u00a0\u00bb1_3&Prime; _builder_version=\u00a0\u00bb3.21&Prime;][et_pb_circle_counter title=\u00a0\u00bbJeux vid\u00e9os\u00a0\u00bb number=\u00a0\u00bb25&Prime; bar_bg_color=\u00a0\u00bb#ffffff\u00a0\u00bb circle_color=\u00a0\u00bb#0c71c3&Prime; circle_color_alpha=\u00a0\u00bb0.2&Prime; _builder_version=\u00a0\u00bb3.21&Prime; background_layout=\u00a0\u00bbdark\u00a0\u00bb text_shadow_style=\u00a0\u00bbpreset1&Prime; text_shadow_color=\u00a0\u00bb#000000&Prime; title_font=\u00a0\u00bb||||||||\u00a0\u00bb title_font_size=\u00a0\u00bb30px\u00a0\u00bb module_class=\u00a0\u00bbcercle\u00a0\u00bb number_font=\u00a0\u00bb||||||||\u00a0\u00bb number_text_color__hover_enabled=\u00a0\u00bbon\u00a0\u00bb number_text_color__hover=\u00a0\u00bb#e02b20&Prime;][\/et_pb_circle_counter][\/et_pb_column][et_pb_column type=\u00a0\u00bb1_3&Prime; [&hellip;]\" \/>\n<meta property=\"og:url\" content=\"https:\/\/projet.alexandre-riffault.fr\/starwars\/louis-germain\/\" \/>\n<meta property=\"og:site_name\" content=\"Star wars\" \/>\n<meta property=\"article:modified_time\" content=\"2019-05-23T16:46:11+00:00\" \/>\n<meta name=\"twitter:card\" content=\"summary_large_image\" \/>\n<meta name=\"twitter:label1\" content=\"Dur\u00e9e de lecture estim\u00e9e\" \/>\n\t<meta name=\"twitter:data1\" content=\"5 minutes\" \/>\n<script type=\"application\/ld+json\" class=\"yoast-schema-graph\">{\"@context\":\"https:\/\/schema.org\",\"@graph\":[{\"@type\":\"Organization\",\"@id\":\"https:\/\/projet.alexandre-riffault.fr\/starwars\/#organization\",\"name\":\"Star wars galaxy road\",\"url\":\"https:\/\/projet.alexandre-riffault.fr\/starwars\/\",\"sameAs\":[],\"logo\":{\"@type\":\"ImageObject\",\"inLanguage\":\"fr-FR\",\"@id\":\"https:\/\/projet.alexandre-riffault.fr\/starwars\/#\/schema\/logo\/image\/\",\"url\":\"https:\/\/projet.alexandre-riffault.fr\/starwars\/wp-content\/uploads\/2019\/05\/logo-projet-S.png\",\"contentUrl\":\"https:\/\/projet.alexandre-riffault.fr\/starwars\/wp-content\/uploads\/2019\/05\/logo-projet-S.png\",\"width\":413,\"height\":248,\"caption\":\"Star wars galaxy road\"},\"image\":{\"@id\":\"https:\/\/projet.alexandre-riffault.fr\/starwars\/#\/schema\/logo\/image\/\"}},{\"@type\":\"WebSite\",\"@id\":\"https:\/\/projet.alexandre-riffault.fr\/starwars\/#website\",\"url\":\"https:\/\/projet.alexandre-riffault.fr\/starwars\/\",\"name\":\"Star wars\",\"description\":\"\",\"publisher\":{\"@id\":\"https:\/\/projet.alexandre-riffault.fr\/starwars\/#organization\"},\"potentialAction\":[{\"@type\":\"SearchAction\",\"target\":{\"@type\":\"EntryPoint\",\"urlTemplate\":\"https:\/\/projet.alexandre-riffault.fr\/starwars\/?s={search_term_string}\"},\"query-input\":\"required name=search_term_string\"}],\"inLanguage\":\"fr-FR\"},{\"@type\":\"WebPage\",\"@id\":\"https:\/\/projet.alexandre-riffault.fr\/starwars\/louis-germain\/\",\"url\":\"https:\/\/projet.alexandre-riffault.fr\/starwars\/louis-germain\/\",\"name\":\"Louis Germain &ndash; Star wars\",\"isPartOf\":{\"@id\":\"https:\/\/projet.alexandre-riffault.fr\/starwars\/#website\"},\"datePublished\":\"2019-03-25T13:00:38+00:00\",\"dateModified\":\"2019-05-23T16:46:11+00:00\",\"breadcrumb\":{\"@id\":\"https:\/\/projet.alexandre-riffault.fr\/starwars\/louis-germain\/#breadcrumb\"},\"inLanguage\":\"fr-FR\",\"potentialAction\":[{\"@type\":\"ReadAction\",\"target\":[\"https:\/\/projet.alexandre-riffault.fr\/starwars\/louis-germain\/\"]}]},{\"@type\":\"BreadcrumbList\",\"@id\":\"https:\/\/projet.alexandre-riffault.fr\/starwars\/louis-germain\/#breadcrumb\",\"itemListElement\":[{\"@type\":\"ListItem\",\"position\":1,\"name\":\"Accueil\",\"item\":\"https:\/\/projet.alexandre-riffault.fr\/starwars\/\"},{\"@type\":\"ListItem\",\"position\":2,\"name\":\"Louis Germain\"}]}]}<\/script>\n<!-- \/ Yoast SEO plugin. -->","yoast_head_json":{"title":"Louis Germain &ndash; Star wars","robots":{"index":"index","follow":"follow","max-snippet":"max-snippet:-1","max-image-preview":"max-image-preview:large","max-video-preview":"max-video-preview:-1"},"canonical":"https:\/\/projet.alexandre-riffault.fr\/starwars\/louis-germain\/","og_locale":"fr_FR","og_type":"article","og_title":"Louis Germain &ndash; Star wars","og_description":"[et_pb_section fb_built=\u00a0\u00bb1&Prime; _builder_version=\u00a0\u00bb3.21&Prime; background_color=\u00a0\u00bb#00635b\u00a0\u00bb][et_pb_row _builder_version=\u00a0\u00bb3.21&Prime;][et_pb_column type=\u00a0\u00bb4_4&Prime; _builder_version=\u00a0\u00bb3.21&Prime;][et_pb_text module_class=\u00a0\u00bbtitre\u00a0\u00bb _builder_version=\u00a0\u00bb3.21&Prime; text_font=\u00a0\u00bb||||||||\u00a0\u00bb text_text_color=\u00a0\u00bb#ffffff\u00a0\u00bb text_font_size=\u00a0\u00bb100px\u00a0\u00bb text_text_shadow_style=\u00a0\u00bbpreset4&Prime; header_font=\u00a0\u00bb||||||||\u00a0\u00bb] LOUIS GERMAIN [\/et_pb_text][\/et_pb_column][\/et_pb_row][et_pb_row _builder_version=\u00a0\u00bb3.21&Prime; custom_margin=\u00a0\u00bb5%||\u00a0\u00bb][et_pb_column type=\u00a0\u00bb1_3&Prime; _builder_version=\u00a0\u00bb3.21&Prime;][et_pb_circle_counter title=\u00a0\u00bbProgrammation\u00a0\u00bb number=\u00a0\u00bb30&Prime; bar_bg_color=\u00a0\u00bb#ffffff\u00a0\u00bb circle_color=\u00a0\u00bb#0c71c3&Prime; circle_color_alpha=\u00a0\u00bb0.2&Prime; _builder_version=\u00a0\u00bb3.21&Prime; background_layout=\u00a0\u00bbdark\u00a0\u00bb text_shadow_style=\u00a0\u00bbpreset1&Prime; text_shadow_color=\u00a0\u00bb#000000&Prime; title_font=\u00a0\u00bb||||||||\u00a0\u00bb title_font_size=\u00a0\u00bb30px\u00a0\u00bb module_class=\u00a0\u00bbcercle\u00a0\u00bb number_font=\u00a0\u00bb||||||||\u00a0\u00bb number_text_color__hover_enabled=\u00a0\u00bbon\u00a0\u00bb number_text_color__hover=\u00a0\u00bb#e09900&Prime;][\/et_pb_circle_counter][\/et_pb_column][et_pb_column type=\u00a0\u00bb1_3&Prime; _builder_version=\u00a0\u00bb3.21&Prime;][et_pb_circle_counter title=\u00a0\u00bbJeux vid\u00e9os\u00a0\u00bb number=\u00a0\u00bb25&Prime; bar_bg_color=\u00a0\u00bb#ffffff\u00a0\u00bb circle_color=\u00a0\u00bb#0c71c3&Prime; circle_color_alpha=\u00a0\u00bb0.2&Prime; _builder_version=\u00a0\u00bb3.21&Prime; background_layout=\u00a0\u00bbdark\u00a0\u00bb text_shadow_style=\u00a0\u00bbpreset1&Prime; text_shadow_color=\u00a0\u00bb#000000&Prime; title_font=\u00a0\u00bb||||||||\u00a0\u00bb title_font_size=\u00a0\u00bb30px\u00a0\u00bb module_class=\u00a0\u00bbcercle\u00a0\u00bb number_font=\u00a0\u00bb||||||||\u00a0\u00bb number_text_color__hover_enabled=\u00a0\u00bbon\u00a0\u00bb number_text_color__hover=\u00a0\u00bb#e02b20&Prime;][\/et_pb_circle_counter][\/et_pb_column][et_pb_column type=\u00a0\u00bb1_3&Prime; [&hellip;]","og_url":"https:\/\/projet.alexandre-riffault.fr\/starwars\/louis-germain\/","og_site_name":"Star wars","article_modified_time":"2019-05-23T16:46:11+00:00","twitter_card":"summary_large_image","twitter_misc":{"Dur\u00e9e de lecture estim\u00e9e":"5 minutes"},"schema":{"@context":"https:\/\/schema.org","@graph":[{"@type":"Organization","@id":"https:\/\/projet.alexandre-riffault.fr\/starwars\/#organization","name":"Star wars galaxy road","url":"https:\/\/projet.alexandre-riffault.fr\/starwars\/","sameAs":[],"logo":{"@type":"ImageObject","inLanguage":"fr-FR","@id":"https:\/\/projet.alexandre-riffault.fr\/starwars\/#\/schema\/logo\/image\/","url":"https:\/\/projet.alexandre-riffault.fr\/starwars\/wp-content\/uploads\/2019\/05\/logo-projet-S.png","contentUrl":"https:\/\/projet.alexandre-riffault.fr\/starwars\/wp-content\/uploads\/2019\/05\/logo-projet-S.png","width":413,"height":248,"caption":"Star wars galaxy road"},"image":{"@id":"https:\/\/projet.alexandre-riffault.fr\/starwars\/#\/schema\/logo\/image\/"}},{"@type":"WebSite","@id":"https:\/\/projet.alexandre-riffault.fr\/starwars\/#website","url":"https:\/\/projet.alexandre-riffault.fr\/starwars\/","name":"Star wars","description":"","publisher":{"@id":"https:\/\/projet.alexandre-riffault.fr\/starwars\/#organization"},"potentialAction":[{"@type":"SearchAction","target":{"@type":"EntryPoint","urlTemplate":"https:\/\/projet.alexandre-riffault.fr\/starwars\/?s={search_term_string}"},"query-input":"required name=search_term_string"}],"inLanguage":"fr-FR"},{"@type":"WebPage","@id":"https:\/\/projet.alexandre-riffault.fr\/starwars\/louis-germain\/","url":"https:\/\/projet.alexandre-riffault.fr\/starwars\/louis-germain\/","name":"Louis Germain &ndash; Star wars","isPartOf":{"@id":"https:\/\/projet.alexandre-riffault.fr\/starwars\/#website"},"datePublished":"2019-03-25T13:00:38+00:00","dateModified":"2019-05-23T16:46:11+00:00","breadcrumb":{"@id":"https:\/\/projet.alexandre-riffault.fr\/starwars\/louis-germain\/#breadcrumb"},"inLanguage":"fr-FR","potentialAction":[{"@type":"ReadAction","target":["https:\/\/projet.alexandre-riffault.fr\/starwars\/louis-germain\/"]}]},{"@type":"BreadcrumbList","@id":"https:\/\/projet.alexandre-riffault.fr\/starwars\/louis-germain\/#breadcrumb","itemListElement":[{"@type":"ListItem","position":1,"name":"Accueil","item":"https:\/\/projet.alexandre-riffault.fr\/starwars\/"},{"@type":"ListItem","position":2,"name":"Louis Germain"}]}]}},"_links":{"self":[{"href":"https:\/\/projet.alexandre-riffault.fr\/starwars\/wp-json\/wp\/v2\/pages\/147"}],"collection":[{"href":"https:\/\/projet.alexandre-riffault.fr\/starwars\/wp-json\/wp\/v2\/pages"}],"about":[{"href":"https:\/\/projet.alexandre-riffault.fr\/starwars\/wp-json\/wp\/v2\/types\/page"}],"author":[{"embeddable":true,"href":"https:\/\/projet.alexandre-riffault.fr\/starwars\/wp-json\/wp\/v2\/users\/3"}],"replies":[{"embeddable":true,"href":"https:\/\/projet.alexandre-riffault.fr\/starwars\/wp-json\/wp\/v2\/comments?post=147"}],"version-history":[{"count":94,"href":"https:\/\/projet.alexandre-riffault.fr\/starwars\/wp-json\/wp\/v2\/pages\/147\/revisions"}],"predecessor-version":[{"id":2114,"href":"https:\/\/projet.alexandre-riffault.fr\/starwars\/wp-json\/wp\/v2\/pages\/147\/revisions\/2114"}],"wp:attachment":[{"href":"https:\/\/projet.alexandre-riffault.fr\/starwars\/wp-json\/wp\/v2\/media?parent=147"}],"curies":[{"name":"wp","href":"https:\/\/api.w.org\/{rel}","templated":true}]}}