{"id":156,"date":"2019-03-18T17:45:01","date_gmt":"2019-03-18T16:45:01","guid":{"rendered":"https:\/\/projet.alexandre-riffault.fr\/starwars\/?page_id=156"},"modified":"2019-05-23T14:21:40","modified_gmt":"2019-05-23T12:21:40","slug":"lelievre-thomas","status":"publish","type":"page","link":"https:\/\/projet.alexandre-riffault.fr\/starwars\/lelievre-thomas\/","title":{"rendered":"Lelievre Thomas"},"content":{"rendered":"<p>[et_pb_section fb_built=\u00a0\u00bb1&Prime; fullwidth=\u00a0\u00bbon\u00a0\u00bb _builder_version=\u00a0\u00bb3.21&Prime; custom_padding=\u00a0\u00bb0|0px|0px|0px|false|false\u00a0\u00bb][et_pb_fullwidth_image src=\u00a0\u00bbhttps:\/\/projet.alexandre-riffault.fr\/starwars\/wp-content\/uploads\/2019\/03\/Sans-titre-2.jpg\u00a0\u00bb _builder_version=\u00a0\u00bb3.21&Prime;][\/et_pb_fullwidth_image][\/et_pb_section][et_pb_section fb_built=\u00a0\u00bb1&Prime; _builder_version=\u00a0\u00bb3.21&Prime; background_color=\u00a0\u00bb#cccccc\u00a0\u00bb][et_pb_row _builder_version=\u00a0\u00bb3.21&Prime;][et_pb_column type=\u00a0\u00bb4_4&Prime; _builder_version=\u00a0\u00bb3.21&Prime;][et_pb_text _builder_version=\u00a0\u00bb3.21&Prime;]<\/p>\n<h1>Ce que j&rsquo;aime :<\/h1>\n<p>[\/et_pb_text][\/et_pb_column][\/et_pb_row][et_pb_row _builder_version=\u00a0\u00bb3.21&Prime;][et_pb_column type=\u00a0\u00bb1_3&Prime; _builder_version=\u00a0\u00bb3.21&Prime;][et_pb_circle_counter title=\u00a0\u00bbJeux Videos\u00a0\u00bb number=\u00a0\u00bb50&Prime; bar_bg_color=\u00a0\u00bb#bcbcbc\u00a0\u00bb circle_color=\u00a0\u00bb#cccccc\u00a0\u00bb module_class=\u00a0\u00bbcompteur_cercle\u00a0\u00bb _builder_version=\u00a0\u00bb3.21&Prime; title_font=\u00a0\u00bb||||||||\u00a0\u00bb title_letter_spacing=\u00a0\u00bb3px\u00a0\u00bb number_font=\u00a0\u00bb||||||||\u00a0\u00bb][\/et_pb_circle_counter][\/et_pb_column][et_pb_column type=\u00a0\u00bb1_3&Prime; _builder_version=\u00a0\u00bb3.21&Prime;][et_pb_circle_counter title=\u00a0\u00bbPhotographie\u00a0\u00bb number=\u00a0\u00bb20&Prime; bar_bg_color=\u00a0\u00bb#bcbcbc\u00a0\u00bb circle_color=\u00a0\u00bb#cccccc\u00a0\u00bb module_class=\u00a0\u00bbcompteur_cercle\u00a0\u00bb _builder_version=\u00a0\u00bb3.21&Prime; title_font=\u00a0\u00bb||||||||\u00a0\u00bb title_letter_spacing=\u00a0\u00bb3px\u00a0\u00bb number_font=\u00a0\u00bb||||||||\u00a0\u00bb][\/et_pb_circle_counter][\/et_pb_column][et_pb_column type=\u00a0\u00bb1_3&Prime; _builder_version=\u00a0\u00bb3.21&Prime;][et_pb_circle_counter title=\u00a0\u00bbMusique\u00a0\u00bb number=\u00a0\u00bb30&Prime; bar_bg_color=\u00a0\u00bb#bcbcbc\u00a0\u00bb circle_color=\u00a0\u00bb#cccccc\u00a0\u00bb module_class=\u00a0\u00bbcompteur_cercle\u00a0\u00bb _builder_version=\u00a0\u00bb3.21&Prime; title_font=\u00a0\u00bb||||||||\u00a0\u00bb title_letter_spacing=\u00a0\u00bb3px\u00a0\u00bb number_font=\u00a0\u00bb||||||||\u00a0\u00bb][\/et_pb_circle_counter][\/et_pb_column][\/et_pb_row][\/et_pb_section][et_pb_section fb_built=\u00a0\u00bb1&Prime; _builder_version=\u00a0\u00bb3.21&Prime; background_color=\u00a0\u00bb#dadada\u00a0\u00bb][et_pb_row _builder_version=\u00a0\u00bb3.21&Prime;][et_pb_column type=\u00a0\u00bb2_5&Prime; _builder_version=\u00a0\u00bb3.21&Prime;][et_pb_text _builder_version=\u00a0\u00bb3.21&Prime; text_font=\u00a0\u00bb||||||||\u00a0\u00bb text_font_size=\u00a0\u00bb20px\u00a0\u00bb header_font=\u00a0\u00bb||||||||\u00a0\u00bb header_font_size=\u00a0\u00bb50px\u00a0\u00bb header_2_font=\u00a0\u00bb||||||||\u00a0\u00bb]<\/p>\n<h2><strong>PROJET<\/strong> : \u00ab\u00a0Ethnik\u00a0\u00bb<\/h2>\n<p>[\/et_pb_text][\/et_pb_column][et_pb_column type=\u00a0\u00bb3_5&Prime; _builder_version=\u00a0\u00bb3.21&Prime;][et_pb_text _builder_version=\u00a0\u00bb3.21&Prime;]<\/p>\n<p>Le projet \u00e9tait de r\u00e9aliser un logo pour une entreprise fictive, j&rsquo;ai choisit l&rsquo;entreprise Ethnik qui est une entreprise de meubles et de d\u00e9corations. Ce projet \u00e0 demander de l&rsquo;imagination, et beaucoup de temps de r\u00e9alisation sur Adobe Illustrator pour arriver \u00e0 ce r\u00e9sultat.<\/p>\n<p>[\/et_pb_text][\/et_pb_column][\/et_pb_row][et_pb_row _builder_version=\u00a0\u00bb3.21&Prime;][et_pb_column type=\u00a0\u00bb4_4&Prime; _builder_version=\u00a0\u00bb3.21&Prime;][et_pb_image src=\u00a0\u00bbhttps:\/\/projet.alexandre-riffault.fr\/starwars\/wp-content\/uploads\/2019\/05\/logo.png\u00a0\u00bb module_id=\u00a0\u00bblogo\u00a0\u00bb _builder_version=\u00a0\u00bb3.21&Prime;][\/et_pb_image][\/et_pb_column][\/et_pb_row][et_pb_row _builder_version=\u00a0\u00bb3.21&Prime;][et_pb_column type=\u00a0\u00bb1_3&Prime; _builder_version=\u00a0\u00bb3.21&Prime;][et_pb_image src=\u00a0\u00bbhttps:\/\/projet.alexandre-riffault.fr\/starwars\/wp-content\/uploads\/2019\/05\/Carte-de-visite-Ethnik.png\u00a0\u00bb module_class=\u00a0\u00bbmockup\u00a0\u00bb _builder_version=\u00a0\u00bb3.21&Prime;][\/et_pb_image][\/et_pb_column][et_pb_column type=\u00a0\u00bb1_3&Prime; _builder_version=\u00a0\u00bb3.21&Prime;][et_pb_image src=\u00a0\u00bbhttps:\/\/projet.alexandre-riffault.fr\/starwars\/wp-content\/uploads\/2019\/05\/Page-Facebook-Mock-up.png\u00a0\u00bb module_class=\u00a0\u00bbmockup\u00a0\u00bb _builder_version=\u00a0\u00bb3.21&Prime;][\/et_pb_image][\/et_pb_column][et_pb_column type=\u00a0\u00bb1_3&Prime; _builder_version=\u00a0\u00bb3.21&Prime;][et_pb_image src=\u00a0\u00bbhttps:\/\/projet.alexandre-riffault.fr\/starwars\/wp-content\/uploads\/2019\/05\/Catalogue-Ethnik.png\u00a0\u00bb module_class=\u00a0\u00bbmockup\u00a0\u00bb _builder_version=\u00a0\u00bb3.21&Prime;][\/et_pb_image][\/et_pb_column][\/et_pb_row][\/et_pb_section][et_pb_section fb_built=\u00a0\u00bb1&Prime; _builder_version=\u00a0\u00bb3.21&Prime; background_color=\u00a0\u00bb#cccccc\u00a0\u00bb][et_pb_row _builder_version=\u00a0\u00bb3.21&Prime;][et_pb_column type=\u00a0\u00bb2_5&Prime; _builder_version=\u00a0\u00bb3.21&Prime;][et_pb_text _builder_version=\u00a0\u00bb3.21&Prime; text_font=\u00a0\u00bb||||||||\u00a0\u00bb text_font_size=\u00a0\u00bb20px\u00a0\u00bb]<\/p>\n<h2><strong>PROJET<\/strong> : \u00ab\u00a0PPP\u00a0\u00bb<\/h2>\n<p>[\/et_pb_text][\/et_pb_column][et_pb_column type=\u00a0\u00bb3_5&Prime; _builder_version=\u00a0\u00bb3.21&Prime;][et_pb_text _builder_version=\u00a0\u00bb3.21&Prime;]<\/p>\n<p>Le Projet Personnel et Professionnel s&rsquo;est d\u00e9roul\u00e9 sur une semaine, durant laquelle, par groupe de 6 \u00e9tudiants, nous devions r\u00e9aliser un site internet fonctionnel sur un sujet donn\u00e9. Avec mon groupe, nous avons r\u00e9alis\u00e9 le site sur les m\u00e9tiers en agence de communication digitale.<\/p>\n<p>[\/et_pb_text][\/et_pb_column][\/et_pb_row][et_pb_row _builder_version=\u00a0\u00bb3.21&Prime;][et_pb_column type=\u00a0\u00bb4_4&Prime; _builder_version=\u00a0\u00bb3.21&Prime;][et_pb_slider _builder_version=\u00a0\u00bb3.21&Prime;][et_pb_slide _builder_version=\u00a0\u00bb3.21&Prime; background_color=\u00a0\u00bbrgba(46,163,242,0)\u00a0\u00bb background_image=\u00a0\u00bbhttps:\/\/projet.alexandre-riffault.fr\/starwars\/wp-content\/uploads\/2019\/05\/site-ppp-1.png\u00a0\u00bb background_size=\u00a0\u00bbcontain\u00a0\u00bb][\/et_pb_slide][et_pb_slide _builder_version=\u00a0\u00bb3.21&Prime; background_color=\u00a0\u00bbrgba(46,163,242,0)\u00a0\u00bb background_image=\u00a0\u00bbhttps:\/\/projet.alexandre-riffault.fr\/starwars\/wp-content\/uploads\/2019\/05\/ppp-2.png\u00a0\u00bb background_size=\u00a0\u00bbcontain\u00a0\u00bb][\/et_pb_slide][et_pb_slide _builder_version=\u00a0\u00bb3.21&Prime; background_color=\u00a0\u00bbrgba(181,34,61,0)\u00a0\u00bb background_image=\u00a0\u00bbhttps:\/\/projet.alexandre-riffault.fr\/starwars\/wp-content\/uploads\/2019\/05\/ppp3.png\u00a0\u00bb background_size=\u00a0\u00bbcontain\u00a0\u00bb][\/et_pb_slide][\/et_pb_slider][\/et_pb_column][\/et_pb_row][\/et_pb_section][et_pb_section fb_built=\u00a0\u00bb1&Prime; _builder_version=\u00a0\u00bb3.21&Prime; background_color=\u00a0\u00bb#dadada\u00a0\u00bb][et_pb_row _builder_version=\u00a0\u00bb3.21&Prime;][et_pb_column type=\u00a0\u00bb2_5&Prime; _builder_version=\u00a0\u00bb3.21&Prime;][et_pb_text _builder_version=\u00a0\u00bb3.21&Prime; text_font=\u00a0\u00bb||||||||\u00a0\u00bb text_font_size=\u00a0\u00bb20px\u00a0\u00bb]<\/p>\n<h2><strong>PROJET<\/strong> : \u00ab\u00a0Amis de Mus\u00e9es de Dijon\u00a0\u00bb<\/h2>\n<p>[\/et_pb_text][\/et_pb_column][et_pb_column type=\u00a0\u00bb3_5&Prime; _builder_version=\u00a0\u00bb3.21&Prime;][et_pb_text _builder_version=\u00a0\u00bb3.21&Prime;]<\/p>\n<p>Ce projet de groupe \u00e0 pour but de construire un cms fonctionnel r\u00e9pondant \u00e0 la demande pr\u00e9cise d&rsquo;un client ext\u00e9rieur, les commanditaires de ce projet, qui sont des responsables dans cet association nous ont impos\u00e9s de faire un site simple et tr\u00e8s accessible, \u00e0 la lecture pour les usagers, mais aussi pour eux \u00e0 l&rsquo;ajout de contenu.<\/p>\n<p>[\/et_pb_text][\/et_pb_column][\/et_pb_row][et_pb_row _builder_version=\u00a0\u00bb3.21&Prime;][et_pb_column type=\u00a0\u00bb4_4&Prime; _builder_version=\u00a0\u00bb3.21&Prime;][et_pb_image src=\u00a0\u00bbhttps:\/\/projet.alexandre-riffault.fr\/starwars\/wp-content\/uploads\/2019\/05\/amd1.png\u00a0\u00bb url=\u00a0\u00bbhttp:\/\/amis-musees-dijon.fr\/\u00a0\u00bb url_new_window=\u00a0\u00bbon\u00a0\u00bb module_id=\u00a0\u00bbamd\u00a0\u00bb _builder_version=\u00a0\u00bb3.21&Prime;][\/et_pb_image][\/et_pb_column][\/et_pb_row][\/et_pb_section]<\/p>\n","protected":false},"excerpt":{"rendered":"<p>[et_pb_section fb_built=\u00a0\u00bb1&Prime; fullwidth=\u00a0\u00bbon\u00a0\u00bb _builder_version=\u00a0\u00bb3.21&Prime; custom_padding=\u00a0\u00bb0|0px|0px|0px|false|false\u00a0\u00bb][et_pb_fullwidth_image src=\u00a0\u00bbhttps:\/\/projet.alexandre-riffault.fr\/starwars\/wp-content\/uploads\/2019\/03\/Sans-titre-2.jpg\u00a0\u00bb _builder_version=\u00a0\u00bb3.21&Prime;][\/et_pb_fullwidth_image][\/et_pb_section][et_pb_section fb_built=\u00a0\u00bb1&Prime; _builder_version=\u00a0\u00bb3.21&Prime; background_color=\u00a0\u00bb#cccccc\u00a0\u00bb][et_pb_row _builder_version=\u00a0\u00bb3.21&Prime;][et_pb_column type=\u00a0\u00bb4_4&Prime; _builder_version=\u00a0\u00bb3.21&Prime;][et_pb_text _builder_version=\u00a0\u00bb3.21&Prime;] Ce que j&rsquo;aime : [\/et_pb_text][\/et_pb_column][\/et_pb_row][et_pb_row _builder_version=\u00a0\u00bb3.21&Prime;][et_pb_column type=\u00a0\u00bb1_3&Prime; _builder_version=\u00a0\u00bb3.21&Prime;][et_pb_circle_counter title=\u00a0\u00bbJeux Videos\u00a0\u00bb number=\u00a0\u00bb50&Prime; bar_bg_color=\u00a0\u00bb#bcbcbc\u00a0\u00bb circle_color=\u00a0\u00bb#cccccc\u00a0\u00bb module_class=\u00a0\u00bbcompteur_cercle\u00a0\u00bb _builder_version=\u00a0\u00bb3.21&Prime; title_font=\u00a0\u00bb||||||||\u00a0\u00bb title_letter_spacing=\u00a0\u00bb3px\u00a0\u00bb number_font=\u00a0\u00bb||||||||\u00a0\u00bb][\/et_pb_circle_counter][\/et_pb_column][et_pb_column type=\u00a0\u00bb1_3&Prime; _builder_version=\u00a0\u00bb3.21&Prime;][et_pb_circle_counter title=\u00a0\u00bbPhotographie\u00a0\u00bb number=\u00a0\u00bb20&Prime; bar_bg_color=\u00a0\u00bb#bcbcbc\u00a0\u00bb circle_color=\u00a0\u00bb#cccccc\u00a0\u00bb module_class=\u00a0\u00bbcompteur_cercle\u00a0\u00bb _builder_version=\u00a0\u00bb3.21&Prime; title_font=\u00a0\u00bb||||||||\u00a0\u00bb title_letter_spacing=\u00a0\u00bb3px\u00a0\u00bb number_font=\u00a0\u00bb||||||||\u00a0\u00bb][\/et_pb_circle_counter][\/et_pb_column][et_pb_column type=\u00a0\u00bb1_3&Prime; _builder_version=\u00a0\u00bb3.21&Prime;][et_pb_circle_counter title=\u00a0\u00bbMusique\u00a0\u00bb number=\u00a0\u00bb30&Prime; bar_bg_color=\u00a0\u00bb#bcbcbc\u00a0\u00bb circle_color=\u00a0\u00bb#cccccc\u00a0\u00bb module_class=\u00a0\u00bbcompteur_cercle\u00a0\u00bb _builder_version=\u00a0\u00bb3.21&Prime; title_font=\u00a0\u00bb||||||||\u00a0\u00bb title_letter_spacing=\u00a0\u00bb3px\u00a0\u00bb number_font=\u00a0\u00bb||||||||\u00a0\u00bb][\/et_pb_circle_counter][\/et_pb_column][\/et_pb_row][\/et_pb_section][et_pb_section fb_built=\u00a0\u00bb1&Prime; [&hellip;]<\/p>\n","protected":false},"author":5,"featured_media":0,"parent":0,"menu_order":0,"comment_status":"closed","ping_status":"closed","template":"","meta":{"_et_pb_use_builder":"on","_et_pb_old_content":""},"yoast_head":"<!-- This site is optimized with the Yoast SEO plugin v19.4 - https:\/\/yoast.com\/wordpress\/plugins\/seo\/ -->\n<title>Lelievre Thomas &ndash; Star wars<\/title>\n<meta name=\"robots\" content=\"index, follow, max-snippet:-1, max-image-preview:large, max-video-preview:-1\" \/>\n<link rel=\"canonical\" href=\"https:\/\/projet.alexandre-riffault.fr\/starwars\/lelievre-thomas\/\" \/>\n<meta property=\"og:locale\" content=\"fr_FR\" \/>\n<meta property=\"og:type\" content=\"article\" \/>\n<meta property=\"og:title\" content=\"Lelievre Thomas &ndash; Star wars\" \/>\n<meta property=\"og:description\" content=\"[et_pb_section fb_built=\u00a0\u00bb1&Prime; fullwidth=\u00a0\u00bbon\u00a0\u00bb _builder_version=\u00a0\u00bb3.21&Prime; custom_padding=\u00a0\u00bb0|0px|0px|0px|false|false\u00a0\u00bb][et_pb_fullwidth_image src=\u00a0\u00bbhttps:\/\/projet.alexandre-riffault.fr\/starwars\/wp-content\/uploads\/2019\/03\/Sans-titre-2.jpg\u00a0\u00bb _builder_version=\u00a0\u00bb3.21&Prime;][\/et_pb_fullwidth_image][\/et_pb_section][et_pb_section fb_built=\u00a0\u00bb1&Prime; _builder_version=\u00a0\u00bb3.21&Prime; background_color=\u00a0\u00bb#cccccc\u00a0\u00bb][et_pb_row _builder_version=\u00a0\u00bb3.21&Prime;][et_pb_column type=\u00a0\u00bb4_4&Prime; _builder_version=\u00a0\u00bb3.21&Prime;][et_pb_text _builder_version=\u00a0\u00bb3.21&Prime;] Ce que j&rsquo;aime : [\/et_pb_text][\/et_pb_column][\/et_pb_row][et_pb_row _builder_version=\u00a0\u00bb3.21&Prime;][et_pb_column type=\u00a0\u00bb1_3&Prime; _builder_version=\u00a0\u00bb3.21&Prime;][et_pb_circle_counter title=\u00a0\u00bbJeux Videos\u00a0\u00bb number=\u00a0\u00bb50&Prime; bar_bg_color=\u00a0\u00bb#bcbcbc\u00a0\u00bb circle_color=\u00a0\u00bb#cccccc\u00a0\u00bb module_class=\u00a0\u00bbcompteur_cercle\u00a0\u00bb _builder_version=\u00a0\u00bb3.21&Prime; title_font=\u00a0\u00bb||||||||\u00a0\u00bb title_letter_spacing=\u00a0\u00bb3px\u00a0\u00bb number_font=\u00a0\u00bb||||||||\u00a0\u00bb][\/et_pb_circle_counter][\/et_pb_column][et_pb_column type=\u00a0\u00bb1_3&Prime; _builder_version=\u00a0\u00bb3.21&Prime;][et_pb_circle_counter title=\u00a0\u00bbPhotographie\u00a0\u00bb number=\u00a0\u00bb20&Prime; bar_bg_color=\u00a0\u00bb#bcbcbc\u00a0\u00bb circle_color=\u00a0\u00bb#cccccc\u00a0\u00bb module_class=\u00a0\u00bbcompteur_cercle\u00a0\u00bb _builder_version=\u00a0\u00bb3.21&Prime; title_font=\u00a0\u00bb||||||||\u00a0\u00bb title_letter_spacing=\u00a0\u00bb3px\u00a0\u00bb number_font=\u00a0\u00bb||||||||\u00a0\u00bb][\/et_pb_circle_counter][\/et_pb_column][et_pb_column type=\u00a0\u00bb1_3&Prime; _builder_version=\u00a0\u00bb3.21&Prime;][et_pb_circle_counter title=\u00a0\u00bbMusique\u00a0\u00bb number=\u00a0\u00bb30&Prime; bar_bg_color=\u00a0\u00bb#bcbcbc\u00a0\u00bb circle_color=\u00a0\u00bb#cccccc\u00a0\u00bb module_class=\u00a0\u00bbcompteur_cercle\u00a0\u00bb _builder_version=\u00a0\u00bb3.21&Prime; title_font=\u00a0\u00bb||||||||\u00a0\u00bb title_letter_spacing=\u00a0\u00bb3px\u00a0\u00bb number_font=\u00a0\u00bb||||||||\u00a0\u00bb][\/et_pb_circle_counter][\/et_pb_column][\/et_pb_row][\/et_pb_section][et_pb_section fb_built=\u00a0\u00bb1&Prime; [&hellip;]\" \/>\n<meta property=\"og:url\" content=\"https:\/\/projet.alexandre-riffault.fr\/starwars\/lelievre-thomas\/\" \/>\n<meta property=\"og:site_name\" content=\"Star wars\" \/>\n<meta property=\"article:modified_time\" content=\"2019-05-23T12:21:40+00:00\" \/>\n<meta name=\"twitter:card\" content=\"summary_large_image\" \/>\n<meta name=\"twitter:label1\" content=\"Dur\u00e9e de lecture estim\u00e9e\" \/>\n\t<meta name=\"twitter:data1\" content=\"4 minutes\" \/>\n<script type=\"application\/ld+json\" class=\"yoast-schema-graph\">{\"@context\":\"https:\/\/schema.org\",\"@graph\":[{\"@type\":\"Organization\",\"@id\":\"https:\/\/projet.alexandre-riffault.fr\/starwars\/#organization\",\"name\":\"Star wars galaxy road\",\"url\":\"https:\/\/projet.alexandre-riffault.fr\/starwars\/\",\"sameAs\":[],\"logo\":{\"@type\":\"ImageObject\",\"inLanguage\":\"fr-FR\",\"@id\":\"https:\/\/projet.alexandre-riffault.fr\/starwars\/#\/schema\/logo\/image\/\",\"url\":\"https:\/\/projet.alexandre-riffault.fr\/starwars\/wp-content\/uploads\/2019\/05\/logo-projet-S.png\",\"contentUrl\":\"https:\/\/projet.alexandre-riffault.fr\/starwars\/wp-content\/uploads\/2019\/05\/logo-projet-S.png\",\"width\":413,\"height\":248,\"caption\":\"Star wars galaxy road\"},\"image\":{\"@id\":\"https:\/\/projet.alexandre-riffault.fr\/starwars\/#\/schema\/logo\/image\/\"}},{\"@type\":\"WebSite\",\"@id\":\"https:\/\/projet.alexandre-riffault.fr\/starwars\/#website\",\"url\":\"https:\/\/projet.alexandre-riffault.fr\/starwars\/\",\"name\":\"Star wars\",\"description\":\"\",\"publisher\":{\"@id\":\"https:\/\/projet.alexandre-riffault.fr\/starwars\/#organization\"},\"potentialAction\":[{\"@type\":\"SearchAction\",\"target\":{\"@type\":\"EntryPoint\",\"urlTemplate\":\"https:\/\/projet.alexandre-riffault.fr\/starwars\/?s={search_term_string}\"},\"query-input\":\"required name=search_term_string\"}],\"inLanguage\":\"fr-FR\"},{\"@type\":\"WebPage\",\"@id\":\"https:\/\/projet.alexandre-riffault.fr\/starwars\/lelievre-thomas\/\",\"url\":\"https:\/\/projet.alexandre-riffault.fr\/starwars\/lelievre-thomas\/\",\"name\":\"Lelievre Thomas &ndash; Star wars\",\"isPartOf\":{\"@id\":\"https:\/\/projet.alexandre-riffault.fr\/starwars\/#website\"},\"datePublished\":\"2019-03-18T16:45:01+00:00\",\"dateModified\":\"2019-05-23T12:21:40+00:00\",\"breadcrumb\":{\"@id\":\"https:\/\/projet.alexandre-riffault.fr\/starwars\/lelievre-thomas\/#breadcrumb\"},\"inLanguage\":\"fr-FR\",\"potentialAction\":[{\"@type\":\"ReadAction\",\"target\":[\"https:\/\/projet.alexandre-riffault.fr\/starwars\/lelievre-thomas\/\"]}]},{\"@type\":\"BreadcrumbList\",\"@id\":\"https:\/\/projet.alexandre-riffault.fr\/starwars\/lelievre-thomas\/#breadcrumb\",\"itemListElement\":[{\"@type\":\"ListItem\",\"position\":1,\"name\":\"Accueil\",\"item\":\"https:\/\/projet.alexandre-riffault.fr\/starwars\/\"},{\"@type\":\"ListItem\",\"position\":2,\"name\":\"Lelievre Thomas\"}]}]}<\/script>\n<!-- \/ Yoast SEO plugin. -->","yoast_head_json":{"title":"Lelievre Thomas &ndash; Star wars","robots":{"index":"index","follow":"follow","max-snippet":"max-snippet:-1","max-image-preview":"max-image-preview:large","max-video-preview":"max-video-preview:-1"},"canonical":"https:\/\/projet.alexandre-riffault.fr\/starwars\/lelievre-thomas\/","og_locale":"fr_FR","og_type":"article","og_title":"Lelievre Thomas &ndash; Star wars","og_description":"[et_pb_section fb_built=\u00a0\u00bb1&Prime; fullwidth=\u00a0\u00bbon\u00a0\u00bb _builder_version=\u00a0\u00bb3.21&Prime; custom_padding=\u00a0\u00bb0|0px|0px|0px|false|false\u00a0\u00bb][et_pb_fullwidth_image src=\u00a0\u00bbhttps:\/\/projet.alexandre-riffault.fr\/starwars\/wp-content\/uploads\/2019\/03\/Sans-titre-2.jpg\u00a0\u00bb _builder_version=\u00a0\u00bb3.21&Prime;][\/et_pb_fullwidth_image][\/et_pb_section][et_pb_section fb_built=\u00a0\u00bb1&Prime; _builder_version=\u00a0\u00bb3.21&Prime; background_color=\u00a0\u00bb#cccccc\u00a0\u00bb][et_pb_row _builder_version=\u00a0\u00bb3.21&Prime;][et_pb_column type=\u00a0\u00bb4_4&Prime; _builder_version=\u00a0\u00bb3.21&Prime;][et_pb_text _builder_version=\u00a0\u00bb3.21&Prime;] Ce que j&rsquo;aime : [\/et_pb_text][\/et_pb_column][\/et_pb_row][et_pb_row _builder_version=\u00a0\u00bb3.21&Prime;][et_pb_column type=\u00a0\u00bb1_3&Prime; _builder_version=\u00a0\u00bb3.21&Prime;][et_pb_circle_counter title=\u00a0\u00bbJeux Videos\u00a0\u00bb number=\u00a0\u00bb50&Prime; bar_bg_color=\u00a0\u00bb#bcbcbc\u00a0\u00bb circle_color=\u00a0\u00bb#cccccc\u00a0\u00bb module_class=\u00a0\u00bbcompteur_cercle\u00a0\u00bb _builder_version=\u00a0\u00bb3.21&Prime; title_font=\u00a0\u00bb||||||||\u00a0\u00bb title_letter_spacing=\u00a0\u00bb3px\u00a0\u00bb number_font=\u00a0\u00bb||||||||\u00a0\u00bb][\/et_pb_circle_counter][\/et_pb_column][et_pb_column type=\u00a0\u00bb1_3&Prime; _builder_version=\u00a0\u00bb3.21&Prime;][et_pb_circle_counter title=\u00a0\u00bbPhotographie\u00a0\u00bb number=\u00a0\u00bb20&Prime; bar_bg_color=\u00a0\u00bb#bcbcbc\u00a0\u00bb circle_color=\u00a0\u00bb#cccccc\u00a0\u00bb module_class=\u00a0\u00bbcompteur_cercle\u00a0\u00bb _builder_version=\u00a0\u00bb3.21&Prime; title_font=\u00a0\u00bb||||||||\u00a0\u00bb title_letter_spacing=\u00a0\u00bb3px\u00a0\u00bb number_font=\u00a0\u00bb||||||||\u00a0\u00bb][\/et_pb_circle_counter][\/et_pb_column][et_pb_column type=\u00a0\u00bb1_3&Prime; _builder_version=\u00a0\u00bb3.21&Prime;][et_pb_circle_counter title=\u00a0\u00bbMusique\u00a0\u00bb number=\u00a0\u00bb30&Prime; bar_bg_color=\u00a0\u00bb#bcbcbc\u00a0\u00bb circle_color=\u00a0\u00bb#cccccc\u00a0\u00bb module_class=\u00a0\u00bbcompteur_cercle\u00a0\u00bb _builder_version=\u00a0\u00bb3.21&Prime; title_font=\u00a0\u00bb||||||||\u00a0\u00bb title_letter_spacing=\u00a0\u00bb3px\u00a0\u00bb number_font=\u00a0\u00bb||||||||\u00a0\u00bb][\/et_pb_circle_counter][\/et_pb_column][\/et_pb_row][\/et_pb_section][et_pb_section fb_built=\u00a0\u00bb1&Prime; [&hellip;]","og_url":"https:\/\/projet.alexandre-riffault.fr\/starwars\/lelievre-thomas\/","og_site_name":"Star wars","article_modified_time":"2019-05-23T12:21:40+00:00","twitter_card":"summary_large_image","twitter_misc":{"Dur\u00e9e de lecture estim\u00e9e":"4 minutes"},"schema":{"@context":"https:\/\/schema.org","@graph":[{"@type":"Organization","@id":"https:\/\/projet.alexandre-riffault.fr\/starwars\/#organization","name":"Star wars galaxy road","url":"https:\/\/projet.alexandre-riffault.fr\/starwars\/","sameAs":[],"logo":{"@type":"ImageObject","inLanguage":"fr-FR","@id":"https:\/\/projet.alexandre-riffault.fr\/starwars\/#\/schema\/logo\/image\/","url":"https:\/\/projet.alexandre-riffault.fr\/starwars\/wp-content\/uploads\/2019\/05\/logo-projet-S.png","contentUrl":"https:\/\/projet.alexandre-riffault.fr\/starwars\/wp-content\/uploads\/2019\/05\/logo-projet-S.png","width":413,"height":248,"caption":"Star wars galaxy road"},"image":{"@id":"https:\/\/projet.alexandre-riffault.fr\/starwars\/#\/schema\/logo\/image\/"}},{"@type":"WebSite","@id":"https:\/\/projet.alexandre-riffault.fr\/starwars\/#website","url":"https:\/\/projet.alexandre-riffault.fr\/starwars\/","name":"Star wars","description":"","publisher":{"@id":"https:\/\/projet.alexandre-riffault.fr\/starwars\/#organization"},"potentialAction":[{"@type":"SearchAction","target":{"@type":"EntryPoint","urlTemplate":"https:\/\/projet.alexandre-riffault.fr\/starwars\/?s={search_term_string}"},"query-input":"required name=search_term_string"}],"inLanguage":"fr-FR"},{"@type":"WebPage","@id":"https:\/\/projet.alexandre-riffault.fr\/starwars\/lelievre-thomas\/","url":"https:\/\/projet.alexandre-riffault.fr\/starwars\/lelievre-thomas\/","name":"Lelievre Thomas &ndash; Star wars","isPartOf":{"@id":"https:\/\/projet.alexandre-riffault.fr\/starwars\/#website"},"datePublished":"2019-03-18T16:45:01+00:00","dateModified":"2019-05-23T12:21:40+00:00","breadcrumb":{"@id":"https:\/\/projet.alexandre-riffault.fr\/starwars\/lelievre-thomas\/#breadcrumb"},"inLanguage":"fr-FR","potentialAction":[{"@type":"ReadAction","target":["https:\/\/projet.alexandre-riffault.fr\/starwars\/lelievre-thomas\/"]}]},{"@type":"BreadcrumbList","@id":"https:\/\/projet.alexandre-riffault.fr\/starwars\/lelievre-thomas\/#breadcrumb","itemListElement":[{"@type":"ListItem","position":1,"name":"Accueil","item":"https:\/\/projet.alexandre-riffault.fr\/starwars\/"},{"@type":"ListItem","position":2,"name":"Lelievre Thomas"}]}]}},"_links":{"self":[{"href":"https:\/\/projet.alexandre-riffault.fr\/starwars\/wp-json\/wp\/v2\/pages\/156"}],"collection":[{"href":"https:\/\/projet.alexandre-riffault.fr\/starwars\/wp-json\/wp\/v2\/pages"}],"about":[{"href":"https:\/\/projet.alexandre-riffault.fr\/starwars\/wp-json\/wp\/v2\/types\/page"}],"author":[{"embeddable":true,"href":"https:\/\/projet.alexandre-riffault.fr\/starwars\/wp-json\/wp\/v2\/users\/5"}],"replies":[{"embeddable":true,"href":"https:\/\/projet.alexandre-riffault.fr\/starwars\/wp-json\/wp\/v2\/comments?post=156"}],"version-history":[{"count":43,"href":"https:\/\/projet.alexandre-riffault.fr\/starwars\/wp-json\/wp\/v2\/pages\/156\/revisions"}],"predecessor-version":[{"id":2254,"href":"https:\/\/projet.alexandre-riffault.fr\/starwars\/wp-json\/wp\/v2\/pages\/156\/revisions\/2254"}],"wp:attachment":[{"href":"https:\/\/projet.alexandre-riffault.fr\/starwars\/wp-json\/wp\/v2\/media?parent=156"}],"curies":[{"name":"wp","href":"https:\/\/api.w.org\/{rel}","templated":true}]}}