{"id":385,"date":"2019-05-08T16:03:22","date_gmt":"2019-05-08T14:03:22","guid":{"rendered":"https:\/\/projet.alexandre-riffault.fr\/starwars\/?page_id=385"},"modified":"2019-05-15T10:25:23","modified_gmt":"2019-05-15T08:25:23","slug":"modele-planete","status":"publish","type":"page","link":"https:\/\/projet.alexandre-riffault.fr\/starwars\/modele-planete\/","title":{"rendered":"Yavin 4"},"content":{"rendered":"<p>[et_pb_section fb_built=\u00a0\u00bb1&Prime; disabled_on=\u00a0\u00bbon|on|off\u00a0\u00bb module_class=\u00a0\u00bbtaille_page\u00a0\u00bb _builder_version=\u00a0\u00bb3.21&Prime; background_color=\u00a0\u00bb#00060c\u00a0\u00bb background_image=\u00a0\u00bbhttps:\/\/projet.alexandre-riffault.fr\/starwars\/wp-content\/uploads\/2019\/05\/Copie-de-Sans-titre-4.png\u00a0\u00bb background_size=\u00a0\u00bbinitial\u00a0\u00bb background_position=\u00a0\u00bbbottom_right\u00a0\u00bb background_repeat=\u00a0\u00bbrepeat\u00a0\u00bb custom_margin=\u00a0\u00bb-2%|||\u00a0\u00bb custom_padding=\u00a0\u00bb39px|0px|54px|0px|false|false\u00a0\u00bb][et_pb_row use_custom_width=\u00a0\u00bbon\u00a0\u00bb width_unit=\u00a0\u00bboff\u00a0\u00bb custom_width_percent=\u00a0\u00bb100%\u00a0\u00bb custom_padding=\u00a0\u00bb0px|||2%\u00a0\u00bb custom_margin=\u00a0\u00bb0px||-3.5%|\u00a0\u00bb padding_top_1=\u00a0\u00bb0px\u00a0\u00bb module_class=\u00a0\u00bbfond_planete\u00a0\u00bb _builder_version=\u00a0\u00bb3.21&Prime; background_image=\u00a0\u00bbhttps:\/\/projet.alexandre-riffault.fr\/starwars\/wp-content\/uploads\/2019\/05\/Yavin_4-2-e1557775703263.png\u00a0\u00bb background_size=\u00a0\u00bbcontain\u00a0\u00bb background_position=\u00a0\u00bbbottom_right\u00a0\u00bb][et_pb_column type=\u00a0\u00bb1_2&Prime; _builder_version=\u00a0\u00bb3.21&Prime;][et_pb_text _builder_version=\u00a0\u00bb3.21&Prime; custom_margin=\u00a0\u00bb0px|0px|0px|0px\u00a0\u00bb]<\/p>\n<h1><span style=\"color: #ffffff;\">Historique<\/span><\/h1>\n<p>[\/et_pb_text][et_pb_text module_class=\u00a0\u00bbtexte_historique\u00a0\u00bb _builder_version=\u00a0\u00bb3.21&Prime; text_font=\u00a0\u00bb||||||||\u00a0\u00bb text_text_color=\u00a0\u00bb#ffffff\u00a0\u00bb text_font_size=\u00a0\u00bb1.3vw\u00a0\u00bb text_line_height=\u00a0\u00bb1.2em\u00a0\u00bb text_text_shadow_style=\u00a0\u00bbpreset2&Prime; background_color=\u00a0\u00bbrgba(155,155,155,0.44)\u00a0\u00bb border_radii=\u00a0\u00bbon|10px|10px|10px|10px\u00a0\u00bb border_width_all=\u00a0\u00bb1px\u00a0\u00bb custom_margin=\u00a0\u00bb0px||\u00a0\u00bb custom_padding=\u00a0\u00bb4%|4%|4%|4%|true|true\u00a0\u00bb]<\/p>\n<p><span style=\"font-weight: 400;\">Yavin 4 est une des nombreuses Lunes telluriques de la plan\u00e8te g\u00e9ante gazeuse Yavin, et est parmis les trois seules \u00e0 abriter la vie \u00e0 sa surface. Mais le climat de cette Lune peut devenir tr\u00e8s hostile \u00e0 la vie, ainsi plusieures fois par ans, de nombreuses temp\u00eates li\u00e9e \u00e0 la rotation de Yavin 4 autour de la g\u00e9ante gazeuse Yavin font de cette Lune un endroit peu \u00a0habitable.<\/span><\/p>\n<p><span style=\"font-weight: 400;\">Cette Lune est apparue dans l\u2019\u00e9pisode 4 de Star Wars, \u00e0 cette \u00e9poque, les Massassis avaient d\u00e9j\u00e0 disparu mais on peut voir dans cet \u00e9pisode les temples \u00e9rig\u00e9es par cette ancienne civilisation. Dans cet \u00e9pisode, la base rebelle est install\u00e9 sur cette Lune mais l\u2019Empire la trouve et l\u2019\u00e9toile de la mort charge son tire pour d\u00e9truire la Lune, et la grande bataille de Yavin d\u00e9bute, elle se soldera par la victoire de l&rsquo;alliance Rebelle gr\u00e2ce aux sacrifice de nombreux soldat afin d\u2019envoyer les plans de l\u2019Etoile noire afin de pouvoir la d\u00e9truire.<\/span><\/p>\n<p>[\/et_pb_text][\/et_pb_column][et_pb_column type=\u00a0\u00bb1_2&Prime; _builder_version=\u00a0\u00bb3.21&Prime;][et_pb_text _builder_version=\u00a0\u00bb3.21&Prime; custom_margin=\u00a0\u00bb0px|0px|0px|0px\u00a0\u00bb]<\/p>\n<h1><span style=\"color: #ffffff;\">Carte identit\u00e9<\/span><\/h1>\n<p>[\/et_pb_text][et_pb_text _builder_version=\u00a0\u00bb3.21&Prime; text_font=\u00a0\u00bb||||||||\u00a0\u00bb text_text_color=\u00a0\u00bb#ffffff\u00a0\u00bb text_font_size=\u00a0\u00bb1.3vw\u00a0\u00bb text_line_height=\u00a0\u00bb0.4em\u00a0\u00bb background_color=\u00a0\u00bbrgba(155,155,155,0.44)\u00a0\u00bb border_radii=\u00a0\u00bbon|10px|10px|10px|10px\u00a0\u00bb border_width_all=\u00a0\u00bb1px\u00a0\u00bb max_width=\u00a0\u00bb85%\u00a0\u00bb custom_margin=\u00a0\u00bb0px||\u00a0\u00bb custom_padding=\u00a0\u00bb4%|4%|4%|4%|true|true\u00a0\u00bb]<\/p>\n<p><span style=\"font-weight: 400;\">Taille : 10200 Km<\/span><\/p>\n<p><span style=\"font-weight: 400;\">Rotation : 24 heures<\/span><\/p>\n<p><span style=\"font-weight: 400;\">R\u00e9volution : 4818 jourss<\/span><\/p>\n<p><span style=\"font-weight: 400;\">Genre : jungle<\/span><\/p>\n<p><span style=\"font-weight: 400;\">Nom \u00e9toile : inconnue<\/span><\/p>\n<p><span style=\"font-weight: 400;\">Nombre de Lune : 0<\/span><\/p>\n<p><span style=\"font-weight: 400;\">Climat : temp\u00e9r\u00e9<\/span><\/p>\n<p><span style=\"font-weight: 400;\">esp\u00e8ce intelligente : Massassis (\u00e9teint), Humain<\/span><\/p>\n<p><span style=\"font-weight: 400;\">Position : bordure ext\u00e9rieure, secteur de la passe<\/span><\/p>\n<p><span style=\"font-weight: 400;\"> gordienne<\/span><\/p>\n<p>[\/et_pb_text][et_pb_code _builder_version=\u00a0\u00bb3.21&Prime;]<script><!-- [et_pb_line_break_holder] -->function readCookie(name) {<!-- [et_pb_line_break_holder] -->    var nameEQ = name + \"=\";<!-- [et_pb_line_break_holder] -->    var ca = document.cookie.split(';');<!-- [et_pb_line_break_holder] -->    for(var i=0;i < ca.length;i++) {<!-- [et_pb_line_break_holder] -->        var c = ca[i];<!-- [et_pb_line_break_holder] -->        while (c.charAt(0)==' ') c = c.substring(1,c.length);<!-- [et_pb_line_break_holder] -->        if (c.indexOf(nameEQ) == 0) return c.substring(nameEQ.length,c.length);<!-- [et_pb_line_break_holder] -->    }<!-- [et_pb_line_break_holder] -->    return null;<!-- [et_pb_line_break_holder] -->}<!-- [et_pb_line_break_holder] -->  let x = readCookie('cursor');<!-- [et_pb_line_break_holder] -->  if(x==1){<!-- [et_pb_line_break_holder] -->    $('html').css('cursor',' url(https:\/\/projet.alexandre-riffault.fr\/starwars\/wp-content\/uploads\/2019\/05\/TIE-Interceptor.png), wait');<!-- [et_pb_line_break_holder] -->  }<!-- [et_pb_line_break_holder] -->  else if(x==0){<!-- [et_pb_line_break_holder] -->    $('html').css('cursor','default',' wait');<!-- [et_pb_line_break_holder] -->  }<!-- [et_pb_line_break_holder] -->  else if(x==2){<!-- [et_pb_line_break_holder] -->    $('html').css('cursor',' url(https:\/\/projet.alexandre-riffault.fr\/starwars\/wp-content\/uploads\/2019\/05\/Curseur-X-Wing.png), wait');<!-- [et_pb_line_break_holder] -->  }<!-- [et_pb_line_break_holder] -->  else if(x==3){<!-- [et_pb_line_break_holder] -->    $('html').css('cursor',' url(https:\/\/projet.alexandre-riffault.fr\/starwars\/wp-content\/uploads\/2019\/05\/curseur_vaisseau.png), wait');<!-- [et_pb_line_break_holder] -->  }<!-- [et_pb_line_break_holder] --><\/script>[\/et_pb_code][\/et_pb_column][\/et_pb_row][\/et_pb_section][et_pb_section fb_built=\u00a0\u00bb1&Prime; disabled_on=\u00a0\u00bboff|off|on\u00a0\u00bb _builder_version=\u00a0\u00bb3.21&Prime; background_image=\u00a0\u00bbhttps:\/\/projet.alexandre-riffault.fr\/starwars\/wp-content\/uploads\/2019\/05\/Copie-de-Sans-titre-4.png\u00a0\u00bb background_size=\u00a0\u00bbinitial\u00a0\u00bb background_repeat=\u00a0\u00bbrepeat\u00a0\u00bb][et_pb_row use_custom_width=\u00a0\u00bbon\u00a0\u00bb width_unit=\u00a0\u00bboff\u00a0\u00bb custom_width_percent=\u00a0\u00bb85%\u00a0\u00bb custom_padding=\u00a0\u00bb5px|0px|27px|0px|false|false\u00a0\u00bb custom_margin=\u00a0\u00bb-7%||-7%||true\u00a0\u00bb _builder_version=\u00a0\u00bb3.21&Prime; background_image=\u00a0\u00bbhttps:\/\/projet.alexandre-riffault.fr\/starwars\/wp-content\/uploads\/2019\/05\/Yavin_4-1.png\u00a0\u00bb background_size=\u00a0\u00bbcontain\u00a0\u00bb background_position=\u00a0\u00bbtop_center\u00a0\u00bb][et_pb_column type=\u00a0\u00bb4_4&Prime; _builder_version=\u00a0\u00bb3.21&Prime;][et_pb_text _builder_version=\u00a0\u00bb3.21&Prime; header_font=\u00a0\u00bb||||||||\u00a0\u00bb header_font_size_phone=\u00a0\u00bb36px\u00a0\u00bb header_font_size_last_edited=\u00a0\u00bbon|phone\u00a0\u00bb custom_margin=\u00a0\u00bb0px|0px|0px|0px\u00a0\u00bb]<\/p>\n<h1><span style=\"color: #ffffff;\">Carte identit\u00e9<\/span><\/h1>\n<p>[\/et_pb_text][et_pb_text _builder_version=\u00a0\u00bb3.21&Prime; text_font=\u00a0\u00bb||||||||\u00a0\u00bb text_text_color=\u00a0\u00bb#0e1b28&Prime; text_font_size=\u00a0\u00bb2vw\u00a0\u00bb text_font_size_phone=\u00a0\u00bb5vw\u00a0\u00bb text_font_size_last_edited=\u00a0\u00bbon|phone\u00a0\u00bb text_line_height=\u00a0\u00bb1.2em\u00a0\u00bb text_text_shadow_style=\u00a0\u00bbpreset2&Prime; background_color=\u00a0\u00bbrgba(155,155,155,0.44)\u00a0\u00bb border_radii=\u00a0\u00bbon|10px|10px|10px|10px\u00a0\u00bb border_width_all=\u00a0\u00bb1px\u00a0\u00bb module_alignment=\u00a0\u00bbcenter\u00a0\u00bb custom_margin=\u00a0\u00bb0px||\u00a0\u00bb custom_padding=\u00a0\u00bb4%|4%|4%|4%|true|true\u00a0\u00bb]<\/p>\n<p><span style=\"color: #ffffff;\">Taille : 10200 Km<\/span><\/p>\n<p><span style=\"color: #ffffff;\">Rotation : 24 heures<\/span><\/p>\n<p><span style=\"color: #ffffff;\">R\u00e9volution : 4818 jourss<\/span><\/p>\n<p><span style=\"color: #ffffff;\">Genre : jungle<\/span><\/p>\n<p><span style=\"color: #ffffff;\">Nom \u00e9toile : inconnue<\/span><\/p>\n<p><span style=\"color: #ffffff;\">Nombre de Lune : 0<\/span><\/p>\n<p><span style=\"color: #ffffff;\">Climat : temp\u00e9r\u00e9<\/span><\/p>\n<p><span style=\"color: #ffffff;\">esp\u00e8ce intelligente : Massassis (\u00e9teint), Humain<\/span><\/p>\n<p><span style=\"color: #ffffff;\">Position : bordure ext\u00e9rieure, secteur de la passe<\/span><\/p>\n<p><span style=\"color: #ffffff;\"> gordienne<\/span><\/p>\n<p>[\/et_pb_text][et_pb_text _builder_version=\u00a0\u00bb3.21&Prime; header_font=\u00a0\u00bb||||||||\u00a0\u00bb header_font_size_phone=\u00a0\u00bb37px\u00a0\u00bb header_font_size_last_edited=\u00a0\u00bbon|phone\u00a0\u00bb custom_margin=\u00a0\u00bb0px|0px|0px|0px\u00a0\u00bb]<\/p>\n<h1><span style=\"color: #ffffff;\">Historique<\/span><\/h1>\n<p>[\/et_pb_text][et_pb_text _builder_version=\u00a0\u00bb3.21&Prime; text_font=\u00a0\u00bb||||||||\u00a0\u00bb text_text_color=\u00a0\u00bb#0e1b28&Prime; text_font_size=\u00a0\u00bb2vw\u00a0\u00bb text_font_size_phone=\u00a0\u00bb4vw\u00a0\u00bb text_font_size_last_edited=\u00a0\u00bbon|phone\u00a0\u00bb text_line_height=\u00a0\u00bb1.2em\u00a0\u00bb text_text_shadow_style=\u00a0\u00bbpreset2&Prime; background_color=\u00a0\u00bbrgba(155,155,155,0.44)\u00a0\u00bb border_radii=\u00a0\u00bbon|10px|10px|10px|10px\u00a0\u00bb border_width_all=\u00a0\u00bb1px\u00a0\u00bb custom_margin=\u00a0\u00bb0px||\u00a0\u00bb custom_padding=\u00a0\u00bb4%|4%|4%|4%|true|true\u00a0\u00bb]<\/p>\n<p><span style=\"color: #ffffff;\">Yavin 4 est une des nombreuses Lunes telluriques de la plan\u00e8te g\u00e9ante gazeuse Yavin, et est parmis les trois seules \u00e0 abriter la vie \u00e0 sa surface. Mais le climat de cette Lune peut devenir tr\u00e8s hostile \u00e0 la vie, ainsi plusieures fois par ans, de nombreuses temp\u00eates li\u00e9e \u00e0 la rotation de Yavin 4 autour de la g\u00e9ante gazeuse Yavin font de cette Lune un endroit peu \u00a0habitable.<\/span><\/p>\n<p><span style=\"color: #ffffff;\">Cette Lune est apparue dans l\u2019\u00e9pisode 4 de Star Wars, \u00e0 cette \u00e9poque, les Massassis avaient d\u00e9j\u00e0 disparu mais on peut voir dans cet \u00e9pisode les temples \u00e9rig\u00e9es par cette ancienne civilisation. Dans cet \u00e9pisode, la base rebelle est install\u00e9 sur cette Lune mais l\u2019Empire la trouve et l\u2019\u00e9toile de la mort charge son tire pour d\u00e9truire la Lune, et la grande bataille de Yavin d\u00e9bute, elle se soldera par la victoire de l&rsquo;alliance Rebelle gr\u00e2ce aux sacrifice de nombreux soldat afin d\u2019envoyer les plans de l\u2019Etoile noire afin de pouvoir la d\u00e9truire.<\/span><\/p>\n<p>[\/et_pb_text][\/et_pb_column][\/et_pb_row][\/et_pb_section]<\/p>\n","protected":false},"excerpt":{"rendered":"<p>[et_pb_section fb_built=\u00a0\u00bb1&Prime; disabled_on=\u00a0\u00bbon|on|off\u00a0\u00bb module_class=\u00a0\u00bbtaille_page\u00a0\u00bb _builder_version=\u00a0\u00bb3.21&Prime; background_color=\u00a0\u00bb#00060c\u00a0\u00bb background_image=\u00a0\u00bbhttps:\/\/projet.alexandre-riffault.fr\/starwars\/wp-content\/uploads\/2019\/05\/Copie-de-Sans-titre-4.png\u00a0\u00bb background_size=\u00a0\u00bbinitial\u00a0\u00bb background_position=\u00a0\u00bbbottom_right\u00a0\u00bb background_repeat=\u00a0\u00bbrepeat\u00a0\u00bb custom_margin=\u00a0\u00bb-2%|||\u00a0\u00bb custom_padding=\u00a0\u00bb39px|0px|54px|0px|false|false\u00a0\u00bb][et_pb_row use_custom_width=\u00a0\u00bbon\u00a0\u00bb width_unit=\u00a0\u00bboff\u00a0\u00bb custom_width_percent=\u00a0\u00bb100%\u00a0\u00bb custom_padding=\u00a0\u00bb0px|||2%\u00a0\u00bb custom_margin=\u00a0\u00bb0px||-3.5%|\u00a0\u00bb padding_top_1=\u00a0\u00bb0px\u00a0\u00bb module_class=\u00a0\u00bbfond_planete\u00a0\u00bb _builder_version=\u00a0\u00bb3.21&Prime; background_image=\u00a0\u00bbhttps:\/\/projet.alexandre-riffault.fr\/starwars\/wp-content\/uploads\/2019\/05\/Yavin_4-2-e1557775703263.png\u00a0\u00bb background_size=\u00a0\u00bbcontain\u00a0\u00bb background_position=\u00a0\u00bbbottom_right\u00a0\u00bb][et_pb_column type=\u00a0\u00bb1_2&Prime; _builder_version=\u00a0\u00bb3.21&Prime;][et_pb_text _builder_version=\u00a0\u00bb3.21&Prime; custom_margin=\u00a0\u00bb0px|0px|0px|0px\u00a0\u00bb] Historique [\/et_pb_text][et_pb_text module_class=\u00a0\u00bbtexte_historique\u00a0\u00bb _builder_version=\u00a0\u00bb3.21&Prime; text_font=\u00a0\u00bb||||||||\u00a0\u00bb text_text_color=\u00a0\u00bb#ffffff\u00a0\u00bb text_font_size=\u00a0\u00bb1.3vw\u00a0\u00bb text_line_height=\u00a0\u00bb1.2em\u00a0\u00bb text_text_shadow_style=\u00a0\u00bbpreset2&Prime; background_color=\u00a0\u00bbrgba(155,155,155,0.44)\u00a0\u00bb border_radii=\u00a0\u00bbon|10px|10px|10px|10px\u00a0\u00bb border_width_all=\u00a0\u00bb1px\u00a0\u00bb custom_margin=\u00a0\u00bb0px||\u00a0\u00bb custom_padding=\u00a0\u00bb4%|4%|4%|4%|true|true\u00a0\u00bb] Yavin 4 est une des nombreuses Lunes telluriques de la plan\u00e8te g\u00e9ante gazeuse Yavin, [&hellip;]<\/p>\n","protected":false},"author":3,"featured_media":0,"parent":0,"menu_order":0,"comment_status":"closed","ping_status":"closed","template":"","meta":{"_et_pb_use_builder":"on","_et_pb_old_content":""},"yoast_head":"<!-- This site is optimized with the Yoast SEO plugin v19.4 - https:\/\/yoast.com\/wordpress\/plugins\/seo\/ -->\n<title>Yavin 4 &ndash; Star wars<\/title>\n<meta name=\"robots\" content=\"index, follow, max-snippet:-1, max-image-preview:large, max-video-preview:-1\" \/>\n<link rel=\"canonical\" href=\"https:\/\/projet.alexandre-riffault.fr\/starwars\/modele-planete\/\" \/>\n<meta property=\"og:locale\" content=\"fr_FR\" \/>\n<meta property=\"og:type\" content=\"article\" \/>\n<meta property=\"og:title\" content=\"Yavin 4 &ndash; Star wars\" \/>\n<meta property=\"og:description\" content=\"[et_pb_section fb_built=\u00a0\u00bb1&Prime; disabled_on=\u00a0\u00bbon|on|off\u00a0\u00bb module_class=\u00a0\u00bbtaille_page\u00a0\u00bb _builder_version=\u00a0\u00bb3.21&Prime; background_color=\u00a0\u00bb#00060c\u00a0\u00bb background_image=\u00a0\u00bbhttps:\/\/projet.alexandre-riffault.fr\/starwars\/wp-content\/uploads\/2019\/05\/Copie-de-Sans-titre-4.png\u00a0\u00bb background_size=\u00a0\u00bbinitial\u00a0\u00bb background_position=\u00a0\u00bbbottom_right\u00a0\u00bb background_repeat=\u00a0\u00bbrepeat\u00a0\u00bb custom_margin=\u00a0\u00bb-2%|||\u00a0\u00bb custom_padding=\u00a0\u00bb39px|0px|54px|0px|false|false\u00a0\u00bb][et_pb_row use_custom_width=\u00a0\u00bbon\u00a0\u00bb width_unit=\u00a0\u00bboff\u00a0\u00bb custom_width_percent=\u00a0\u00bb100%\u00a0\u00bb custom_padding=\u00a0\u00bb0px|||2%\u00a0\u00bb custom_margin=\u00a0\u00bb0px||-3.5%|\u00a0\u00bb padding_top_1=\u00a0\u00bb0px\u00a0\u00bb module_class=\u00a0\u00bbfond_planete\u00a0\u00bb _builder_version=\u00a0\u00bb3.21&Prime; background_image=\u00a0\u00bbhttps:\/\/projet.alexandre-riffault.fr\/starwars\/wp-content\/uploads\/2019\/05\/Yavin_4-2-e1557775703263.png\u00a0\u00bb background_size=\u00a0\u00bbcontain\u00a0\u00bb background_position=\u00a0\u00bbbottom_right\u00a0\u00bb][et_pb_column type=\u00a0\u00bb1_2&Prime; _builder_version=\u00a0\u00bb3.21&Prime;][et_pb_text _builder_version=\u00a0\u00bb3.21&Prime; custom_margin=\u00a0\u00bb0px|0px|0px|0px\u00a0\u00bb] Historique [\/et_pb_text][et_pb_text module_class=\u00a0\u00bbtexte_historique\u00a0\u00bb _builder_version=\u00a0\u00bb3.21&Prime; text_font=\u00a0\u00bb||||||||\u00a0\u00bb text_text_color=\u00a0\u00bb#ffffff\u00a0\u00bb text_font_size=\u00a0\u00bb1.3vw\u00a0\u00bb text_line_height=\u00a0\u00bb1.2em\u00a0\u00bb text_text_shadow_style=\u00a0\u00bbpreset2&Prime; background_color=\u00a0\u00bbrgba(155,155,155,0.44)\u00a0\u00bb border_radii=\u00a0\u00bbon|10px|10px|10px|10px\u00a0\u00bb border_width_all=\u00a0\u00bb1px\u00a0\u00bb custom_margin=\u00a0\u00bb0px||\u00a0\u00bb custom_padding=\u00a0\u00bb4%|4%|4%|4%|true|true\u00a0\u00bb] Yavin 4 est une des nombreuses Lunes telluriques de la plan\u00e8te g\u00e9ante gazeuse Yavin, [&hellip;]\" \/>\n<meta property=\"og:url\" content=\"https:\/\/projet.alexandre-riffault.fr\/starwars\/modele-planete\/\" \/>\n<meta property=\"og:site_name\" content=\"Star wars\" \/>\n<meta property=\"article:modified_time\" content=\"2019-05-15T08:25:23+00:00\" \/>\n<meta name=\"twitter:card\" content=\"summary_large_image\" \/>\n<meta name=\"twitter:label1\" content=\"Dur\u00e9e de lecture estim\u00e9e\" \/>\n\t<meta name=\"twitter:data1\" content=\"5 minutes\" \/>\n<script type=\"application\/ld+json\" class=\"yoast-schema-graph\">{\"@context\":\"https:\/\/schema.org\",\"@graph\":[{\"@type\":\"Organization\",\"@id\":\"https:\/\/projet.alexandre-riffault.fr\/starwars\/#organization\",\"name\":\"Star wars galaxy road\",\"url\":\"https:\/\/projet.alexandre-riffault.fr\/starwars\/\",\"sameAs\":[],\"logo\":{\"@type\":\"ImageObject\",\"inLanguage\":\"fr-FR\",\"@id\":\"https:\/\/projet.alexandre-riffault.fr\/starwars\/#\/schema\/logo\/image\/\",\"url\":\"https:\/\/projet.alexandre-riffault.fr\/starwars\/wp-content\/uploads\/2019\/05\/logo-projet-S.png\",\"contentUrl\":\"https:\/\/projet.alexandre-riffault.fr\/starwars\/wp-content\/uploads\/2019\/05\/logo-projet-S.png\",\"width\":413,\"height\":248,\"caption\":\"Star wars galaxy road\"},\"image\":{\"@id\":\"https:\/\/projet.alexandre-riffault.fr\/starwars\/#\/schema\/logo\/image\/\"}},{\"@type\":\"WebSite\",\"@id\":\"https:\/\/projet.alexandre-riffault.fr\/starwars\/#website\",\"url\":\"https:\/\/projet.alexandre-riffault.fr\/starwars\/\",\"name\":\"Star wars\",\"description\":\"\",\"publisher\":{\"@id\":\"https:\/\/projet.alexandre-riffault.fr\/starwars\/#organization\"},\"potentialAction\":[{\"@type\":\"SearchAction\",\"target\":{\"@type\":\"EntryPoint\",\"urlTemplate\":\"https:\/\/projet.alexandre-riffault.fr\/starwars\/?s={search_term_string}\"},\"query-input\":\"required name=search_term_string\"}],\"inLanguage\":\"fr-FR\"},{\"@type\":\"WebPage\",\"@id\":\"https:\/\/projet.alexandre-riffault.fr\/starwars\/modele-planete\/\",\"url\":\"https:\/\/projet.alexandre-riffault.fr\/starwars\/modele-planete\/\",\"name\":\"Yavin 4 &ndash; Star wars\",\"isPartOf\":{\"@id\":\"https:\/\/projet.alexandre-riffault.fr\/starwars\/#website\"},\"datePublished\":\"2019-05-08T14:03:22+00:00\",\"dateModified\":\"2019-05-15T08:25:23+00:00\",\"breadcrumb\":{\"@id\":\"https:\/\/projet.alexandre-riffault.fr\/starwars\/modele-planete\/#breadcrumb\"},\"inLanguage\":\"fr-FR\",\"potentialAction\":[{\"@type\":\"ReadAction\",\"target\":[\"https:\/\/projet.alexandre-riffault.fr\/starwars\/modele-planete\/\"]}]},{\"@type\":\"BreadcrumbList\",\"@id\":\"https:\/\/projet.alexandre-riffault.fr\/starwars\/modele-planete\/#breadcrumb\",\"itemListElement\":[{\"@type\":\"ListItem\",\"position\":1,\"name\":\"Accueil\",\"item\":\"https:\/\/projet.alexandre-riffault.fr\/starwars\/\"},{\"@type\":\"ListItem\",\"position\":2,\"name\":\"Yavin 4\"}]}]}<\/script>\n<!-- \/ Yoast SEO plugin. -->","yoast_head_json":{"title":"Yavin 4 &ndash; Star wars","robots":{"index":"index","follow":"follow","max-snippet":"max-snippet:-1","max-image-preview":"max-image-preview:large","max-video-preview":"max-video-preview:-1"},"canonical":"https:\/\/projet.alexandre-riffault.fr\/starwars\/modele-planete\/","og_locale":"fr_FR","og_type":"article","og_title":"Yavin 4 &ndash; Star wars","og_description":"[et_pb_section fb_built=\u00a0\u00bb1&Prime; disabled_on=\u00a0\u00bbon|on|off\u00a0\u00bb module_class=\u00a0\u00bbtaille_page\u00a0\u00bb _builder_version=\u00a0\u00bb3.21&Prime; background_color=\u00a0\u00bb#00060c\u00a0\u00bb background_image=\u00a0\u00bbhttps:\/\/projet.alexandre-riffault.fr\/starwars\/wp-content\/uploads\/2019\/05\/Copie-de-Sans-titre-4.png\u00a0\u00bb background_size=\u00a0\u00bbinitial\u00a0\u00bb background_position=\u00a0\u00bbbottom_right\u00a0\u00bb background_repeat=\u00a0\u00bbrepeat\u00a0\u00bb custom_margin=\u00a0\u00bb-2%|||\u00a0\u00bb custom_padding=\u00a0\u00bb39px|0px|54px|0px|false|false\u00a0\u00bb][et_pb_row use_custom_width=\u00a0\u00bbon\u00a0\u00bb width_unit=\u00a0\u00bboff\u00a0\u00bb custom_width_percent=\u00a0\u00bb100%\u00a0\u00bb custom_padding=\u00a0\u00bb0px|||2%\u00a0\u00bb custom_margin=\u00a0\u00bb0px||-3.5%|\u00a0\u00bb padding_top_1=\u00a0\u00bb0px\u00a0\u00bb module_class=\u00a0\u00bbfond_planete\u00a0\u00bb _builder_version=\u00a0\u00bb3.21&Prime; background_image=\u00a0\u00bbhttps:\/\/projet.alexandre-riffault.fr\/starwars\/wp-content\/uploads\/2019\/05\/Yavin_4-2-e1557775703263.png\u00a0\u00bb background_size=\u00a0\u00bbcontain\u00a0\u00bb background_position=\u00a0\u00bbbottom_right\u00a0\u00bb][et_pb_column type=\u00a0\u00bb1_2&Prime; _builder_version=\u00a0\u00bb3.21&Prime;][et_pb_text _builder_version=\u00a0\u00bb3.21&Prime; custom_margin=\u00a0\u00bb0px|0px|0px|0px\u00a0\u00bb] Historique [\/et_pb_text][et_pb_text module_class=\u00a0\u00bbtexte_historique\u00a0\u00bb _builder_version=\u00a0\u00bb3.21&Prime; text_font=\u00a0\u00bb||||||||\u00a0\u00bb text_text_color=\u00a0\u00bb#ffffff\u00a0\u00bb text_font_size=\u00a0\u00bb1.3vw\u00a0\u00bb text_line_height=\u00a0\u00bb1.2em\u00a0\u00bb text_text_shadow_style=\u00a0\u00bbpreset2&Prime; background_color=\u00a0\u00bbrgba(155,155,155,0.44)\u00a0\u00bb border_radii=\u00a0\u00bbon|10px|10px|10px|10px\u00a0\u00bb border_width_all=\u00a0\u00bb1px\u00a0\u00bb custom_margin=\u00a0\u00bb0px||\u00a0\u00bb custom_padding=\u00a0\u00bb4%|4%|4%|4%|true|true\u00a0\u00bb] Yavin 4 est une des nombreuses Lunes telluriques de la plan\u00e8te g\u00e9ante gazeuse Yavin, [&hellip;]","og_url":"https:\/\/projet.alexandre-riffault.fr\/starwars\/modele-planete\/","og_site_name":"Star wars","article_modified_time":"2019-05-15T08:25:23+00:00","twitter_card":"summary_large_image","twitter_misc":{"Dur\u00e9e de lecture estim\u00e9e":"5 minutes"},"schema":{"@context":"https:\/\/schema.org","@graph":[{"@type":"Organization","@id":"https:\/\/projet.alexandre-riffault.fr\/starwars\/#organization","name":"Star wars galaxy road","url":"https:\/\/projet.alexandre-riffault.fr\/starwars\/","sameAs":[],"logo":{"@type":"ImageObject","inLanguage":"fr-FR","@id":"https:\/\/projet.alexandre-riffault.fr\/starwars\/#\/schema\/logo\/image\/","url":"https:\/\/projet.alexandre-riffault.fr\/starwars\/wp-content\/uploads\/2019\/05\/logo-projet-S.png","contentUrl":"https:\/\/projet.alexandre-riffault.fr\/starwars\/wp-content\/uploads\/2019\/05\/logo-projet-S.png","width":413,"height":248,"caption":"Star wars galaxy road"},"image":{"@id":"https:\/\/projet.alexandre-riffault.fr\/starwars\/#\/schema\/logo\/image\/"}},{"@type":"WebSite","@id":"https:\/\/projet.alexandre-riffault.fr\/starwars\/#website","url":"https:\/\/projet.alexandre-riffault.fr\/starwars\/","name":"Star wars","description":"","publisher":{"@id":"https:\/\/projet.alexandre-riffault.fr\/starwars\/#organization"},"potentialAction":[{"@type":"SearchAction","target":{"@type":"EntryPoint","urlTemplate":"https:\/\/projet.alexandre-riffault.fr\/starwars\/?s={search_term_string}"},"query-input":"required name=search_term_string"}],"inLanguage":"fr-FR"},{"@type":"WebPage","@id":"https:\/\/projet.alexandre-riffault.fr\/starwars\/modele-planete\/","url":"https:\/\/projet.alexandre-riffault.fr\/starwars\/modele-planete\/","name":"Yavin 4 &ndash; Star wars","isPartOf":{"@id":"https:\/\/projet.alexandre-riffault.fr\/starwars\/#website"},"datePublished":"2019-05-08T14:03:22+00:00","dateModified":"2019-05-15T08:25:23+00:00","breadcrumb":{"@id":"https:\/\/projet.alexandre-riffault.fr\/starwars\/modele-planete\/#breadcrumb"},"inLanguage":"fr-FR","potentialAction":[{"@type":"ReadAction","target":["https:\/\/projet.alexandre-riffault.fr\/starwars\/modele-planete\/"]}]},{"@type":"BreadcrumbList","@id":"https:\/\/projet.alexandre-riffault.fr\/starwars\/modele-planete\/#breadcrumb","itemListElement":[{"@type":"ListItem","position":1,"name":"Accueil","item":"https:\/\/projet.alexandre-riffault.fr\/starwars\/"},{"@type":"ListItem","position":2,"name":"Yavin 4"}]}]}},"_links":{"self":[{"href":"https:\/\/projet.alexandre-riffault.fr\/starwars\/wp-json\/wp\/v2\/pages\/385"}],"collection":[{"href":"https:\/\/projet.alexandre-riffault.fr\/starwars\/wp-json\/wp\/v2\/pages"}],"about":[{"href":"https:\/\/projet.alexandre-riffault.fr\/starwars\/wp-json\/wp\/v2\/types\/page"}],"author":[{"embeddable":true,"href":"https:\/\/projet.alexandre-riffault.fr\/starwars\/wp-json\/wp\/v2\/users\/3"}],"replies":[{"embeddable":true,"href":"https:\/\/projet.alexandre-riffault.fr\/starwars\/wp-json\/wp\/v2\/comments?post=385"}],"version-history":[{"count":20,"href":"https:\/\/projet.alexandre-riffault.fr\/starwars\/wp-json\/wp\/v2\/pages\/385\/revisions"}],"predecessor-version":[{"id":1806,"href":"https:\/\/projet.alexandre-riffault.fr\/starwars\/wp-json\/wp\/v2\/pages\/385\/revisions\/1806"}],"wp:attachment":[{"href":"https:\/\/projet.alexandre-riffault.fr\/starwars\/wp-json\/wp\/v2\/media?parent=385"}],"curies":[{"name":"wp","href":"https:\/\/api.w.org\/{rel}","templated":true}]}}