{"id":401,"date":"2019-05-08T16:24:25","date_gmt":"2019-05-08T14:24:25","guid":{"rendered":"https:\/\/projet.alexandre-riffault.fr\/starwars\/?page_id=401"},"modified":"2019-05-15T10:26:25","modified_gmt":"2019-05-15T08:26:25","slug":"tatooine","status":"publish","type":"page","link":"https:\/\/projet.alexandre-riffault.fr\/starwars\/tatooine\/","title":{"rendered":"Tatooine"},"content":{"rendered":"<p>[et_pb_section fb_built=\u00a0\u00bb1&Prime; disabled_on=\u00a0\u00bbon|on|off\u00a0\u00bb module_class=\u00a0\u00bbtaille_page\u00a0\u00bb _builder_version=\u00a0\u00bb3.21&Prime; background_color=\u00a0\u00bb#00060c\u00a0\u00bb background_image=\u00a0\u00bbhttps:\/\/projet.alexandre-riffault.fr\/starwars\/wp-content\/uploads\/2019\/05\/Copie-de-Sans-titre-4.png\u00a0\u00bb background_size=\u00a0\u00bbinitial\u00a0\u00bb background_position=\u00a0\u00bbbottom_right\u00a0\u00bb background_repeat=\u00a0\u00bbrepeat\u00a0\u00bb custom_margin=\u00a0\u00bb-2%|||\u00a0\u00bb custom_padding=\u00a0\u00bb39px|0px|54px|0px|false|false\u00a0\u00bb][et_pb_row use_custom_width=\u00a0\u00bbon\u00a0\u00bb width_unit=\u00a0\u00bboff\u00a0\u00bb custom_width_percent=\u00a0\u00bb100%\u00a0\u00bb custom_padding=\u00a0\u00bb0px|||2%\u00a0\u00bb custom_margin=\u00a0\u00bb0px||-3.5%|\u00a0\u00bb padding_top_1=\u00a0\u00bb0px\u00a0\u00bb module_class=\u00a0\u00bbfond_planete\u00a0\u00bb _builder_version=\u00a0\u00bb3.21&Prime; background_image=\u00a0\u00bbhttps:\/\/projet.alexandre-riffault.fr\/starwars\/wp-content\/uploads\/2019\/05\/Tatooine-1-e1557776318309.png\u00a0\u00bb background_size=\u00a0\u00bbcontain\u00a0\u00bb background_position=\u00a0\u00bbbottom_right\u00a0\u00bb][et_pb_column type=\u00a0\u00bb1_2&Prime; _builder_version=\u00a0\u00bb3.21&Prime;][et_pb_text _builder_version=\u00a0\u00bb3.21&Prime; custom_margin=\u00a0\u00bb0px|0px|0px|0px\u00a0\u00bb]<\/p>\n<h1><span style=\"color: #ffffff;\">Historique<\/span><\/h1>\n<p>[\/et_pb_text][et_pb_text module_class=\u00a0\u00bbtexte_historique\u00a0\u00bb _builder_version=\u00a0\u00bb3.21&Prime; text_font=\u00a0\u00bb||||||||\u00a0\u00bb text_text_color=\u00a0\u00bb#0e1b28&Prime; text_font_size=\u00a0\u00bb1.2vw\u00a0\u00bb text_line_height=\u00a0\u00bb1.2em\u00a0\u00bb background_color=\u00a0\u00bbrgba(155,155,155,0.44)\u00a0\u00bb border_radii=\u00a0\u00bbon|10px|10px|10px|10px\u00a0\u00bb border_width_all=\u00a0\u00bb1px\u00a0\u00bb custom_margin=\u00a0\u00bb0px||\u00a0\u00bb custom_padding=\u00a0\u00bb4%|4%|4%|4%|true|true\u00a0\u00bb]<\/p>\n<p><span style=\"color: #ffffff;\">La plan\u00e8te Tatooine a \u00e9t\u00e9 vue pour la premi\u00e8re fois dans le Film Star Wars\u00a0: La Menace Fant\u00f4me. C\u2019est une plan\u00e8te tr\u00e8s peu peupl\u00e9e, elle est contr\u00f4l\u00e9e par les Hutts. Beaucoup d\u2019esclaves vivaient sous le contr\u00f4le de ces cr\u00e9atures. C\u2019\u00e9tait le cas de Shmi Skywalker ainsi que son Fils Anakin. Le Ma\u00eetre Jedi Qui-Gon Jinn a d\u00fb se poser d\u2019urgence sur cette plan\u00e8te afin de faire r\u00e9parer son vaisseau. C\u2019est dans une boutique de pi\u00e8ces d\u00e9tach\u00e9 que le Jedi fait la rencontre d\u2019Anakin. Qui-Gon r\u00e9ussi \u00e0 faire lib\u00e9rer le jeune esclave en faisant un march\u00e9 avec son propri\u00e9taire. Le maitre Jedi souhaite former le jeune enfant pour qu\u2019il puisse devenir un Jedi. Suite au d\u00e9c\u00e8s du maitre Jedi par un Sith, ce fut Obi-Wan Kenobi qui reprit la formation du jeune Skywalker. Quelques ann\u00e9es apr\u00e8s, le Padawan souhaitant retrouver sa m\u00e8re, se rendit sur sa plan\u00e8te d\u2019origine pour tenter de la sauv\u00e9e.<\/span><\/p>\n<p><span style=\"color: #ffffff;\">Nous revoyons la plan\u00e8te d\u00e9serte lorsque Anakin Bascule du C\u00f4t\u00e9 obscur de La force et devient Dark Vador. Luke Skywalker le fils d\u2019anakin et padm\u00e9 grandit dans l\u2019anonymat sur la plan\u00e8te d\u00e9serte. Un jour ce fils rencontrait l\u2019ancien ma\u00eetre d\u2019Anakin, Obi Wan et choisit d\u2019\u00eatre form\u00e9 pour devenir lui aussi un Jedi.<\/span><\/p>\n<p>[\/et_pb_text][\/et_pb_column][et_pb_column type=\u00a0\u00bb1_2&Prime; _builder_version=\u00a0\u00bb3.21&Prime;][et_pb_text _builder_version=\u00a0\u00bb3.21&Prime; custom_margin=\u00a0\u00bb0px|0px|0px|0px\u00a0\u00bb]<\/p>\n<h1><span style=\"color: #ffffff;\">Carte identit\u00e9<\/span><\/h1>\n<p>[\/et_pb_text][et_pb_text _builder_version=\u00a0\u00bb3.21&Prime; text_font=\u00a0\u00bb||||||||\u00a0\u00bb text_text_color=\u00a0\u00bb#ffffff\u00a0\u00bb text_font_size=\u00a0\u00bb1.3vw\u00a0\u00bb text_line_height=\u00a0\u00bb0.5em\u00a0\u00bb text_text_shadow_style=\u00a0\u00bbpreset2&Prime; header_font=\u00a0\u00bb||||||||\u00a0\u00bb background_color=\u00a0\u00bbrgba(155,155,155,0.44)\u00a0\u00bb border_radii=\u00a0\u00bbon|10px|10px|10px|10px\u00a0\u00bb border_width_all=\u00a0\u00bb1px\u00a0\u00bb max_width=\u00a0\u00bb85%\u00a0\u00bb custom_margin=\u00a0\u00bb0px||\u00a0\u00bb custom_padding=\u00a0\u00bb4%|4%|4%|4%|true|true\u00a0\u00bb]<\/p>\n<p><span style=\"color: #ffffff;\">Taille\u00a0: 10\u00a0465 kmRotation\u00a0: 23 heures<\/span><\/p>\n<p><span style=\"color: #ffffff;\">R\u00e9volution\u00a0: 304 jours<\/span><\/p>\n<p><span style=\"color: #ffffff;\">Genre\u00a0: Plan\u00e8te-d\u00e9sert<\/span><\/p>\n<p><span style=\"color: #ffffff;\">Localisation\u00a0: Bordure Ext\u00e9rieure (secteur Arkanis)<\/span><\/p>\n<p><span style=\"color: #ffffff;\">Climat\u00a0: Chaud<\/span><\/p>\n<p><span style=\"color: #ffffff;\">Atmosph\u00e8re\u00a0: Respirable<\/span><\/p>\n<p><span style=\"color: #ffffff;\">Nombres de satellites\u00a0: 3<\/span><\/p>\n<p><span style=\"color: #ffffff;\">Nombres d\u2019\u00e9toiles\u00a0: 2<\/span><\/p>\n<p>[\/et_pb_text][et_pb_code _builder_version=\u00a0\u00bb3.21&Prime;]<script><!-- [et_pb_line_break_holder] -->function readCookie(name) {<!-- [et_pb_line_break_holder] -->    var nameEQ = name + \"=\";<!-- [et_pb_line_break_holder] -->    var ca = document.cookie.split(';');<!-- [et_pb_line_break_holder] -->    for(var i=0;i < ca.length;i++) {<!-- [et_pb_line_break_holder] -->        var c = ca[i];<!-- [et_pb_line_break_holder] -->        while (c.charAt(0)==' ') c = c.substring(1,c.length);<!-- [et_pb_line_break_holder] -->        if (c.indexOf(nameEQ) == 0) return c.substring(nameEQ.length,c.length);<!-- [et_pb_line_break_holder] -->    }<!-- [et_pb_line_break_holder] -->    return null;<!-- [et_pb_line_break_holder] -->}<!-- [et_pb_line_break_holder] -->  let x = readCookie('cursor');<!-- [et_pb_line_break_holder] -->  if(x==1){<!-- [et_pb_line_break_holder] -->    $('html').css('cursor',' url(https:\/\/projet.alexandre-riffault.fr\/starwars\/wp-content\/uploads\/2019\/05\/TIE-Interceptor.png), wait');<!-- [et_pb_line_break_holder] -->  }<!-- [et_pb_line_break_holder] -->  else if(x==0){<!-- [et_pb_line_break_holder] -->    $('html').css('cursor','default',' wait');<!-- [et_pb_line_break_holder] -->  }<!-- [et_pb_line_break_holder] -->  else if(x==2){<!-- [et_pb_line_break_holder] -->    $('html').css('cursor',' url(https:\/\/projet.alexandre-riffault.fr\/starwars\/wp-content\/uploads\/2019\/05\/Curseur-X-Wing.png), wait');<!-- [et_pb_line_break_holder] -->  }<!-- [et_pb_line_break_holder] -->  else if(x==3){<!-- [et_pb_line_break_holder] -->    $('html').css('cursor',' url(https:\/\/projet.alexandre-riffault.fr\/starwars\/wp-content\/uploads\/2019\/05\/curseur_vaisseau.png), wait');<!-- [et_pb_line_break_holder] -->  }<!-- [et_pb_line_break_holder] --><\/script>[\/et_pb_code][\/et_pb_column][\/et_pb_row][\/et_pb_section][et_pb_section fb_built=\u00a0\u00bb1&Prime; disabled_on=\u00a0\u00bboff|off|on\u00a0\u00bb _builder_version=\u00a0\u00bb3.21&Prime; background_image=\u00a0\u00bbhttps:\/\/projet.alexandre-riffault.fr\/starwars\/wp-content\/uploads\/2019\/05\/Copie-de-Sans-titre-4.png\u00a0\u00bb background_size=\u00a0\u00bbinitial\u00a0\u00bb background_repeat=\u00a0\u00bbrepeat\u00a0\u00bb][et_pb_row use_custom_width=\u00a0\u00bbon\u00a0\u00bb width_unit=\u00a0\u00bboff\u00a0\u00bb custom_width_percent=\u00a0\u00bb85%\u00a0\u00bb custom_padding=\u00a0\u00bb5px|0px|27px|0px|false|false\u00a0\u00bb custom_margin=\u00a0\u00bb-7%||-7%||true\u00a0\u00bb _builder_version=\u00a0\u00bb3.21&Prime; background_image=\u00a0\u00bbhttps:\/\/projet.alexandre-riffault.fr\/starwars\/wp-content\/uploads\/2019\/05\/Tatooine.png\u00a0\u00bb background_size=\u00a0\u00bbcontain\u00a0\u00bb background_position=\u00a0\u00bbtop_center\u00a0\u00bb][et_pb_column type=\u00a0\u00bb4_4&Prime; _builder_version=\u00a0\u00bb3.21&Prime;][et_pb_text _builder_version=\u00a0\u00bb3.21&Prime; header_font=\u00a0\u00bb||||||||\u00a0\u00bb header_font_size_phone=\u00a0\u00bb36px\u00a0\u00bb header_font_size_last_edited=\u00a0\u00bbon|phone\u00a0\u00bb custom_margin=\u00a0\u00bb0px|0px|0px|0px\u00a0\u00bb]<\/p>\n<h1><span style=\"color: #ffffff;\">Carte identit\u00e9<\/span><\/h1>\n<p>[\/et_pb_text][et_pb_text _builder_version=\u00a0\u00bb3.21&Prime; text_font=\u00a0\u00bb||||||||\u00a0\u00bb text_text_color=\u00a0\u00bb#0e1b28&Prime; text_font_size=\u00a0\u00bb2vw\u00a0\u00bb text_font_size_phone=\u00a0\u00bb5vw\u00a0\u00bb text_font_size_last_edited=\u00a0\u00bbon|phone\u00a0\u00bb text_line_height=\u00a0\u00bb1.2em\u00a0\u00bb text_text_shadow_style=\u00a0\u00bbpreset2&Prime; background_color=\u00a0\u00bbrgba(155,155,155,0.44)\u00a0\u00bb border_radii=\u00a0\u00bbon|10px|10px|10px|10px\u00a0\u00bb border_width_all=\u00a0\u00bb1px\u00a0\u00bb module_alignment=\u00a0\u00bbcenter\u00a0\u00bb custom_margin=\u00a0\u00bb0px||\u00a0\u00bb custom_padding=\u00a0\u00bb4%|4%|4%|4%|true|true\u00a0\u00bb]<\/p>\n<p><span style=\"color: #ffffff;\">Taille\u00a0: 10\u00a0465 kmRotation\u00a0: 23 heures<\/span><\/p>\n<p><span style=\"color: #ffffff;\">R\u00e9volution\u00a0: 304 jours<\/span><\/p>\n<p><span style=\"color: #ffffff;\">Genre\u00a0: Plan\u00e8te-d\u00e9sert<\/span><\/p>\n<p><span style=\"color: #ffffff;\">Localisation\u00a0: Bordure Ext\u00e9rieure (secteur Arkanis)<\/span><\/p>\n<p><span style=\"color: #ffffff;\">Climat\u00a0: Chaud<\/span><\/p>\n<p><span style=\"color: #ffffff;\">Atmosph\u00e8re\u00a0: Respirable<\/span><\/p>\n<p><span style=\"color: #ffffff;\">Nombres de satellites\u00a0: 3<\/span><\/p>\n<p><span style=\"color: #ffffff;\">Nombres d\u2019\u00e9toiles\u00a0: 2<\/span><\/p>\n<p>[\/et_pb_text][et_pb_text _builder_version=\u00a0\u00bb3.21&Prime; header_font=\u00a0\u00bb||||||||\u00a0\u00bb header_font_size_phone=\u00a0\u00bb37px\u00a0\u00bb header_font_size_last_edited=\u00a0\u00bbon|phone\u00a0\u00bb custom_margin=\u00a0\u00bb0px|0px|0px|0px\u00a0\u00bb]<\/p>\n<h1><span style=\"color: #ffffff;\">Historique<\/span><\/h1>\n<p>[\/et_pb_text][et_pb_text _builder_version=\u00a0\u00bb3.21&Prime; text_font=\u00a0\u00bb||||||||\u00a0\u00bb text_text_color=\u00a0\u00bb#0e1b28&Prime; text_font_size=\u00a0\u00bb2vw\u00a0\u00bb text_font_size_phone=\u00a0\u00bb4vw\u00a0\u00bb text_font_size_last_edited=\u00a0\u00bbon|phone\u00a0\u00bb text_line_height=\u00a0\u00bb1.2em\u00a0\u00bb text_text_shadow_style=\u00a0\u00bbpreset2&Prime; background_color=\u00a0\u00bbrgba(155,155,155,0.44)\u00a0\u00bb border_radii=\u00a0\u00bbon|10px|10px|10px|10px\u00a0\u00bb border_width_all=\u00a0\u00bb1px\u00a0\u00bb custom_margin=\u00a0\u00bb0px||\u00a0\u00bb custom_padding=\u00a0\u00bb4%|4%|4%|4%|true|true\u00a0\u00bb]<\/p>\n<p><span style=\"color: #ffffff;\">La plan\u00e8te Tatooine a \u00e9t\u00e9 vue pour la premi\u00e8re fois dans le Film Star Wars\u00a0: La Menace Fant\u00f4me. C\u2019est une plan\u00e8te tr\u00e8s peu peupl\u00e9e, elle est contr\u00f4l\u00e9e par les Hutts. Beaucoup d\u2019esclaves vivaient sous le contr\u00f4le de ces cr\u00e9atures. C\u2019\u00e9tait le cas de Shmi Skywalker ainsi que son Fils Anakin. Le Ma\u00eetre Jedi Qui-Gon Jinn a d\u00fb se poser d\u2019urgence sur cette plan\u00e8te afin de faire r\u00e9parer son vaisseau. C\u2019est dans une boutique de pi\u00e8ces d\u00e9tach\u00e9 que le Jedi fait la rencontre d\u2019Anakin. Qui-Gon r\u00e9ussi \u00e0 faire lib\u00e9rer le jeune esclave en faisant un march\u00e9 avec son propri\u00e9taire. Le maitre Jedi souhaite former le jeune enfant pour qu\u2019il puisse devenir un Jedi. Suite au d\u00e9c\u00e8s du maitre Jedi par un Sith, ce fut Obi-Wan Kenobi qui reprit la formation du jeune Skywalker. Quelques ann\u00e9es apr\u00e8s, le Padawan souhaitant retrouver sa m\u00e8re, se rendit sur sa plan\u00e8te d\u2019origine pour tenter de la sauv\u00e9e.<\/span><\/p>\n<p><span style=\"color: #ffffff;\">Nous revoyons la plan\u00e8te d\u00e9serte lorsque Anakin Bascule du C\u00f4t\u00e9 obscur de La force et devient Dark Vador. Luke Skywalker le fils d\u2019anakin et padm\u00e9 grandit dans l\u2019anonymat sur la plan\u00e8te d\u00e9serte. Un jour ce fils rencontrait l\u2019ancien ma\u00eetre d\u2019Anakin, Obi Wan et choisit d\u2019\u00eatre form\u00e9 pour devenir lui aussi un Jedi.<\/span><\/p>\n<p>[\/et_pb_text][\/et_pb_column][\/et_pb_row][\/et_pb_section]<\/p>\n","protected":false},"excerpt":{"rendered":"<p>[et_pb_section fb_built=\u00a0\u00bb1&Prime; disabled_on=\u00a0\u00bbon|on|off\u00a0\u00bb module_class=\u00a0\u00bbtaille_page\u00a0\u00bb _builder_version=\u00a0\u00bb3.21&Prime; background_color=\u00a0\u00bb#00060c\u00a0\u00bb background_image=\u00a0\u00bbhttps:\/\/projet.alexandre-riffault.fr\/starwars\/wp-content\/uploads\/2019\/05\/Copie-de-Sans-titre-4.png\u00a0\u00bb background_size=\u00a0\u00bbinitial\u00a0\u00bb background_position=\u00a0\u00bbbottom_right\u00a0\u00bb background_repeat=\u00a0\u00bbrepeat\u00a0\u00bb custom_margin=\u00a0\u00bb-2%|||\u00a0\u00bb custom_padding=\u00a0\u00bb39px|0px|54px|0px|false|false\u00a0\u00bb][et_pb_row use_custom_width=\u00a0\u00bbon\u00a0\u00bb width_unit=\u00a0\u00bboff\u00a0\u00bb custom_width_percent=\u00a0\u00bb100%\u00a0\u00bb custom_padding=\u00a0\u00bb0px|||2%\u00a0\u00bb custom_margin=\u00a0\u00bb0px||-3.5%|\u00a0\u00bb padding_top_1=\u00a0\u00bb0px\u00a0\u00bb module_class=\u00a0\u00bbfond_planete\u00a0\u00bb _builder_version=\u00a0\u00bb3.21&Prime; background_image=\u00a0\u00bbhttps:\/\/projet.alexandre-riffault.fr\/starwars\/wp-content\/uploads\/2019\/05\/Tatooine-1-e1557776318309.png\u00a0\u00bb background_size=\u00a0\u00bbcontain\u00a0\u00bb background_position=\u00a0\u00bbbottom_right\u00a0\u00bb][et_pb_column type=\u00a0\u00bb1_2&Prime; _builder_version=\u00a0\u00bb3.21&Prime;][et_pb_text _builder_version=\u00a0\u00bb3.21&Prime; custom_margin=\u00a0\u00bb0px|0px|0px|0px\u00a0\u00bb] Historique [\/et_pb_text][et_pb_text module_class=\u00a0\u00bbtexte_historique\u00a0\u00bb _builder_version=\u00a0\u00bb3.21&Prime; text_font=\u00a0\u00bb||||||||\u00a0\u00bb text_text_color=\u00a0\u00bb#0e1b28&Prime; text_font_size=\u00a0\u00bb1.2vw\u00a0\u00bb text_line_height=\u00a0\u00bb1.2em\u00a0\u00bb background_color=\u00a0\u00bbrgba(155,155,155,0.44)\u00a0\u00bb border_radii=\u00a0\u00bbon|10px|10px|10px|10px\u00a0\u00bb border_width_all=\u00a0\u00bb1px\u00a0\u00bb custom_margin=\u00a0\u00bb0px||\u00a0\u00bb custom_padding=\u00a0\u00bb4%|4%|4%|4%|true|true\u00a0\u00bb] La plan\u00e8te Tatooine a \u00e9t\u00e9 vue pour la premi\u00e8re fois dans le Film Star Wars\u00a0: [&hellip;]<\/p>\n","protected":false},"author":3,"featured_media":0,"parent":0,"menu_order":0,"comment_status":"closed","ping_status":"closed","template":"","meta":{"_et_pb_use_builder":"on","_et_pb_old_content":""},"yoast_head":"<!-- This site is optimized with the Yoast SEO plugin v19.4 - https:\/\/yoast.com\/wordpress\/plugins\/seo\/ -->\n<title>Tatooine &ndash; Star wars<\/title>\n<meta name=\"robots\" content=\"index, follow, max-snippet:-1, max-image-preview:large, max-video-preview:-1\" \/>\n<link rel=\"canonical\" href=\"https:\/\/projet.alexandre-riffault.fr\/starwars\/tatooine\/\" \/>\n<meta property=\"og:locale\" content=\"fr_FR\" \/>\n<meta property=\"og:type\" content=\"article\" \/>\n<meta property=\"og:title\" content=\"Tatooine &ndash; Star wars\" \/>\n<meta property=\"og:description\" content=\"[et_pb_section fb_built=\u00a0\u00bb1&Prime; disabled_on=\u00a0\u00bbon|on|off\u00a0\u00bb module_class=\u00a0\u00bbtaille_page\u00a0\u00bb _builder_version=\u00a0\u00bb3.21&Prime; background_color=\u00a0\u00bb#00060c\u00a0\u00bb background_image=\u00a0\u00bbhttps:\/\/projet.alexandre-riffault.fr\/starwars\/wp-content\/uploads\/2019\/05\/Copie-de-Sans-titre-4.png\u00a0\u00bb background_size=\u00a0\u00bbinitial\u00a0\u00bb background_position=\u00a0\u00bbbottom_right\u00a0\u00bb background_repeat=\u00a0\u00bbrepeat\u00a0\u00bb custom_margin=\u00a0\u00bb-2%|||\u00a0\u00bb custom_padding=\u00a0\u00bb39px|0px|54px|0px|false|false\u00a0\u00bb][et_pb_row use_custom_width=\u00a0\u00bbon\u00a0\u00bb width_unit=\u00a0\u00bboff\u00a0\u00bb custom_width_percent=\u00a0\u00bb100%\u00a0\u00bb custom_padding=\u00a0\u00bb0px|||2%\u00a0\u00bb custom_margin=\u00a0\u00bb0px||-3.5%|\u00a0\u00bb padding_top_1=\u00a0\u00bb0px\u00a0\u00bb module_class=\u00a0\u00bbfond_planete\u00a0\u00bb _builder_version=\u00a0\u00bb3.21&Prime; background_image=\u00a0\u00bbhttps:\/\/projet.alexandre-riffault.fr\/starwars\/wp-content\/uploads\/2019\/05\/Tatooine-1-e1557776318309.png\u00a0\u00bb background_size=\u00a0\u00bbcontain\u00a0\u00bb background_position=\u00a0\u00bbbottom_right\u00a0\u00bb][et_pb_column type=\u00a0\u00bb1_2&Prime; _builder_version=\u00a0\u00bb3.21&Prime;][et_pb_text _builder_version=\u00a0\u00bb3.21&Prime; custom_margin=\u00a0\u00bb0px|0px|0px|0px\u00a0\u00bb] Historique [\/et_pb_text][et_pb_text module_class=\u00a0\u00bbtexte_historique\u00a0\u00bb _builder_version=\u00a0\u00bb3.21&Prime; text_font=\u00a0\u00bb||||||||\u00a0\u00bb text_text_color=\u00a0\u00bb#0e1b28&Prime; text_font_size=\u00a0\u00bb1.2vw\u00a0\u00bb text_line_height=\u00a0\u00bb1.2em\u00a0\u00bb background_color=\u00a0\u00bbrgba(155,155,155,0.44)\u00a0\u00bb border_radii=\u00a0\u00bbon|10px|10px|10px|10px\u00a0\u00bb border_width_all=\u00a0\u00bb1px\u00a0\u00bb custom_margin=\u00a0\u00bb0px||\u00a0\u00bb custom_padding=\u00a0\u00bb4%|4%|4%|4%|true|true\u00a0\u00bb] La plan\u00e8te Tatooine a \u00e9t\u00e9 vue pour la premi\u00e8re fois dans le Film Star Wars\u00a0: [&hellip;]\" \/>\n<meta property=\"og:url\" content=\"https:\/\/projet.alexandre-riffault.fr\/starwars\/tatooine\/\" \/>\n<meta property=\"og:site_name\" content=\"Star wars\" \/>\n<meta property=\"article:modified_time\" content=\"2019-05-15T08:26:25+00:00\" \/>\n<meta name=\"twitter:card\" content=\"summary_large_image\" \/>\n<meta name=\"twitter:label1\" content=\"Dur\u00e9e de lecture estim\u00e9e\" \/>\n\t<meta name=\"twitter:data1\" content=\"5 minutes\" \/>\n<script type=\"application\/ld+json\" class=\"yoast-schema-graph\">{\"@context\":\"https:\/\/schema.org\",\"@graph\":[{\"@type\":\"Organization\",\"@id\":\"https:\/\/projet.alexandre-riffault.fr\/starwars\/#organization\",\"name\":\"Star wars galaxy road\",\"url\":\"https:\/\/projet.alexandre-riffault.fr\/starwars\/\",\"sameAs\":[],\"logo\":{\"@type\":\"ImageObject\",\"inLanguage\":\"fr-FR\",\"@id\":\"https:\/\/projet.alexandre-riffault.fr\/starwars\/#\/schema\/logo\/image\/\",\"url\":\"https:\/\/projet.alexandre-riffault.fr\/starwars\/wp-content\/uploads\/2019\/05\/logo-projet-S.png\",\"contentUrl\":\"https:\/\/projet.alexandre-riffault.fr\/starwars\/wp-content\/uploads\/2019\/05\/logo-projet-S.png\",\"width\":413,\"height\":248,\"caption\":\"Star wars galaxy road\"},\"image\":{\"@id\":\"https:\/\/projet.alexandre-riffault.fr\/starwars\/#\/schema\/logo\/image\/\"}},{\"@type\":\"WebSite\",\"@id\":\"https:\/\/projet.alexandre-riffault.fr\/starwars\/#website\",\"url\":\"https:\/\/projet.alexandre-riffault.fr\/starwars\/\",\"name\":\"Star wars\",\"description\":\"\",\"publisher\":{\"@id\":\"https:\/\/projet.alexandre-riffault.fr\/starwars\/#organization\"},\"potentialAction\":[{\"@type\":\"SearchAction\",\"target\":{\"@type\":\"EntryPoint\",\"urlTemplate\":\"https:\/\/projet.alexandre-riffault.fr\/starwars\/?s={search_term_string}\"},\"query-input\":\"required name=search_term_string\"}],\"inLanguage\":\"fr-FR\"},{\"@type\":\"WebPage\",\"@id\":\"https:\/\/projet.alexandre-riffault.fr\/starwars\/tatooine\/\",\"url\":\"https:\/\/projet.alexandre-riffault.fr\/starwars\/tatooine\/\",\"name\":\"Tatooine &ndash; Star wars\",\"isPartOf\":{\"@id\":\"https:\/\/projet.alexandre-riffault.fr\/starwars\/#website\"},\"datePublished\":\"2019-05-08T14:24:25+00:00\",\"dateModified\":\"2019-05-15T08:26:25+00:00\",\"breadcrumb\":{\"@id\":\"https:\/\/projet.alexandre-riffault.fr\/starwars\/tatooine\/#breadcrumb\"},\"inLanguage\":\"fr-FR\",\"potentialAction\":[{\"@type\":\"ReadAction\",\"target\":[\"https:\/\/projet.alexandre-riffault.fr\/starwars\/tatooine\/\"]}]},{\"@type\":\"BreadcrumbList\",\"@id\":\"https:\/\/projet.alexandre-riffault.fr\/starwars\/tatooine\/#breadcrumb\",\"itemListElement\":[{\"@type\":\"ListItem\",\"position\":1,\"name\":\"Accueil\",\"item\":\"https:\/\/projet.alexandre-riffault.fr\/starwars\/\"},{\"@type\":\"ListItem\",\"position\":2,\"name\":\"Tatooine\"}]}]}<\/script>\n<!-- \/ Yoast SEO plugin. -->","yoast_head_json":{"title":"Tatooine &ndash; Star wars","robots":{"index":"index","follow":"follow","max-snippet":"max-snippet:-1","max-image-preview":"max-image-preview:large","max-video-preview":"max-video-preview:-1"},"canonical":"https:\/\/projet.alexandre-riffault.fr\/starwars\/tatooine\/","og_locale":"fr_FR","og_type":"article","og_title":"Tatooine &ndash; Star wars","og_description":"[et_pb_section fb_built=\u00a0\u00bb1&Prime; disabled_on=\u00a0\u00bbon|on|off\u00a0\u00bb module_class=\u00a0\u00bbtaille_page\u00a0\u00bb _builder_version=\u00a0\u00bb3.21&Prime; background_color=\u00a0\u00bb#00060c\u00a0\u00bb background_image=\u00a0\u00bbhttps:\/\/projet.alexandre-riffault.fr\/starwars\/wp-content\/uploads\/2019\/05\/Copie-de-Sans-titre-4.png\u00a0\u00bb background_size=\u00a0\u00bbinitial\u00a0\u00bb background_position=\u00a0\u00bbbottom_right\u00a0\u00bb background_repeat=\u00a0\u00bbrepeat\u00a0\u00bb custom_margin=\u00a0\u00bb-2%|||\u00a0\u00bb custom_padding=\u00a0\u00bb39px|0px|54px|0px|false|false\u00a0\u00bb][et_pb_row use_custom_width=\u00a0\u00bbon\u00a0\u00bb width_unit=\u00a0\u00bboff\u00a0\u00bb custom_width_percent=\u00a0\u00bb100%\u00a0\u00bb custom_padding=\u00a0\u00bb0px|||2%\u00a0\u00bb custom_margin=\u00a0\u00bb0px||-3.5%|\u00a0\u00bb padding_top_1=\u00a0\u00bb0px\u00a0\u00bb module_class=\u00a0\u00bbfond_planete\u00a0\u00bb _builder_version=\u00a0\u00bb3.21&Prime; background_image=\u00a0\u00bbhttps:\/\/projet.alexandre-riffault.fr\/starwars\/wp-content\/uploads\/2019\/05\/Tatooine-1-e1557776318309.png\u00a0\u00bb background_size=\u00a0\u00bbcontain\u00a0\u00bb background_position=\u00a0\u00bbbottom_right\u00a0\u00bb][et_pb_column type=\u00a0\u00bb1_2&Prime; _builder_version=\u00a0\u00bb3.21&Prime;][et_pb_text _builder_version=\u00a0\u00bb3.21&Prime; custom_margin=\u00a0\u00bb0px|0px|0px|0px\u00a0\u00bb] Historique [\/et_pb_text][et_pb_text module_class=\u00a0\u00bbtexte_historique\u00a0\u00bb _builder_version=\u00a0\u00bb3.21&Prime; text_font=\u00a0\u00bb||||||||\u00a0\u00bb text_text_color=\u00a0\u00bb#0e1b28&Prime; text_font_size=\u00a0\u00bb1.2vw\u00a0\u00bb text_line_height=\u00a0\u00bb1.2em\u00a0\u00bb background_color=\u00a0\u00bbrgba(155,155,155,0.44)\u00a0\u00bb border_radii=\u00a0\u00bbon|10px|10px|10px|10px\u00a0\u00bb border_width_all=\u00a0\u00bb1px\u00a0\u00bb custom_margin=\u00a0\u00bb0px||\u00a0\u00bb custom_padding=\u00a0\u00bb4%|4%|4%|4%|true|true\u00a0\u00bb] La plan\u00e8te Tatooine a \u00e9t\u00e9 vue pour la premi\u00e8re fois dans le Film Star Wars\u00a0: [&hellip;]","og_url":"https:\/\/projet.alexandre-riffault.fr\/starwars\/tatooine\/","og_site_name":"Star wars","article_modified_time":"2019-05-15T08:26:25+00:00","twitter_card":"summary_large_image","twitter_misc":{"Dur\u00e9e de lecture estim\u00e9e":"5 minutes"},"schema":{"@context":"https:\/\/schema.org","@graph":[{"@type":"Organization","@id":"https:\/\/projet.alexandre-riffault.fr\/starwars\/#organization","name":"Star wars galaxy road","url":"https:\/\/projet.alexandre-riffault.fr\/starwars\/","sameAs":[],"logo":{"@type":"ImageObject","inLanguage":"fr-FR","@id":"https:\/\/projet.alexandre-riffault.fr\/starwars\/#\/schema\/logo\/image\/","url":"https:\/\/projet.alexandre-riffault.fr\/starwars\/wp-content\/uploads\/2019\/05\/logo-projet-S.png","contentUrl":"https:\/\/projet.alexandre-riffault.fr\/starwars\/wp-content\/uploads\/2019\/05\/logo-projet-S.png","width":413,"height":248,"caption":"Star wars galaxy road"},"image":{"@id":"https:\/\/projet.alexandre-riffault.fr\/starwars\/#\/schema\/logo\/image\/"}},{"@type":"WebSite","@id":"https:\/\/projet.alexandre-riffault.fr\/starwars\/#website","url":"https:\/\/projet.alexandre-riffault.fr\/starwars\/","name":"Star wars","description":"","publisher":{"@id":"https:\/\/projet.alexandre-riffault.fr\/starwars\/#organization"},"potentialAction":[{"@type":"SearchAction","target":{"@type":"EntryPoint","urlTemplate":"https:\/\/projet.alexandre-riffault.fr\/starwars\/?s={search_term_string}"},"query-input":"required name=search_term_string"}],"inLanguage":"fr-FR"},{"@type":"WebPage","@id":"https:\/\/projet.alexandre-riffault.fr\/starwars\/tatooine\/","url":"https:\/\/projet.alexandre-riffault.fr\/starwars\/tatooine\/","name":"Tatooine &ndash; Star wars","isPartOf":{"@id":"https:\/\/projet.alexandre-riffault.fr\/starwars\/#website"},"datePublished":"2019-05-08T14:24:25+00:00","dateModified":"2019-05-15T08:26:25+00:00","breadcrumb":{"@id":"https:\/\/projet.alexandre-riffault.fr\/starwars\/tatooine\/#breadcrumb"},"inLanguage":"fr-FR","potentialAction":[{"@type":"ReadAction","target":["https:\/\/projet.alexandre-riffault.fr\/starwars\/tatooine\/"]}]},{"@type":"BreadcrumbList","@id":"https:\/\/projet.alexandre-riffault.fr\/starwars\/tatooine\/#breadcrumb","itemListElement":[{"@type":"ListItem","position":1,"name":"Accueil","item":"https:\/\/projet.alexandre-riffault.fr\/starwars\/"},{"@type":"ListItem","position":2,"name":"Tatooine"}]}]}},"_links":{"self":[{"href":"https:\/\/projet.alexandre-riffault.fr\/starwars\/wp-json\/wp\/v2\/pages\/401"}],"collection":[{"href":"https:\/\/projet.alexandre-riffault.fr\/starwars\/wp-json\/wp\/v2\/pages"}],"about":[{"href":"https:\/\/projet.alexandre-riffault.fr\/starwars\/wp-json\/wp\/v2\/types\/page"}],"author":[{"embeddable":true,"href":"https:\/\/projet.alexandre-riffault.fr\/starwars\/wp-json\/wp\/v2\/users\/3"}],"replies":[{"embeddable":true,"href":"https:\/\/projet.alexandre-riffault.fr\/starwars\/wp-json\/wp\/v2\/comments?post=401"}],"version-history":[{"count":16,"href":"https:\/\/projet.alexandre-riffault.fr\/starwars\/wp-json\/wp\/v2\/pages\/401\/revisions"}],"predecessor-version":[{"id":1809,"href":"https:\/\/projet.alexandre-riffault.fr\/starwars\/wp-json\/wp\/v2\/pages\/401\/revisions\/1809"}],"wp:attachment":[{"href":"https:\/\/projet.alexandre-riffault.fr\/starwars\/wp-json\/wp\/v2\/media?parent=401"}],"curies":[{"name":"wp","href":"https:\/\/api.w.org\/{rel}","templated":true}]}}