{"id":403,"date":"2019-05-08T16:25:24","date_gmt":"2019-05-08T14:25:24","guid":{"rendered":"https:\/\/projet.alexandre-riffault.fr\/starwars\/?page_id=403"},"modified":"2019-05-15T10:24:04","modified_gmt":"2019-05-15T08:24:04","slug":"naboo","status":"publish","type":"page","link":"https:\/\/projet.alexandre-riffault.fr\/starwars\/naboo\/","title":{"rendered":"Naboo"},"content":{"rendered":"<p>[et_pb_section fb_built=\u00a0\u00bb1&Prime; disabled_on=\u00a0\u00bbon|on|off\u00a0\u00bb module_class=\u00a0\u00bbtaille_page\u00a0\u00bb _builder_version=\u00a0\u00bb3.21&Prime; background_color=\u00a0\u00bb#00060c\u00a0\u00bb background_image=\u00a0\u00bbhttps:\/\/projet.alexandre-riffault.fr\/starwars\/wp-content\/uploads\/2019\/05\/Copie-de-Sans-titre-4.png\u00a0\u00bb background_size=\u00a0\u00bbinitial\u00a0\u00bb background_position=\u00a0\u00bbbottom_right\u00a0\u00bb background_repeat=\u00a0\u00bbrepeat\u00a0\u00bb custom_margin=\u00a0\u00bb-2%|||\u00a0\u00bb custom_padding=\u00a0\u00bb39px|0px|54px|0px|false|false\u00a0\u00bb][et_pb_row use_custom_width=\u00a0\u00bbon\u00a0\u00bb width_unit=\u00a0\u00bboff\u00a0\u00bb custom_width_percent=\u00a0\u00bb100%\u00a0\u00bb custom_padding=\u00a0\u00bb0px|||2%\u00a0\u00bb custom_margin=\u00a0\u00bb0px||-3.5%|\u00a0\u00bb padding_top_1=\u00a0\u00bb0px\u00a0\u00bb module_class=\u00a0\u00bbfond_planete\u00a0\u00bb _builder_version=\u00a0\u00bb3.21&Prime; background_image=\u00a0\u00bbhttps:\/\/projet.alexandre-riffault.fr\/starwars\/wp-content\/uploads\/2019\/05\/Naboo-2-e1557736245795.png\u00a0\u00bb background_size=\u00a0\u00bbcontain\u00a0\u00bb background_position=\u00a0\u00bbbottom_right\u00a0\u00bb][et_pb_column type=\u00a0\u00bb1_2&Prime; _builder_version=\u00a0\u00bb3.21&Prime;][et_pb_text _builder_version=\u00a0\u00bb3.21&Prime; custom_margin=\u00a0\u00bb0px|0px|0px|0px\u00a0\u00bb]<\/p>\n<h1><span style=\"color: #ffffff;\">Historique<\/span><\/h1>\n<p>[\/et_pb_text][et_pb_text module_class=\u00a0\u00bbtexte_historique\u00a0\u00bb _builder_version=\u00a0\u00bb3.21&Prime; text_font=\u00a0\u00bb||||||||\u00a0\u00bb text_text_color=\u00a0\u00bb#0e1b28&Prime; text_font_size=\u00a0\u00bb1.3vw\u00a0\u00bb text_line_height=\u00a0\u00bb1.2em\u00a0\u00bb text_text_shadow_style=\u00a0\u00bbpreset2&Prime; background_color=\u00a0\u00bbrgba(155,155,155,0.44)\u00a0\u00bb border_radii=\u00a0\u00bbon|10px|10px|10px|10px\u00a0\u00bb border_width_all=\u00a0\u00bb1px\u00a0\u00bb custom_margin=\u00a0\u00bb0px||\u00a0\u00bb custom_padding=\u00a0\u00bb4%|4%|4%|4%|true|true\u00a0\u00bb]<\/p>\n<p><span style=\"font-weight: 400; color: #ffffff;\">Naboo se compose principalement de lacs, de collines et de prairies. Deux esp\u00e8ces y cohabitent: les humain et les Gungans. \u00a0L\u2019architecture traditionaliste de la plan\u00e8te est particuli\u00e8rement riche et fait sa renomm\u00e9 dans l\u2019ensemble de la galaxie. La structure interne de Naboo est compos\u00e9e de cavernes oc\u00e9aniques, cette partie de la plan\u00e8te reste encore aujourd\u2019hui inexplor\u00e9 car habit\u00e9 par de nombreux monstres marins. <\/span><\/p>\n<p><span style=\"font-weight: 400; color: #ffffff;\">Naboo est la plan\u00e8te natale de plusieurs personnages capitaux dans la sage comme Padm\u00e9 Amidala qui en deviendra reine par la suite. La plan\u00e8te est \u00e9galement connue pour la bataille qui s\u2019y d\u00e9roula entre la R\u00e9publique et la f\u00e9d\u00e9ration du commerce durant le deuxi\u00e8me \u00e9pisodes de la trilogie. <\/span><\/p>\n<p><span style=\"font-weight: 400; color: #ffffff;\">Gr\u00e2ce \u00e0 la d\u00e9termination de la reine reine Padm\u00e9 Amidala et de Anakin Skywalker, le peuple Naboo arrive \u00e0 repousser l&rsquo;assaut de la f\u00e9d\u00e9ration du commerce. <\/span><\/p>\n<p>[\/et_pb_text][\/et_pb_column][et_pb_column type=\u00a0\u00bb1_2&Prime; _builder_version=\u00a0\u00bb3.21&Prime;][et_pb_text _builder_version=\u00a0\u00bb3.21&Prime; custom_margin=\u00a0\u00bb0px|0px|0px|0px\u00a0\u00bb]<\/p>\n<h1><span style=\"color: #ffffff;\">Carte identit\u00e9<\/span><\/h1>\n<p>[\/et_pb_text][et_pb_text _builder_version=\u00a0\u00bb3.21&Prime; text_font=\u00a0\u00bb||||||||\u00a0\u00bb text_text_color=\u00a0\u00bb#0e1b28&Prime; text_font_size=\u00a0\u00bb1.3vw\u00a0\u00bb text_line_height=\u00a0\u00bb0.4em\u00a0\u00bb text_text_shadow_style=\u00a0\u00bbpreset2&Prime; header_font=\u00a0\u00bb||||||||\u00a0\u00bb background_color=\u00a0\u00bbrgba(155,155,155,0.44)\u00a0\u00bb border_radii=\u00a0\u00bbon|10px|10px|10px|10px\u00a0\u00bb border_width_all=\u00a0\u00bb1px\u00a0\u00bb max_width=\u00a0\u00bb85%\u00a0\u00bb custom_margin=\u00a0\u00bb0px||\u00a0\u00bb custom_padding=\u00a0\u00bb4%|4%|4%|4%|true|true\u00a0\u00bb]<\/p>\n<p><span style=\"font-weight: 400; color: #ffffff;\">Taille : 12 120 km<\/span><\/p>\n<p><span style=\"font-weight: 400; color: #ffffff;\">Rotation : 24 h<\/span><\/p>\n<p><span style=\"font-weight: 400; color: #ffffff;\">R\u00e9volution : 312 j<\/span><\/p>\n<p><span style=\"font-weight: 400; color: #ffffff;\">Type : Tellurique<\/span><\/p>\n<p><span style=\"font-weight: 400; color: #ffffff;\">Nombre d\u2019\u00e9toiles : 1<\/span><\/p>\n<p><span style=\"font-weight: 400; color: #ffffff;\">Nombre de satellites : 2 lunes <\/span><\/p>\n<p><span style=\"font-weight: 400; color: #ffffff;\">Climat : \u200eRespirable, oc\u00e9anique <\/span><\/p>\n<p><span style=\"font-weight: 400; color: #ffffff;\">Esp\u00e8ce dominante : Humains et Gungans (esp\u00e8ce <\/span><\/p>\n<p><span style=\"font-weight: 400; color: #ffffff;\">amphibienne) <\/span><\/p>\n<p><span style=\"font-weight: 400;\"><span style=\"color: #ffffff;\">Position : Bordure M\u00e9diane, secteur Chommell<\/span> <\/span><\/p>\n<p>[\/et_pb_text][et_pb_code _builder_version=\u00a0\u00bb3.21&Prime;]<script><!-- [et_pb_line_break_holder] -->function readCookie(name) {<!-- [et_pb_line_break_holder] -->    var nameEQ = name + \"=\";<!-- [et_pb_line_break_holder] -->    var ca = document.cookie.split(';');<!-- [et_pb_line_break_holder] -->    for(var i=0;i < ca.length;i++) {<!-- [et_pb_line_break_holder] -->        var c = ca[i];<!-- [et_pb_line_break_holder] -->        while (c.charAt(0)==' ') c = c.substring(1,c.length);<!-- [et_pb_line_break_holder] -->        if (c.indexOf(nameEQ) == 0) return c.substring(nameEQ.length,c.length);<!-- [et_pb_line_break_holder] -->    }<!-- [et_pb_line_break_holder] -->    return null;<!-- [et_pb_line_break_holder] -->}<!-- [et_pb_line_break_holder] -->  let x = readCookie('cursor');<!-- [et_pb_line_break_holder] -->  if(x==1){<!-- [et_pb_line_break_holder] -->    $('html').css('cursor',' url(https:\/\/projet.alexandre-riffault.fr\/starwars\/wp-content\/uploads\/2019\/05\/TIE-Interceptor.png), wait');<!-- [et_pb_line_break_holder] -->  }<!-- [et_pb_line_break_holder] -->  else if(x==0){<!-- [et_pb_line_break_holder] -->    $('html').css('cursor','default',' wait');<!-- [et_pb_line_break_holder] -->  }<!-- [et_pb_line_break_holder] -->  else if(x==2){<!-- [et_pb_line_break_holder] -->    $('html').css('cursor',' url(https:\/\/projet.alexandre-riffault.fr\/starwars\/wp-content\/uploads\/2019\/05\/Curseur-X-Wing.png), wait');<!-- [et_pb_line_break_holder] -->  }<!-- [et_pb_line_break_holder] -->  else if(x==3){<!-- [et_pb_line_break_holder] -->    $('html').css('cursor',' url(https:\/\/projet.alexandre-riffault.fr\/starwars\/wp-content\/uploads\/2019\/05\/curseur_vaisseau.png), wait');<!-- [et_pb_line_break_holder] -->  }<!-- [et_pb_line_break_holder] --><\/script>[\/et_pb_code][\/et_pb_column][\/et_pb_row][\/et_pb_section][et_pb_section fb_built=\u00a0\u00bb1&Prime; disabled_on=\u00a0\u00bboff|off|on\u00a0\u00bb _builder_version=\u00a0\u00bb3.21&Prime; background_image=\u00a0\u00bbhttps:\/\/projet.alexandre-riffault.fr\/starwars\/wp-content\/uploads\/2019\/05\/Copie-de-Sans-titre-4.png\u00a0\u00bb background_size=\u00a0\u00bbinitial\u00a0\u00bb background_repeat=\u00a0\u00bbrepeat\u00a0\u00bb][et_pb_row use_custom_width=\u00a0\u00bbon\u00a0\u00bb width_unit=\u00a0\u00bboff\u00a0\u00bb custom_width_percent=\u00a0\u00bb85%\u00a0\u00bb custom_padding=\u00a0\u00bb5px|0px|27px|0px|false|false\u00a0\u00bb custom_margin=\u00a0\u00bb-7%||-7%||true\u00a0\u00bb _builder_version=\u00a0\u00bb3.21&Prime; background_image=\u00a0\u00bbhttps:\/\/projet.alexandre-riffault.fr\/starwars\/wp-content\/uploads\/2019\/05\/Naboo-1.png\u00a0\u00bb background_size=\u00a0\u00bbcontain\u00a0\u00bb background_position=\u00a0\u00bbtop_center\u00a0\u00bb][et_pb_column type=\u00a0\u00bb4_4&Prime; _builder_version=\u00a0\u00bb3.21&Prime;][et_pb_text _builder_version=\u00a0\u00bb3.21&Prime; header_font=\u00a0\u00bb||||||||\u00a0\u00bb header_font_size_phone=\u00a0\u00bb36px\u00a0\u00bb header_font_size_last_edited=\u00a0\u00bbon|phone\u00a0\u00bb custom_margin=\u00a0\u00bb0px|0px|0px|0px\u00a0\u00bb]<\/p>\n<h1><span style=\"color: #ffffff;\">Carte identit\u00e9<\/span><\/h1>\n<p>[\/et_pb_text][et_pb_text _builder_version=\u00a0\u00bb3.21&Prime; text_font=\u00a0\u00bb||||||||\u00a0\u00bb text_text_color=\u00a0\u00bb#0e1b28&Prime; text_font_size=\u00a0\u00bb2vw\u00a0\u00bb text_font_size_phone=\u00a0\u00bb5vw\u00a0\u00bb text_font_size_last_edited=\u00a0\u00bbon|phone\u00a0\u00bb text_line_height=\u00a0\u00bb1.2em\u00a0\u00bb text_text_shadow_style=\u00a0\u00bbpreset2&Prime; background_color=\u00a0\u00bbrgba(155,155,155,0.44)\u00a0\u00bb border_radii=\u00a0\u00bbon|10px|10px|10px|10px\u00a0\u00bb border_width_all=\u00a0\u00bb1px\u00a0\u00bb module_alignment=\u00a0\u00bbcenter\u00a0\u00bb custom_margin=\u00a0\u00bb0px||\u00a0\u00bb custom_padding=\u00a0\u00bb4%|4%|4%|4%|true|true\u00a0\u00bb]<\/p>\n<p><span style=\"color: #ffffff;\">Taille : 12 120 km<\/span><\/p>\n<p><span style=\"color: #ffffff;\">Rotation : 24 h<\/span><\/p>\n<p><span style=\"color: #ffffff;\">R\u00e9volution : 312 j<\/span><\/p>\n<p><span style=\"color: #ffffff;\">Type : Tellurique<\/span><\/p>\n<p><span style=\"color: #ffffff;\">Nombre d\u2019\u00e9toiles : 1<\/span><\/p>\n<p><span style=\"color: #ffffff;\">Nombre de satellites : 2 lunes <\/span><\/p>\n<p><span style=\"color: #ffffff;\">Climat : \u200eRespirable, oc\u00e9anique <\/span><\/p>\n<p><span style=\"color: #ffffff;\">Esp\u00e8ce dominante : Humains et Gungans (esp\u00e8ce <\/span><\/p>\n<p><span style=\"color: #ffffff;\">amphibienne) <\/span><\/p>\n<p><span style=\"color: #ffffff;\">Position : Bordure M\u00e9diane, secteur Chommell <\/span><\/p>\n<p>[\/et_pb_text][et_pb_text _builder_version=\u00a0\u00bb3.21&Prime; header_font=\u00a0\u00bb||||||||\u00a0\u00bb header_font_size_phone=\u00a0\u00bb37px\u00a0\u00bb header_font_size_last_edited=\u00a0\u00bbon|phone\u00a0\u00bb custom_margin=\u00a0\u00bb0px|0px|0px|0px\u00a0\u00bb]<\/p>\n<h1><span style=\"color: #ffffff;\">Historique<\/span><\/h1>\n<p>[\/et_pb_text][et_pb_text _builder_version=\u00a0\u00bb3.21&Prime; text_font=\u00a0\u00bb||||||||\u00a0\u00bb text_text_color=\u00a0\u00bb#0e1b28&Prime; text_font_size=\u00a0\u00bb2vw\u00a0\u00bb text_font_size_phone=\u00a0\u00bb4vw\u00a0\u00bb text_font_size_last_edited=\u00a0\u00bbon|phone\u00a0\u00bb text_line_height=\u00a0\u00bb1.2em\u00a0\u00bb text_text_shadow_style=\u00a0\u00bbpreset2&Prime; background_color=\u00a0\u00bbrgba(155,155,155,0.44)\u00a0\u00bb border_radii=\u00a0\u00bbon|10px|10px|10px|10px\u00a0\u00bb border_width_all=\u00a0\u00bb1px\u00a0\u00bb custom_margin=\u00a0\u00bb0px||\u00a0\u00bb custom_padding=\u00a0\u00bb4%|4%|4%|4%|true|true\u00a0\u00bb]<\/p>\n<p><span style=\"color: #ffffff;\">Naboo se compose principalement de lacs, de collines et de prairies. Deux esp\u00e8ces y cohabitent: les humain et les Gungans. \u00a0L\u2019architecture traditionaliste de la plan\u00e8te est particuli\u00e8rement riche et fait sa renomm\u00e9 dans l\u2019ensemble de la galaxie. La structure interne de Naboo est compos\u00e9e de cavernes oc\u00e9aniques, cette partie de la plan\u00e8te reste encore aujourd\u2019hui inexplor\u00e9 car habit\u00e9 par de nombreux monstres marins. <\/span><\/p>\n<p><span style=\"color: #ffffff;\">Naboo est la plan\u00e8te natale de plusieurs personnages capitaux dans la sage comme Padm\u00e9 Amidala qui en deviendra reine par la suite. La plan\u00e8te est \u00e9galement connue pour la bataille qui s\u2019y d\u00e9roula entre la R\u00e9publique et la f\u00e9d\u00e9ration du commerce durant le deuxi\u00e8me \u00e9pisodes de la trilogie. <\/span><\/p>\n<p><span style=\"color: #ffffff;\">Gr\u00e2ce \u00e0 la d\u00e9termination de la reine reine Padm\u00e9 Amidala et de Anakin Skywalker, le peuple Naboo arrive \u00e0 repousser l&rsquo;assaut de la f\u00e9d\u00e9ration du commerce. <\/span><\/p>\n<p>[\/et_pb_text][\/et_pb_column][\/et_pb_row][\/et_pb_section]<\/p>\n","protected":false},"excerpt":{"rendered":"<p>[et_pb_section fb_built=\u00a0\u00bb1&Prime; disabled_on=\u00a0\u00bbon|on|off\u00a0\u00bb module_class=\u00a0\u00bbtaille_page\u00a0\u00bb _builder_version=\u00a0\u00bb3.21&Prime; background_color=\u00a0\u00bb#00060c\u00a0\u00bb background_image=\u00a0\u00bbhttps:\/\/projet.alexandre-riffault.fr\/starwars\/wp-content\/uploads\/2019\/05\/Copie-de-Sans-titre-4.png\u00a0\u00bb background_size=\u00a0\u00bbinitial\u00a0\u00bb background_position=\u00a0\u00bbbottom_right\u00a0\u00bb background_repeat=\u00a0\u00bbrepeat\u00a0\u00bb custom_margin=\u00a0\u00bb-2%|||\u00a0\u00bb custom_padding=\u00a0\u00bb39px|0px|54px|0px|false|false\u00a0\u00bb][et_pb_row use_custom_width=\u00a0\u00bbon\u00a0\u00bb width_unit=\u00a0\u00bboff\u00a0\u00bb custom_width_percent=\u00a0\u00bb100%\u00a0\u00bb custom_padding=\u00a0\u00bb0px|||2%\u00a0\u00bb custom_margin=\u00a0\u00bb0px||-3.5%|\u00a0\u00bb padding_top_1=\u00a0\u00bb0px\u00a0\u00bb module_class=\u00a0\u00bbfond_planete\u00a0\u00bb _builder_version=\u00a0\u00bb3.21&Prime; background_image=\u00a0\u00bbhttps:\/\/projet.alexandre-riffault.fr\/starwars\/wp-content\/uploads\/2019\/05\/Naboo-2-e1557736245795.png\u00a0\u00bb background_size=\u00a0\u00bbcontain\u00a0\u00bb background_position=\u00a0\u00bbbottom_right\u00a0\u00bb][et_pb_column type=\u00a0\u00bb1_2&Prime; _builder_version=\u00a0\u00bb3.21&Prime;][et_pb_text _builder_version=\u00a0\u00bb3.21&Prime; custom_margin=\u00a0\u00bb0px|0px|0px|0px\u00a0\u00bb] Historique [\/et_pb_text][et_pb_text module_class=\u00a0\u00bbtexte_historique\u00a0\u00bb _builder_version=\u00a0\u00bb3.21&Prime; text_font=\u00a0\u00bb||||||||\u00a0\u00bb text_text_color=\u00a0\u00bb#0e1b28&Prime; text_font_size=\u00a0\u00bb1.3vw\u00a0\u00bb text_line_height=\u00a0\u00bb1.2em\u00a0\u00bb text_text_shadow_style=\u00a0\u00bbpreset2&Prime; background_color=\u00a0\u00bbrgba(155,155,155,0.44)\u00a0\u00bb border_radii=\u00a0\u00bbon|10px|10px|10px|10px\u00a0\u00bb border_width_all=\u00a0\u00bb1px\u00a0\u00bb custom_margin=\u00a0\u00bb0px||\u00a0\u00bb custom_padding=\u00a0\u00bb4%|4%|4%|4%|true|true\u00a0\u00bb] Naboo se compose principalement de lacs, de collines et de prairies. Deux esp\u00e8ces y [&hellip;]<\/p>\n","protected":false},"author":3,"featured_media":0,"parent":0,"menu_order":0,"comment_status":"closed","ping_status":"closed","template":"","meta":{"_et_pb_use_builder":"on","_et_pb_old_content":""},"yoast_head":"<!-- This site is optimized with the Yoast SEO plugin v19.4 - https:\/\/yoast.com\/wordpress\/plugins\/seo\/ -->\n<title>Naboo &ndash; Star wars<\/title>\n<meta name=\"robots\" content=\"index, follow, max-snippet:-1, max-image-preview:large, max-video-preview:-1\" \/>\n<link rel=\"canonical\" href=\"https:\/\/projet.alexandre-riffault.fr\/starwars\/naboo\/\" \/>\n<meta property=\"og:locale\" content=\"fr_FR\" \/>\n<meta property=\"og:type\" content=\"article\" \/>\n<meta property=\"og:title\" content=\"Naboo &ndash; Star wars\" \/>\n<meta property=\"og:description\" content=\"[et_pb_section fb_built=\u00a0\u00bb1&Prime; disabled_on=\u00a0\u00bbon|on|off\u00a0\u00bb module_class=\u00a0\u00bbtaille_page\u00a0\u00bb _builder_version=\u00a0\u00bb3.21&Prime; background_color=\u00a0\u00bb#00060c\u00a0\u00bb background_image=\u00a0\u00bbhttps:\/\/projet.alexandre-riffault.fr\/starwars\/wp-content\/uploads\/2019\/05\/Copie-de-Sans-titre-4.png\u00a0\u00bb background_size=\u00a0\u00bbinitial\u00a0\u00bb background_position=\u00a0\u00bbbottom_right\u00a0\u00bb background_repeat=\u00a0\u00bbrepeat\u00a0\u00bb custom_margin=\u00a0\u00bb-2%|||\u00a0\u00bb custom_padding=\u00a0\u00bb39px|0px|54px|0px|false|false\u00a0\u00bb][et_pb_row use_custom_width=\u00a0\u00bbon\u00a0\u00bb width_unit=\u00a0\u00bboff\u00a0\u00bb custom_width_percent=\u00a0\u00bb100%\u00a0\u00bb custom_padding=\u00a0\u00bb0px|||2%\u00a0\u00bb custom_margin=\u00a0\u00bb0px||-3.5%|\u00a0\u00bb padding_top_1=\u00a0\u00bb0px\u00a0\u00bb module_class=\u00a0\u00bbfond_planete\u00a0\u00bb _builder_version=\u00a0\u00bb3.21&Prime; background_image=\u00a0\u00bbhttps:\/\/projet.alexandre-riffault.fr\/starwars\/wp-content\/uploads\/2019\/05\/Naboo-2-e1557736245795.png\u00a0\u00bb background_size=\u00a0\u00bbcontain\u00a0\u00bb background_position=\u00a0\u00bbbottom_right\u00a0\u00bb][et_pb_column type=\u00a0\u00bb1_2&Prime; _builder_version=\u00a0\u00bb3.21&Prime;][et_pb_text _builder_version=\u00a0\u00bb3.21&Prime; custom_margin=\u00a0\u00bb0px|0px|0px|0px\u00a0\u00bb] Historique [\/et_pb_text][et_pb_text module_class=\u00a0\u00bbtexte_historique\u00a0\u00bb _builder_version=\u00a0\u00bb3.21&Prime; text_font=\u00a0\u00bb||||||||\u00a0\u00bb text_text_color=\u00a0\u00bb#0e1b28&Prime; text_font_size=\u00a0\u00bb1.3vw\u00a0\u00bb text_line_height=\u00a0\u00bb1.2em\u00a0\u00bb text_text_shadow_style=\u00a0\u00bbpreset2&Prime; background_color=\u00a0\u00bbrgba(155,155,155,0.44)\u00a0\u00bb border_radii=\u00a0\u00bbon|10px|10px|10px|10px\u00a0\u00bb border_width_all=\u00a0\u00bb1px\u00a0\u00bb custom_margin=\u00a0\u00bb0px||\u00a0\u00bb custom_padding=\u00a0\u00bb4%|4%|4%|4%|true|true\u00a0\u00bb] Naboo se compose principalement de lacs, de collines et de prairies. Deux esp\u00e8ces y [&hellip;]\" \/>\n<meta property=\"og:url\" content=\"https:\/\/projet.alexandre-riffault.fr\/starwars\/naboo\/\" \/>\n<meta property=\"og:site_name\" content=\"Star wars\" \/>\n<meta property=\"article:modified_time\" content=\"2019-05-15T08:24:04+00:00\" \/>\n<meta name=\"twitter:card\" content=\"summary_large_image\" \/>\n<meta name=\"twitter:label1\" content=\"Dur\u00e9e de lecture estim\u00e9e\" \/>\n\t<meta name=\"twitter:data1\" content=\"5 minutes\" \/>\n<script type=\"application\/ld+json\" class=\"yoast-schema-graph\">{\"@context\":\"https:\/\/schema.org\",\"@graph\":[{\"@type\":\"Organization\",\"@id\":\"https:\/\/projet.alexandre-riffault.fr\/starwars\/#organization\",\"name\":\"Star wars galaxy road\",\"url\":\"https:\/\/projet.alexandre-riffault.fr\/starwars\/\",\"sameAs\":[],\"logo\":{\"@type\":\"ImageObject\",\"inLanguage\":\"fr-FR\",\"@id\":\"https:\/\/projet.alexandre-riffault.fr\/starwars\/#\/schema\/logo\/image\/\",\"url\":\"https:\/\/projet.alexandre-riffault.fr\/starwars\/wp-content\/uploads\/2019\/05\/logo-projet-S.png\",\"contentUrl\":\"https:\/\/projet.alexandre-riffault.fr\/starwars\/wp-content\/uploads\/2019\/05\/logo-projet-S.png\",\"width\":413,\"height\":248,\"caption\":\"Star wars galaxy road\"},\"image\":{\"@id\":\"https:\/\/projet.alexandre-riffault.fr\/starwars\/#\/schema\/logo\/image\/\"}},{\"@type\":\"WebSite\",\"@id\":\"https:\/\/projet.alexandre-riffault.fr\/starwars\/#website\",\"url\":\"https:\/\/projet.alexandre-riffault.fr\/starwars\/\",\"name\":\"Star wars\",\"description\":\"\",\"publisher\":{\"@id\":\"https:\/\/projet.alexandre-riffault.fr\/starwars\/#organization\"},\"potentialAction\":[{\"@type\":\"SearchAction\",\"target\":{\"@type\":\"EntryPoint\",\"urlTemplate\":\"https:\/\/projet.alexandre-riffault.fr\/starwars\/?s={search_term_string}\"},\"query-input\":\"required name=search_term_string\"}],\"inLanguage\":\"fr-FR\"},{\"@type\":\"WebPage\",\"@id\":\"https:\/\/projet.alexandre-riffault.fr\/starwars\/naboo\/\",\"url\":\"https:\/\/projet.alexandre-riffault.fr\/starwars\/naboo\/\",\"name\":\"Naboo &ndash; Star wars\",\"isPartOf\":{\"@id\":\"https:\/\/projet.alexandre-riffault.fr\/starwars\/#website\"},\"datePublished\":\"2019-05-08T14:25:24+00:00\",\"dateModified\":\"2019-05-15T08:24:04+00:00\",\"breadcrumb\":{\"@id\":\"https:\/\/projet.alexandre-riffault.fr\/starwars\/naboo\/#breadcrumb\"},\"inLanguage\":\"fr-FR\",\"potentialAction\":[{\"@type\":\"ReadAction\",\"target\":[\"https:\/\/projet.alexandre-riffault.fr\/starwars\/naboo\/\"]}]},{\"@type\":\"BreadcrumbList\",\"@id\":\"https:\/\/projet.alexandre-riffault.fr\/starwars\/naboo\/#breadcrumb\",\"itemListElement\":[{\"@type\":\"ListItem\",\"position\":1,\"name\":\"Accueil\",\"item\":\"https:\/\/projet.alexandre-riffault.fr\/starwars\/\"},{\"@type\":\"ListItem\",\"position\":2,\"name\":\"Naboo\"}]}]}<\/script>\n<!-- \/ Yoast SEO plugin. -->","yoast_head_json":{"title":"Naboo &ndash; Star wars","robots":{"index":"index","follow":"follow","max-snippet":"max-snippet:-1","max-image-preview":"max-image-preview:large","max-video-preview":"max-video-preview:-1"},"canonical":"https:\/\/projet.alexandre-riffault.fr\/starwars\/naboo\/","og_locale":"fr_FR","og_type":"article","og_title":"Naboo &ndash; Star wars","og_description":"[et_pb_section fb_built=\u00a0\u00bb1&Prime; disabled_on=\u00a0\u00bbon|on|off\u00a0\u00bb module_class=\u00a0\u00bbtaille_page\u00a0\u00bb _builder_version=\u00a0\u00bb3.21&Prime; background_color=\u00a0\u00bb#00060c\u00a0\u00bb background_image=\u00a0\u00bbhttps:\/\/projet.alexandre-riffault.fr\/starwars\/wp-content\/uploads\/2019\/05\/Copie-de-Sans-titre-4.png\u00a0\u00bb background_size=\u00a0\u00bbinitial\u00a0\u00bb background_position=\u00a0\u00bbbottom_right\u00a0\u00bb background_repeat=\u00a0\u00bbrepeat\u00a0\u00bb custom_margin=\u00a0\u00bb-2%|||\u00a0\u00bb custom_padding=\u00a0\u00bb39px|0px|54px|0px|false|false\u00a0\u00bb][et_pb_row use_custom_width=\u00a0\u00bbon\u00a0\u00bb width_unit=\u00a0\u00bboff\u00a0\u00bb custom_width_percent=\u00a0\u00bb100%\u00a0\u00bb custom_padding=\u00a0\u00bb0px|||2%\u00a0\u00bb custom_margin=\u00a0\u00bb0px||-3.5%|\u00a0\u00bb padding_top_1=\u00a0\u00bb0px\u00a0\u00bb module_class=\u00a0\u00bbfond_planete\u00a0\u00bb _builder_version=\u00a0\u00bb3.21&Prime; background_image=\u00a0\u00bbhttps:\/\/projet.alexandre-riffault.fr\/starwars\/wp-content\/uploads\/2019\/05\/Naboo-2-e1557736245795.png\u00a0\u00bb background_size=\u00a0\u00bbcontain\u00a0\u00bb background_position=\u00a0\u00bbbottom_right\u00a0\u00bb][et_pb_column type=\u00a0\u00bb1_2&Prime; _builder_version=\u00a0\u00bb3.21&Prime;][et_pb_text _builder_version=\u00a0\u00bb3.21&Prime; custom_margin=\u00a0\u00bb0px|0px|0px|0px\u00a0\u00bb] Historique [\/et_pb_text][et_pb_text module_class=\u00a0\u00bbtexte_historique\u00a0\u00bb _builder_version=\u00a0\u00bb3.21&Prime; text_font=\u00a0\u00bb||||||||\u00a0\u00bb text_text_color=\u00a0\u00bb#0e1b28&Prime; text_font_size=\u00a0\u00bb1.3vw\u00a0\u00bb text_line_height=\u00a0\u00bb1.2em\u00a0\u00bb text_text_shadow_style=\u00a0\u00bbpreset2&Prime; background_color=\u00a0\u00bbrgba(155,155,155,0.44)\u00a0\u00bb border_radii=\u00a0\u00bbon|10px|10px|10px|10px\u00a0\u00bb border_width_all=\u00a0\u00bb1px\u00a0\u00bb custom_margin=\u00a0\u00bb0px||\u00a0\u00bb custom_padding=\u00a0\u00bb4%|4%|4%|4%|true|true\u00a0\u00bb] Naboo se compose principalement de lacs, de collines et de prairies. Deux esp\u00e8ces y [&hellip;]","og_url":"https:\/\/projet.alexandre-riffault.fr\/starwars\/naboo\/","og_site_name":"Star wars","article_modified_time":"2019-05-15T08:24:04+00:00","twitter_card":"summary_large_image","twitter_misc":{"Dur\u00e9e de lecture estim\u00e9e":"5 minutes"},"schema":{"@context":"https:\/\/schema.org","@graph":[{"@type":"Organization","@id":"https:\/\/projet.alexandre-riffault.fr\/starwars\/#organization","name":"Star wars galaxy road","url":"https:\/\/projet.alexandre-riffault.fr\/starwars\/","sameAs":[],"logo":{"@type":"ImageObject","inLanguage":"fr-FR","@id":"https:\/\/projet.alexandre-riffault.fr\/starwars\/#\/schema\/logo\/image\/","url":"https:\/\/projet.alexandre-riffault.fr\/starwars\/wp-content\/uploads\/2019\/05\/logo-projet-S.png","contentUrl":"https:\/\/projet.alexandre-riffault.fr\/starwars\/wp-content\/uploads\/2019\/05\/logo-projet-S.png","width":413,"height":248,"caption":"Star wars galaxy road"},"image":{"@id":"https:\/\/projet.alexandre-riffault.fr\/starwars\/#\/schema\/logo\/image\/"}},{"@type":"WebSite","@id":"https:\/\/projet.alexandre-riffault.fr\/starwars\/#website","url":"https:\/\/projet.alexandre-riffault.fr\/starwars\/","name":"Star wars","description":"","publisher":{"@id":"https:\/\/projet.alexandre-riffault.fr\/starwars\/#organization"},"potentialAction":[{"@type":"SearchAction","target":{"@type":"EntryPoint","urlTemplate":"https:\/\/projet.alexandre-riffault.fr\/starwars\/?s={search_term_string}"},"query-input":"required name=search_term_string"}],"inLanguage":"fr-FR"},{"@type":"WebPage","@id":"https:\/\/projet.alexandre-riffault.fr\/starwars\/naboo\/","url":"https:\/\/projet.alexandre-riffault.fr\/starwars\/naboo\/","name":"Naboo &ndash; Star wars","isPartOf":{"@id":"https:\/\/projet.alexandre-riffault.fr\/starwars\/#website"},"datePublished":"2019-05-08T14:25:24+00:00","dateModified":"2019-05-15T08:24:04+00:00","breadcrumb":{"@id":"https:\/\/projet.alexandre-riffault.fr\/starwars\/naboo\/#breadcrumb"},"inLanguage":"fr-FR","potentialAction":[{"@type":"ReadAction","target":["https:\/\/projet.alexandre-riffault.fr\/starwars\/naboo\/"]}]},{"@type":"BreadcrumbList","@id":"https:\/\/projet.alexandre-riffault.fr\/starwars\/naboo\/#breadcrumb","itemListElement":[{"@type":"ListItem","position":1,"name":"Accueil","item":"https:\/\/projet.alexandre-riffault.fr\/starwars\/"},{"@type":"ListItem","position":2,"name":"Naboo"}]}]}},"_links":{"self":[{"href":"https:\/\/projet.alexandre-riffault.fr\/starwars\/wp-json\/wp\/v2\/pages\/403"}],"collection":[{"href":"https:\/\/projet.alexandre-riffault.fr\/starwars\/wp-json\/wp\/v2\/pages"}],"about":[{"href":"https:\/\/projet.alexandre-riffault.fr\/starwars\/wp-json\/wp\/v2\/types\/page"}],"author":[{"embeddable":true,"href":"https:\/\/projet.alexandre-riffault.fr\/starwars\/wp-json\/wp\/v2\/users\/3"}],"replies":[{"embeddable":true,"href":"https:\/\/projet.alexandre-riffault.fr\/starwars\/wp-json\/wp\/v2\/comments?post=403"}],"version-history":[{"count":12,"href":"https:\/\/projet.alexandre-riffault.fr\/starwars\/wp-json\/wp\/v2\/pages\/403\/revisions"}],"predecessor-version":[{"id":1801,"href":"https:\/\/projet.alexandre-riffault.fr\/starwars\/wp-json\/wp\/v2\/pages\/403\/revisions\/1801"}],"wp:attachment":[{"href":"https:\/\/projet.alexandre-riffault.fr\/starwars\/wp-json\/wp\/v2\/media?parent=403"}],"curies":[{"name":"wp","href":"https:\/\/api.w.org\/{rel}","templated":true}]}}