{"id":413,"date":"2019-05-08T16:25:56","date_gmt":"2019-05-08T14:25:56","guid":{"rendered":"https:\/\/projet.alexandre-riffault.fr\/starwars\/?page_id=413"},"modified":"2019-05-15T19:51:18","modified_gmt":"2019-05-15T17:51:18","slug":"bespin","status":"publish","type":"page","link":"https:\/\/projet.alexandre-riffault.fr\/starwars\/bespin\/","title":{"rendered":"Bespin"},"content":{"rendered":"<p>[et_pb_section fb_built=\u00a0\u00bb1&Prime; disabled_on=\u00a0\u00bbon|on|off\u00a0\u00bb module_class=\u00a0\u00bbtaille_page\u00a0\u00bb _builder_version=\u00a0\u00bb3.21&Prime; background_color=\u00a0\u00bb#00060c\u00a0\u00bb background_image=\u00a0\u00bbhttps:\/\/projet.alexandre-riffault.fr\/starwars\/wp-content\/uploads\/2019\/05\/Copie-de-Sans-titre-4.png\u00a0\u00bb background_size=\u00a0\u00bbinitial\u00a0\u00bb background_position=\u00a0\u00bbbottom_right\u00a0\u00bb background_repeat=\u00a0\u00bbrepeat\u00a0\u00bb custom_margin=\u00a0\u00bb-2%|||\u00a0\u00bb custom_padding=\u00a0\u00bb39px|0px|54px|0px|false|false\u00a0\u00bb][et_pb_row use_custom_width=\u00a0\u00bbon\u00a0\u00bb width_unit=\u00a0\u00bboff\u00a0\u00bb custom_width_percent=\u00a0\u00bb100%\u00a0\u00bb custom_padding=\u00a0\u00bb0px|||2%\u00a0\u00bb custom_margin=\u00a0\u00bb0px||-3.5%|\u00a0\u00bb padding_top_1=\u00a0\u00bb0px\u00a0\u00bb module_class=\u00a0\u00bbfond_planete\u00a0\u00bb _builder_version=\u00a0\u00bb3.21&Prime; background_image=\u00a0\u00bbhttps:\/\/projet.alexandre-riffault.fr\/starwars\/wp-content\/uploads\/2019\/05\/Bespin-3-e1557775558926.png\u00a0\u00bb background_size=\u00a0\u00bbcontain\u00a0\u00bb background_position=\u00a0\u00bbbottom_right\u00a0\u00bb][et_pb_column type=\u00a0\u00bb1_2&Prime; _builder_version=\u00a0\u00bb3.21&Prime;][et_pb_text _builder_version=\u00a0\u00bb3.21&Prime; custom_margin=\u00a0\u00bb0px|0px|0px|0px\u00a0\u00bb]<\/p>\n<h1><span style=\"color: #ffffff;\">Historique<\/span><\/h1>\n<p>[\/et_pb_text][et_pb_text module_class=\u00a0\u00bbtexte_historique\u00a0\u00bb _builder_version=\u00a0\u00bb3.21&Prime; text_font=\u00a0\u00bb||||||||\u00a0\u00bb text_text_color=\u00a0\u00bb#0e1b28&Prime; text_font_size=\u00a0\u00bb1.3vw\u00a0\u00bb text_line_height=\u00a0\u00bb1.2em\u00a0\u00bb text_text_shadow_style=\u00a0\u00bbpreset2&Prime; background_color=\u00a0\u00bbrgba(155,155,155,0.44)\u00a0\u00bb border_radii=\u00a0\u00bbon|10px|10px|10px|10px\u00a0\u00bb border_width_all=\u00a0\u00bb1px\u00a0\u00bb custom_margin=\u00a0\u00bb0px||\u00a0\u00bb custom_padding=\u00a0\u00bb4%|4%|4%|4%|true|true\u00a0\u00bb]<\/p>\n<p><span style=\"font-weight: 400; color: #ffffff;\">Bespin est une g\u00e9ante gazeuse situ\u00e9e dans le secteur Anoat. La Cit\u00e9 des Nuages s\u2019y trouve. C\u2019est une plan\u00e8te contenant une mince couche d\u2019atmosph\u00e8re habitable. Connue pour sa grande \u00e9tendue de gaz tibanna contenu dans son atmosph\u00e8re.<\/span><\/p>\n<p><span style=\"font-weight: 400; color: #ffffff;\">Durant la Guerre Civile Galactique, l\u2019Empire Galactique y pla\u00e7a une garnison de ses forces et s\u2019empara de la Cit\u00e9 des Nuages. Apr\u00e8s la d\u00e9faite de l\u2019Empire \u00e0 Endor, Bespin et ses colonies mini\u00e8res r\u00e9cup\u00e8rent finalement leur libert\u00e9.<\/span><\/p>\n<p>[\/et_pb_text][\/et_pb_column][et_pb_column type=\u00a0\u00bb1_2&Prime; _builder_version=\u00a0\u00bb3.21&Prime;][et_pb_text _builder_version=\u00a0\u00bb3.21&Prime; custom_margin=\u00a0\u00bb0px|0px|0px|0px\u00a0\u00bb]<\/p>\n<h1><span style=\"color: #ffffff;\">Carte identit\u00e9<\/span><\/h1>\n<p>[\/et_pb_text][et_pb_text _builder_version=\u00a0\u00bb3.21&Prime; text_font=\u00a0\u00bb||||||||\u00a0\u00bb text_text_color=\u00a0\u00bb#ffffff\u00a0\u00bb text_font_size=\u00a0\u00bb1.3vw\u00a0\u00bb text_line_height=\u00a0\u00bb0.4em\u00a0\u00bb text_text_shadow_style=\u00a0\u00bbpreset2&Prime; background_color=\u00a0\u00bbrgba(155,155,155,0.44)\u00a0\u00bb border_radii=\u00a0\u00bbon|10px|10px|10px|10px\u00a0\u00bb border_width_all=\u00a0\u00bb1px\u00a0\u00bb max_width=\u00a0\u00bb85%\u00a0\u00bb custom_margin=\u00a0\u00bb0px||\u00a0\u00bb custom_padding=\u00a0\u00bb4%|4%|4%|4%|true|true\u00a0\u00bb]<\/p>\n<p><span style=\"font-weight: 400;\">Taille : 118 000 km<\/span><\/p>\n<p>&nbsp;<\/p>\n<p><span style=\"font-weight: 400;\">Rotation : 12 heures<\/span><\/p>\n<p>&nbsp;<\/p>\n<p><span style=\"font-weight: 400;\">R\u00e9volution : 5110 jours<\/span><\/p>\n<p>&nbsp;<\/p>\n<p><span style=\"font-weight: 400;\">Nb de soleils : 1<\/span><\/p>\n<p>&nbsp;<\/p>\n<p><span style=\"font-weight: 400;\">Nb de lunes : 2<\/span><\/p>\n<p>&nbsp;<\/p>\n<p><span style=\"font-weight: 400;\">Climat : g\u00e9ante gazeuse<\/span><\/p>\n<p>&nbsp;<\/p>\n<p><span style=\"font-weight: 400;\">Position : secteur Anoat<\/span><\/p>\n<p>[\/et_pb_text][et_pb_code _builder_version=\u00a0\u00bb3.21&Prime;]<script><!-- [et_pb_line_break_holder] -->function readCookie(name) {<!-- [et_pb_line_break_holder] -->    var nameEQ = name + \"=\";<!-- [et_pb_line_break_holder] -->    var ca = document.cookie.split(';');<!-- [et_pb_line_break_holder] -->    for(var i=0;i < ca.length;i++) {<!-- [et_pb_line_break_holder] -->        var c = ca[i];<!-- [et_pb_line_break_holder] -->        while (c.charAt(0)==' ') c = c.substring(1,c.length);<!-- [et_pb_line_break_holder] -->        if (c.indexOf(nameEQ) == 0) return c.substring(nameEQ.length,c.length);<!-- [et_pb_line_break_holder] -->    }<!-- [et_pb_line_break_holder] -->    return null;<!-- [et_pb_line_break_holder] -->}<!-- [et_pb_line_break_holder] -->  let x = readCookie('cursor');<!-- [et_pb_line_break_holder] -->  if(x==1){<!-- [et_pb_line_break_holder] -->    $('html').css('cursor',' url(https:\/\/projet.alexandre-riffault.fr\/starwars\/wp-content\/uploads\/2019\/05\/TIE-Interceptor.png), wait');<!-- [et_pb_line_break_holder] -->  }<!-- [et_pb_line_break_holder] -->  else if(x==0){<!-- [et_pb_line_break_holder] -->    $('html').css('cursor','default',' wait');<!-- [et_pb_line_break_holder] -->  }<!-- [et_pb_line_break_holder] -->  else if(x==2){<!-- [et_pb_line_break_holder] -->    $('html').css('cursor',' url(https:\/\/projet.alexandre-riffault.fr\/starwars\/wp-content\/uploads\/2019\/05\/Curseur-X-Wing.png), wait');<!-- [et_pb_line_break_holder] -->  }<!-- [et_pb_line_break_holder] -->  else if(x==3){<!-- [et_pb_line_break_holder] -->    $('html').css('cursor',' url(https:\/\/projet.alexandre-riffault.fr\/starwars\/wp-content\/uploads\/2019\/05\/curseur_vaisseau.png), wait');<!-- [et_pb_line_break_holder] -->  }<!-- [et_pb_line_break_holder] -->  <!-- [et_pb_line_break_holder] --><\/script>[\/et_pb_code][\/et_pb_column][\/et_pb_row][\/et_pb_section][et_pb_section fb_built=\u00a0\u00bb1&Prime; disabled_on=\u00a0\u00bboff|off|on\u00a0\u00bb _builder_version=\u00a0\u00bb3.21&Prime; background_image=\u00a0\u00bbhttps:\/\/projet.alexandre-riffault.fr\/starwars\/wp-content\/uploads\/2019\/05\/Copie-de-Sans-titre-4.png\u00a0\u00bb background_size=\u00a0\u00bbinitial\u00a0\u00bb background_repeat=\u00a0\u00bbrepeat\u00a0\u00bb][et_pb_row use_custom_width=\u00a0\u00bbon\u00a0\u00bb width_unit=\u00a0\u00bboff\u00a0\u00bb custom_width_percent=\u00a0\u00bb85%\u00a0\u00bb custom_padding=\u00a0\u00bb5px|0px|27px|0px|false|false\u00a0\u00bb custom_margin=\u00a0\u00bb-7%||-7%||true\u00a0\u00bb _builder_version=\u00a0\u00bb3.21&Prime; background_image=\u00a0\u00bbhttps:\/\/projet.alexandre-riffault.fr\/starwars\/wp-content\/uploads\/2019\/05\/Bespin-3.png\u00a0\u00bb background_size=\u00a0\u00bbcontain\u00a0\u00bb background_position=\u00a0\u00bbtop_center\u00a0\u00bb][et_pb_column type=\u00a0\u00bb4_4&Prime; _builder_version=\u00a0\u00bb3.21&Prime;][et_pb_text _builder_version=\u00a0\u00bb3.21&Prime; header_font=\u00a0\u00bb||||||||\u00a0\u00bb header_font_size_phone=\u00a0\u00bb36px\u00a0\u00bb header_font_size_last_edited=\u00a0\u00bbon|phone\u00a0\u00bb custom_margin=\u00a0\u00bb0px|0px|0px|0px\u00a0\u00bb]<\/p>\n<h1><span style=\"color: #ffffff;\">Carte identit\u00e9<\/span><\/h1>\n<p>[\/et_pb_text][et_pb_text _builder_version=\u00a0\u00bb3.21&Prime; text_font=\u00a0\u00bb||||||||\u00a0\u00bb text_text_color=\u00a0\u00bb#0e1b28&Prime; text_font_size=\u00a0\u00bb2vw\u00a0\u00bb text_font_size_phone=\u00a0\u00bb5vw\u00a0\u00bb text_font_size_last_edited=\u00a0\u00bbon|phone\u00a0\u00bb text_line_height=\u00a0\u00bb1.2em\u00a0\u00bb text_text_shadow_style=\u00a0\u00bbpreset2&Prime; background_color=\u00a0\u00bbrgba(155,155,155,0.44)\u00a0\u00bb border_radii=\u00a0\u00bbon|10px|10px|10px|10px\u00a0\u00bb border_width_all=\u00a0\u00bb1px\u00a0\u00bb module_alignment=\u00a0\u00bbcenter\u00a0\u00bb custom_margin=\u00a0\u00bb0px||\u00a0\u00bb custom_padding=\u00a0\u00bb4%|4%|4%|4%|true|true\u00a0\u00bb]<\/p>\n<p><span style=\"color: #ffffff;\">Taille : 118 000 km<\/span><\/p>\n<p><span style=\"color: #ffffff;\">Rotation : 12h<\/span><\/p>\n<p><span style=\"color: #ffffff;\">R\u00e9volution : 5110 jours<\/span><\/p>\n<p><span style=\"color: #ffffff;\">Nb de soleils : 1<\/span><\/p>\n<p><span style=\"color: #ffffff;\">Nb de lunes : 2<\/span><\/p>\n<p><span style=\"color: #ffffff;\">Climat -&gt; g\u00e9ante gazeuse<\/span><\/p>\n<p><span style=\"color: #ffffff;\">Position: secteur Anoat<\/span><\/p>\n<p>[\/et_pb_text][et_pb_text _builder_version=\u00a0\u00bb3.21&Prime; header_font=\u00a0\u00bb||||||||\u00a0\u00bb header_font_size_phone=\u00a0\u00bb37px\u00a0\u00bb header_font_size_last_edited=\u00a0\u00bbon|phone\u00a0\u00bb custom_margin=\u00a0\u00bb0px|0px|0px|0px\u00a0\u00bb]<\/p>\n<h1><span style=\"color: #ffffff;\">Historique<\/span><\/h1>\n<p>[\/et_pb_text][et_pb_text _builder_version=\u00a0\u00bb3.21&Prime; text_font=\u00a0\u00bb||||||||\u00a0\u00bb text_text_color=\u00a0\u00bb#0e1b28&Prime; text_font_size=\u00a0\u00bb2vw\u00a0\u00bb text_font_size_phone=\u00a0\u00bb4vw\u00a0\u00bb text_font_size_last_edited=\u00a0\u00bbon|phone\u00a0\u00bb text_line_height=\u00a0\u00bb1.2em\u00a0\u00bb text_text_shadow_style=\u00a0\u00bbpreset2&Prime; background_color=\u00a0\u00bbrgba(155,155,155,0.44)\u00a0\u00bb border_radii=\u00a0\u00bbon|10px|10px|10px|10px\u00a0\u00bb border_width_all=\u00a0\u00bb1px\u00a0\u00bb custom_margin=\u00a0\u00bb0px||\u00a0\u00bb custom_padding=\u00a0\u00bb4%|4%|4%|4%|true|true\u00a0\u00bb]<\/p>\n<p style=\"text-align: justify;\"><span style=\"color: #ffffff;\">Your content goes here. Edit or remove this text inline or in the module Content settings. You can also style every aspect of this content in the module Design settings and even apply custom CSS to this text in the module Advanced settings.Your content goes here. Edit or remove this text inline or in the module Content settings. You can also style every aspect of this content in the module Design settings and even apply custom CSS to this text in the module Advanced settings.Your content goes here. Edit or remove this text inline or in the module Content settings. You can also style every aspect of this content in the module Design settings and even apply custom CSS to this text in the module Advanced settings.Your content goes here. Edit or remove this text inline<\/span><\/p>\n<p>[\/et_pb_text][\/et_pb_column][\/et_pb_row][\/et_pb_section]<\/p>\n","protected":false},"excerpt":{"rendered":"<p>[et_pb_section fb_built=\u00a0\u00bb1&Prime; disabled_on=\u00a0\u00bbon|on|off\u00a0\u00bb module_class=\u00a0\u00bbtaille_page\u00a0\u00bb _builder_version=\u00a0\u00bb3.21&Prime; background_color=\u00a0\u00bb#00060c\u00a0\u00bb background_image=\u00a0\u00bbhttps:\/\/projet.alexandre-riffault.fr\/starwars\/wp-content\/uploads\/2019\/05\/Copie-de-Sans-titre-4.png\u00a0\u00bb background_size=\u00a0\u00bbinitial\u00a0\u00bb background_position=\u00a0\u00bbbottom_right\u00a0\u00bb background_repeat=\u00a0\u00bbrepeat\u00a0\u00bb custom_margin=\u00a0\u00bb-2%|||\u00a0\u00bb custom_padding=\u00a0\u00bb39px|0px|54px|0px|false|false\u00a0\u00bb][et_pb_row use_custom_width=\u00a0\u00bbon\u00a0\u00bb width_unit=\u00a0\u00bboff\u00a0\u00bb custom_width_percent=\u00a0\u00bb100%\u00a0\u00bb custom_padding=\u00a0\u00bb0px|||2%\u00a0\u00bb custom_margin=\u00a0\u00bb0px||-3.5%|\u00a0\u00bb padding_top_1=\u00a0\u00bb0px\u00a0\u00bb module_class=\u00a0\u00bbfond_planete\u00a0\u00bb _builder_version=\u00a0\u00bb3.21&Prime; background_image=\u00a0\u00bbhttps:\/\/projet.alexandre-riffault.fr\/starwars\/wp-content\/uploads\/2019\/05\/Bespin-3-e1557775558926.png\u00a0\u00bb background_size=\u00a0\u00bbcontain\u00a0\u00bb background_position=\u00a0\u00bbbottom_right\u00a0\u00bb][et_pb_column type=\u00a0\u00bb1_2&Prime; _builder_version=\u00a0\u00bb3.21&Prime;][et_pb_text _builder_version=\u00a0\u00bb3.21&Prime; custom_margin=\u00a0\u00bb0px|0px|0px|0px\u00a0\u00bb] Historique [\/et_pb_text][et_pb_text module_class=\u00a0\u00bbtexte_historique\u00a0\u00bb _builder_version=\u00a0\u00bb3.21&Prime; text_font=\u00a0\u00bb||||||||\u00a0\u00bb text_text_color=\u00a0\u00bb#0e1b28&Prime; text_font_size=\u00a0\u00bb1.3vw\u00a0\u00bb text_line_height=\u00a0\u00bb1.2em\u00a0\u00bb text_text_shadow_style=\u00a0\u00bbpreset2&Prime; background_color=\u00a0\u00bbrgba(155,155,155,0.44)\u00a0\u00bb border_radii=\u00a0\u00bbon|10px|10px|10px|10px\u00a0\u00bb border_width_all=\u00a0\u00bb1px\u00a0\u00bb custom_margin=\u00a0\u00bb0px||\u00a0\u00bb custom_padding=\u00a0\u00bb4%|4%|4%|4%|true|true\u00a0\u00bb] Bespin est une g\u00e9ante gazeuse situ\u00e9e dans le secteur Anoat. La Cit\u00e9 des Nuages [&hellip;]<\/p>\n","protected":false},"author":3,"featured_media":0,"parent":0,"menu_order":0,"comment_status":"closed","ping_status":"closed","template":"","meta":{"_et_pb_use_builder":"on","_et_pb_old_content":""},"yoast_head":"<!-- This site is optimized with the Yoast SEO plugin v19.4 - https:\/\/yoast.com\/wordpress\/plugins\/seo\/ -->\n<title>Bespin &ndash; Star wars<\/title>\n<meta name=\"robots\" content=\"index, follow, max-snippet:-1, max-image-preview:large, max-video-preview:-1\" \/>\n<link rel=\"canonical\" href=\"https:\/\/projet.alexandre-riffault.fr\/starwars\/bespin\/\" \/>\n<meta property=\"og:locale\" content=\"fr_FR\" \/>\n<meta property=\"og:type\" content=\"article\" \/>\n<meta property=\"og:title\" content=\"Bespin &ndash; Star wars\" \/>\n<meta property=\"og:description\" content=\"[et_pb_section fb_built=\u00a0\u00bb1&Prime; disabled_on=\u00a0\u00bbon|on|off\u00a0\u00bb module_class=\u00a0\u00bbtaille_page\u00a0\u00bb _builder_version=\u00a0\u00bb3.21&Prime; background_color=\u00a0\u00bb#00060c\u00a0\u00bb background_image=\u00a0\u00bbhttps:\/\/projet.alexandre-riffault.fr\/starwars\/wp-content\/uploads\/2019\/05\/Copie-de-Sans-titre-4.png\u00a0\u00bb background_size=\u00a0\u00bbinitial\u00a0\u00bb background_position=\u00a0\u00bbbottom_right\u00a0\u00bb background_repeat=\u00a0\u00bbrepeat\u00a0\u00bb custom_margin=\u00a0\u00bb-2%|||\u00a0\u00bb custom_padding=\u00a0\u00bb39px|0px|54px|0px|false|false\u00a0\u00bb][et_pb_row use_custom_width=\u00a0\u00bbon\u00a0\u00bb width_unit=\u00a0\u00bboff\u00a0\u00bb custom_width_percent=\u00a0\u00bb100%\u00a0\u00bb custom_padding=\u00a0\u00bb0px|||2%\u00a0\u00bb custom_margin=\u00a0\u00bb0px||-3.5%|\u00a0\u00bb padding_top_1=\u00a0\u00bb0px\u00a0\u00bb module_class=\u00a0\u00bbfond_planete\u00a0\u00bb _builder_version=\u00a0\u00bb3.21&Prime; background_image=\u00a0\u00bbhttps:\/\/projet.alexandre-riffault.fr\/starwars\/wp-content\/uploads\/2019\/05\/Bespin-3-e1557775558926.png\u00a0\u00bb background_size=\u00a0\u00bbcontain\u00a0\u00bb background_position=\u00a0\u00bbbottom_right\u00a0\u00bb][et_pb_column type=\u00a0\u00bb1_2&Prime; _builder_version=\u00a0\u00bb3.21&Prime;][et_pb_text _builder_version=\u00a0\u00bb3.21&Prime; custom_margin=\u00a0\u00bb0px|0px|0px|0px\u00a0\u00bb] Historique [\/et_pb_text][et_pb_text module_class=\u00a0\u00bbtexte_historique\u00a0\u00bb _builder_version=\u00a0\u00bb3.21&Prime; text_font=\u00a0\u00bb||||||||\u00a0\u00bb text_text_color=\u00a0\u00bb#0e1b28&Prime; text_font_size=\u00a0\u00bb1.3vw\u00a0\u00bb text_line_height=\u00a0\u00bb1.2em\u00a0\u00bb text_text_shadow_style=\u00a0\u00bbpreset2&Prime; background_color=\u00a0\u00bbrgba(155,155,155,0.44)\u00a0\u00bb border_radii=\u00a0\u00bbon|10px|10px|10px|10px\u00a0\u00bb border_width_all=\u00a0\u00bb1px\u00a0\u00bb custom_margin=\u00a0\u00bb0px||\u00a0\u00bb custom_padding=\u00a0\u00bb4%|4%|4%|4%|true|true\u00a0\u00bb] Bespin est une g\u00e9ante gazeuse situ\u00e9e dans le secteur Anoat. La Cit\u00e9 des Nuages [&hellip;]\" \/>\n<meta property=\"og:url\" content=\"https:\/\/projet.alexandre-riffault.fr\/starwars\/bespin\/\" \/>\n<meta property=\"og:site_name\" content=\"Star wars\" \/>\n<meta property=\"article:modified_time\" content=\"2019-05-15T17:51:18+00:00\" \/>\n<meta name=\"twitter:card\" content=\"summary_large_image\" \/>\n<meta name=\"twitter:label1\" content=\"Dur\u00e9e de lecture estim\u00e9e\" \/>\n\t<meta name=\"twitter:data1\" content=\"4 minutes\" \/>\n<script type=\"application\/ld+json\" class=\"yoast-schema-graph\">{\"@context\":\"https:\/\/schema.org\",\"@graph\":[{\"@type\":\"Organization\",\"@id\":\"https:\/\/projet.alexandre-riffault.fr\/starwars\/#organization\",\"name\":\"Star wars galaxy road\",\"url\":\"https:\/\/projet.alexandre-riffault.fr\/starwars\/\",\"sameAs\":[],\"logo\":{\"@type\":\"ImageObject\",\"inLanguage\":\"fr-FR\",\"@id\":\"https:\/\/projet.alexandre-riffault.fr\/starwars\/#\/schema\/logo\/image\/\",\"url\":\"https:\/\/projet.alexandre-riffault.fr\/starwars\/wp-content\/uploads\/2019\/05\/logo-projet-S.png\",\"contentUrl\":\"https:\/\/projet.alexandre-riffault.fr\/starwars\/wp-content\/uploads\/2019\/05\/logo-projet-S.png\",\"width\":413,\"height\":248,\"caption\":\"Star wars galaxy road\"},\"image\":{\"@id\":\"https:\/\/projet.alexandre-riffault.fr\/starwars\/#\/schema\/logo\/image\/\"}},{\"@type\":\"WebSite\",\"@id\":\"https:\/\/projet.alexandre-riffault.fr\/starwars\/#website\",\"url\":\"https:\/\/projet.alexandre-riffault.fr\/starwars\/\",\"name\":\"Star wars\",\"description\":\"\",\"publisher\":{\"@id\":\"https:\/\/projet.alexandre-riffault.fr\/starwars\/#organization\"},\"potentialAction\":[{\"@type\":\"SearchAction\",\"target\":{\"@type\":\"EntryPoint\",\"urlTemplate\":\"https:\/\/projet.alexandre-riffault.fr\/starwars\/?s={search_term_string}\"},\"query-input\":\"required name=search_term_string\"}],\"inLanguage\":\"fr-FR\"},{\"@type\":\"WebPage\",\"@id\":\"https:\/\/projet.alexandre-riffault.fr\/starwars\/bespin\/\",\"url\":\"https:\/\/projet.alexandre-riffault.fr\/starwars\/bespin\/\",\"name\":\"Bespin &ndash; Star wars\",\"isPartOf\":{\"@id\":\"https:\/\/projet.alexandre-riffault.fr\/starwars\/#website\"},\"datePublished\":\"2019-05-08T14:25:56+00:00\",\"dateModified\":\"2019-05-15T17:51:18+00:00\",\"breadcrumb\":{\"@id\":\"https:\/\/projet.alexandre-riffault.fr\/starwars\/bespin\/#breadcrumb\"},\"inLanguage\":\"fr-FR\",\"potentialAction\":[{\"@type\":\"ReadAction\",\"target\":[\"https:\/\/projet.alexandre-riffault.fr\/starwars\/bespin\/\"]}]},{\"@type\":\"BreadcrumbList\",\"@id\":\"https:\/\/projet.alexandre-riffault.fr\/starwars\/bespin\/#breadcrumb\",\"itemListElement\":[{\"@type\":\"ListItem\",\"position\":1,\"name\":\"Accueil\",\"item\":\"https:\/\/projet.alexandre-riffault.fr\/starwars\/\"},{\"@type\":\"ListItem\",\"position\":2,\"name\":\"Bespin\"}]}]}<\/script>\n<!-- \/ Yoast SEO plugin. -->","yoast_head_json":{"title":"Bespin &ndash; Star wars","robots":{"index":"index","follow":"follow","max-snippet":"max-snippet:-1","max-image-preview":"max-image-preview:large","max-video-preview":"max-video-preview:-1"},"canonical":"https:\/\/projet.alexandre-riffault.fr\/starwars\/bespin\/","og_locale":"fr_FR","og_type":"article","og_title":"Bespin &ndash; Star wars","og_description":"[et_pb_section fb_built=\u00a0\u00bb1&Prime; disabled_on=\u00a0\u00bbon|on|off\u00a0\u00bb module_class=\u00a0\u00bbtaille_page\u00a0\u00bb _builder_version=\u00a0\u00bb3.21&Prime; background_color=\u00a0\u00bb#00060c\u00a0\u00bb background_image=\u00a0\u00bbhttps:\/\/projet.alexandre-riffault.fr\/starwars\/wp-content\/uploads\/2019\/05\/Copie-de-Sans-titre-4.png\u00a0\u00bb background_size=\u00a0\u00bbinitial\u00a0\u00bb background_position=\u00a0\u00bbbottom_right\u00a0\u00bb background_repeat=\u00a0\u00bbrepeat\u00a0\u00bb custom_margin=\u00a0\u00bb-2%|||\u00a0\u00bb custom_padding=\u00a0\u00bb39px|0px|54px|0px|false|false\u00a0\u00bb][et_pb_row use_custom_width=\u00a0\u00bbon\u00a0\u00bb width_unit=\u00a0\u00bboff\u00a0\u00bb custom_width_percent=\u00a0\u00bb100%\u00a0\u00bb custom_padding=\u00a0\u00bb0px|||2%\u00a0\u00bb custom_margin=\u00a0\u00bb0px||-3.5%|\u00a0\u00bb padding_top_1=\u00a0\u00bb0px\u00a0\u00bb module_class=\u00a0\u00bbfond_planete\u00a0\u00bb _builder_version=\u00a0\u00bb3.21&Prime; background_image=\u00a0\u00bbhttps:\/\/projet.alexandre-riffault.fr\/starwars\/wp-content\/uploads\/2019\/05\/Bespin-3-e1557775558926.png\u00a0\u00bb background_size=\u00a0\u00bbcontain\u00a0\u00bb background_position=\u00a0\u00bbbottom_right\u00a0\u00bb][et_pb_column type=\u00a0\u00bb1_2&Prime; _builder_version=\u00a0\u00bb3.21&Prime;][et_pb_text _builder_version=\u00a0\u00bb3.21&Prime; custom_margin=\u00a0\u00bb0px|0px|0px|0px\u00a0\u00bb] Historique [\/et_pb_text][et_pb_text module_class=\u00a0\u00bbtexte_historique\u00a0\u00bb _builder_version=\u00a0\u00bb3.21&Prime; text_font=\u00a0\u00bb||||||||\u00a0\u00bb text_text_color=\u00a0\u00bb#0e1b28&Prime; text_font_size=\u00a0\u00bb1.3vw\u00a0\u00bb text_line_height=\u00a0\u00bb1.2em\u00a0\u00bb text_text_shadow_style=\u00a0\u00bbpreset2&Prime; background_color=\u00a0\u00bbrgba(155,155,155,0.44)\u00a0\u00bb border_radii=\u00a0\u00bbon|10px|10px|10px|10px\u00a0\u00bb border_width_all=\u00a0\u00bb1px\u00a0\u00bb custom_margin=\u00a0\u00bb0px||\u00a0\u00bb custom_padding=\u00a0\u00bb4%|4%|4%|4%|true|true\u00a0\u00bb] Bespin est une g\u00e9ante gazeuse situ\u00e9e dans le secteur Anoat. La Cit\u00e9 des Nuages [&hellip;]","og_url":"https:\/\/projet.alexandre-riffault.fr\/starwars\/bespin\/","og_site_name":"Star wars","article_modified_time":"2019-05-15T17:51:18+00:00","twitter_card":"summary_large_image","twitter_misc":{"Dur\u00e9e de lecture estim\u00e9e":"4 minutes"},"schema":{"@context":"https:\/\/schema.org","@graph":[{"@type":"Organization","@id":"https:\/\/projet.alexandre-riffault.fr\/starwars\/#organization","name":"Star wars galaxy road","url":"https:\/\/projet.alexandre-riffault.fr\/starwars\/","sameAs":[],"logo":{"@type":"ImageObject","inLanguage":"fr-FR","@id":"https:\/\/projet.alexandre-riffault.fr\/starwars\/#\/schema\/logo\/image\/","url":"https:\/\/projet.alexandre-riffault.fr\/starwars\/wp-content\/uploads\/2019\/05\/logo-projet-S.png","contentUrl":"https:\/\/projet.alexandre-riffault.fr\/starwars\/wp-content\/uploads\/2019\/05\/logo-projet-S.png","width":413,"height":248,"caption":"Star wars galaxy road"},"image":{"@id":"https:\/\/projet.alexandre-riffault.fr\/starwars\/#\/schema\/logo\/image\/"}},{"@type":"WebSite","@id":"https:\/\/projet.alexandre-riffault.fr\/starwars\/#website","url":"https:\/\/projet.alexandre-riffault.fr\/starwars\/","name":"Star wars","description":"","publisher":{"@id":"https:\/\/projet.alexandre-riffault.fr\/starwars\/#organization"},"potentialAction":[{"@type":"SearchAction","target":{"@type":"EntryPoint","urlTemplate":"https:\/\/projet.alexandre-riffault.fr\/starwars\/?s={search_term_string}"},"query-input":"required name=search_term_string"}],"inLanguage":"fr-FR"},{"@type":"WebPage","@id":"https:\/\/projet.alexandre-riffault.fr\/starwars\/bespin\/","url":"https:\/\/projet.alexandre-riffault.fr\/starwars\/bespin\/","name":"Bespin &ndash; Star wars","isPartOf":{"@id":"https:\/\/projet.alexandre-riffault.fr\/starwars\/#website"},"datePublished":"2019-05-08T14:25:56+00:00","dateModified":"2019-05-15T17:51:18+00:00","breadcrumb":{"@id":"https:\/\/projet.alexandre-riffault.fr\/starwars\/bespin\/#breadcrumb"},"inLanguage":"fr-FR","potentialAction":[{"@type":"ReadAction","target":["https:\/\/projet.alexandre-riffault.fr\/starwars\/bespin\/"]}]},{"@type":"BreadcrumbList","@id":"https:\/\/projet.alexandre-riffault.fr\/starwars\/bespin\/#breadcrumb","itemListElement":[{"@type":"ListItem","position":1,"name":"Accueil","item":"https:\/\/projet.alexandre-riffault.fr\/starwars\/"},{"@type":"ListItem","position":2,"name":"Bespin"}]}]}},"_links":{"self":[{"href":"https:\/\/projet.alexandre-riffault.fr\/starwars\/wp-json\/wp\/v2\/pages\/413"}],"collection":[{"href":"https:\/\/projet.alexandre-riffault.fr\/starwars\/wp-json\/wp\/v2\/pages"}],"about":[{"href":"https:\/\/projet.alexandre-riffault.fr\/starwars\/wp-json\/wp\/v2\/types\/page"}],"author":[{"embeddable":true,"href":"https:\/\/projet.alexandre-riffault.fr\/starwars\/wp-json\/wp\/v2\/users\/3"}],"replies":[{"embeddable":true,"href":"https:\/\/projet.alexandre-riffault.fr\/starwars\/wp-json\/wp\/v2\/comments?post=413"}],"version-history":[{"count":52,"href":"https:\/\/projet.alexandre-riffault.fr\/starwars\/wp-json\/wp\/v2\/pages\/413\/revisions"}],"predecessor-version":[{"id":1975,"href":"https:\/\/projet.alexandre-riffault.fr\/starwars\/wp-json\/wp\/v2\/pages\/413\/revisions\/1975"}],"wp:attachment":[{"href":"https:\/\/projet.alexandre-riffault.fr\/starwars\/wp-json\/wp\/v2\/media?parent=413"}],"curies":[{"name":"wp","href":"https:\/\/api.w.org\/{rel}","templated":true}]}}