{"id":948,"date":"2019-05-10T20:36:42","date_gmt":"2019-05-10T18:36:42","guid":{"rendered":"https:\/\/projet.alexandre-riffault.fr\/starwars\/?page_id=948"},"modified":"2019-05-15T18:43:44","modified_gmt":"2019-05-15T16:43:44","slug":"mentions-legales","status":"publish","type":"page","link":"https:\/\/projet.alexandre-riffault.fr\/starwars\/mentions-legales\/","title":{"rendered":"Mentions l\u00e9gales"},"content":{"rendered":"<p>[et_pb_section fb_built=\u00a0\u00bb1&Prime; module_class=\u00a0\u00bbpage-legale\u00a0\u00bb _builder_version=\u00a0\u00bb3.21&Prime; use_background_color_gradient=\u00a0\u00bbon\u00a0\u00bb background_image=\u00a0\u00bbhttps:\/\/projet.alexandre-riffault.fr\/starwars\/wp-content\/uploads\/2019\/05\/Copie-de-Sans-titre-4.png\u00a0\u00bb background_size=\u00a0\u00bbinitial\u00a0\u00bb background_repeat=\u00a0\u00bbrepeat\u00a0\u00bb][et_pb_row use_custom_width=\u00a0\u00bbon\u00a0\u00bb width_unit=\u00a0\u00bboff\u00a0\u00bb custom_width_percent=\u00a0\u00bb50%\u00a0\u00bb custom_padding=\u00a0\u00bb27px|0px|3px|0px|false|false\u00a0\u00bb _builder_version=\u00a0\u00bb3.21&Prime;][et_pb_column type=\u00a0\u00bb4_4&Prime; _builder_version=\u00a0\u00bb3.21&Prime;][et_pb_text _builder_version=\u00a0\u00bb3.21&Prime;]<\/p>\n<h1><span style=\"color: #ffffff;\">Mentions L\u00e9gales<\/span><\/h1>\n<p>[\/et_pb_text][et_pb_text _builder_version=\u00a0\u00bb3.21&Prime;]<\/p>\n<p><span style=\"font-weight: 400; color: #ffffff;\">Nous ne sommes ni affili\u00e9s \u00e0 Disney, ni \u00e0 Lucasfilm, les contenus propos\u00e9s sont seulement pr\u00e9sent\u00e9s \u00e0 titre informatifs et peuvent contenir des erreurs. Les noms originaux sont soumis aux copyright de Disney. Cependant, es textes sont soumis aux lois sur la propri\u00e9t\u00e9 intellectuelle.<\/span><\/p>\n<p><span style=\"font-weight: 400; color: #ffffff;\">Le site ne r\u00e9colte pas d\u2019informations sur l\u2019utilisateur dans le cadre d\u2019une simple visite. Cependant, si le formulaire de contact est utilis\u00e9, vous autorisez le site \u00e0 r\u00e9colter et stocker les informations suivantes: Objet du message, corps du message, nom, pr\u00e9nom, adresse email, adresse IP, FAI, navigateur et syst\u00e8me d\u2019exploitation utilis\u00e9. <\/span><\/p>\n<p><span style=\"font-weight: 400; color: #ffffff;\">Ces informations sont r\u00e9colt\u00e9es \u00e0 titre d\u2019analyse pour am\u00e9liorer notre site web. Ces informations ne seront accessibles que par l\u2019\u00e9quipe d\u2019administration et ne seront en aucun cas utilis\u00e9 \u00e0 des fins commerciales. <\/span><\/p>\n<p>[\/et_pb_text][\/et_pb_column][\/et_pb_row][et_pb_row _builder_version=\u00a0\u00bb3.21&Prime;][et_pb_column type=\u00a0\u00bb4_4&Prime; _builder_version=\u00a0\u00bb3.21&Prime;][et_pb_code _builder_version=\u00a0\u00bb3.21&Prime;]<script><!-- [et_pb_line_break_holder] -->function readCookie(name) {<!-- [et_pb_line_break_holder] -->    var nameEQ = name + \"=\";<!-- [et_pb_line_break_holder] -->    var ca = document.cookie.split(';');<!-- [et_pb_line_break_holder] -->    for(var i=0;i < ca.length;i++) {<!-- [et_pb_line_break_holder] -->        var c = ca[i];<!-- [et_pb_line_break_holder] -->        while (c.charAt(0)==' ') c = c.substring(1,c.length);<!-- [et_pb_line_break_holder] -->        if (c.indexOf(nameEQ) == 0) return c.substring(nameEQ.length,c.length);<!-- [et_pb_line_break_holder] -->    }<!-- [et_pb_line_break_holder] -->    return null;<!-- [et_pb_line_break_holder] -->}<!-- [et_pb_line_break_holder] -->  let x = readCookie('cursor');<!-- [et_pb_line_break_holder] -->  if(x==1){<!-- [et_pb_line_break_holder] -->    $('html').css('cursor',' url(https:\/\/projet.alexandre-riffault.fr\/starwars\/wp-content\/uploads\/2019\/05\/curseur_vaisseau.png), wait');<!-- [et_pb_line_break_holder] -->  }<!-- [et_pb_line_break_holder] -->  else if(x==0){<!-- [et_pb_line_break_holder] -->    $('html').css('cursor','default',' wait');<!-- [et_pb_line_break_holder] -->  }<!-- [et_pb_line_break_holder] -->  else if(x==2){<!-- [et_pb_line_break_holder] -->    $('html').css('cursor',' url(https:\/\/projet.alexandre-riffault.fr\/starwars\/wp-content\/uploads\/2019\/05\/Curseur-X-Wing.png), wait');<!-- [et_pb_line_break_holder] -->  }<!-- [et_pb_line_break_holder] --><\/script>[\/et_pb_code][et_pb_code _builder_version=\u00a0\u00bb3.21&Prime;]<script><!-- [et_pb_line_break_holder] -->function readCookie(name) {<!-- [et_pb_line_break_holder] -->    var nameEQ = name + \"=\";<!-- [et_pb_line_break_holder] -->    var ca = document.cookie.split(';');<!-- [et_pb_line_break_holder] -->    for(var i=0;i < ca.length;i++) {<!-- [et_pb_line_break_holder] -->        var c = ca[i];<!-- [et_pb_line_break_holder] -->        while (c.charAt(0)==' ') c = c.substring(1,c.length);<!-- [et_pb_line_break_holder] -->        if (c.indexOf(nameEQ) == 0) return c.substring(nameEQ.length,c.length);<!-- [et_pb_line_break_holder] -->    }<!-- [et_pb_line_break_holder] -->    return null;<!-- [et_pb_line_break_holder] -->}<!-- [et_pb_line_break_holder] -->  let x = readCookie('cursor');<!-- [et_pb_line_break_holder] -->  if(x==1){<!-- [et_pb_line_break_holder] -->    $('html').css('cursor',' url(https:\/\/projet.alexandre-riffault.fr\/starwars\/wp-content\/uploads\/2019\/05\/curseur_vaisseau.png), wait');<!-- [et_pb_line_break_holder] -->  }<!-- [et_pb_line_break_holder] -->  else if(x==0){<!-- [et_pb_line_break_holder] -->    $('html').css('cursor','default',' wait');<!-- [et_pb_line_break_holder] -->  }<!-- [et_pb_line_break_holder] -->  else if(x==2){<!-- [et_pb_line_break_holder] -->    $('html').css('cursor',' url(https:\/\/projet.alexandre-riffault.fr\/starwars\/wp-content\/uploads\/2019\/05\/Curseur-X-Wing.png), wait');<!-- [et_pb_line_break_holder] -->  }<!-- [et_pb_line_break_holder] --><\/script>[\/et_pb_code][\/et_pb_column][\/et_pb_row][\/et_pb_section]<\/p>\n","protected":false},"excerpt":{"rendered":"<p>[et_pb_section fb_built=\u00a0\u00bb1&Prime; module_class=\u00a0\u00bbpage-legale\u00a0\u00bb _builder_version=\u00a0\u00bb3.21&Prime; use_background_color_gradient=\u00a0\u00bbon\u00a0\u00bb background_image=\u00a0\u00bbhttps:\/\/projet.alexandre-riffault.fr\/starwars\/wp-content\/uploads\/2019\/05\/Copie-de-Sans-titre-4.png\u00a0\u00bb background_size=\u00a0\u00bbinitial\u00a0\u00bb background_repeat=\u00a0\u00bbrepeat\u00a0\u00bb][et_pb_row use_custom_width=\u00a0\u00bbon\u00a0\u00bb width_unit=\u00a0\u00bboff\u00a0\u00bb custom_width_percent=\u00a0\u00bb50%\u00a0\u00bb custom_padding=\u00a0\u00bb27px|0px|3px|0px|false|false\u00a0\u00bb _builder_version=\u00a0\u00bb3.21&Prime;][et_pb_column type=\u00a0\u00bb4_4&Prime; _builder_version=\u00a0\u00bb3.21&Prime;][et_pb_text _builder_version=\u00a0\u00bb3.21&Prime;] Mentions L\u00e9gales [\/et_pb_text][et_pb_text _builder_version=\u00a0\u00bb3.21&Prime;] Nous ne sommes ni affili\u00e9s \u00e0 Disney, ni \u00e0 Lucasfilm, les contenus propos\u00e9s sont seulement pr\u00e9sent\u00e9s \u00e0 titre informatifs et peuvent contenir des erreurs. Les noms originaux sont soumis aux copyright de Disney. Cependant, es [&hellip;]<\/p>\n","protected":false},"author":3,"featured_media":0,"parent":0,"menu_order":0,"comment_status":"closed","ping_status":"closed","template":"","meta":{"_et_pb_use_builder":"on","_et_pb_old_content":""},"yoast_head":"<!-- This site is optimized with the Yoast SEO plugin v19.4 - https:\/\/yoast.com\/wordpress\/plugins\/seo\/ -->\n<title>Mentions l\u00e9gales &ndash; Star wars<\/title>\n<meta name=\"robots\" content=\"index, follow, max-snippet:-1, max-image-preview:large, max-video-preview:-1\" \/>\n<link rel=\"canonical\" href=\"https:\/\/projet.alexandre-riffault.fr\/starwars\/mentions-legales\/\" \/>\n<meta property=\"og:locale\" content=\"fr_FR\" \/>\n<meta property=\"og:type\" content=\"article\" \/>\n<meta property=\"og:title\" content=\"Mentions l\u00e9gales &ndash; Star wars\" \/>\n<meta property=\"og:description\" content=\"[et_pb_section fb_built=\u00a0\u00bb1&Prime; module_class=\u00a0\u00bbpage-legale\u00a0\u00bb _builder_version=\u00a0\u00bb3.21&Prime; use_background_color_gradient=\u00a0\u00bbon\u00a0\u00bb background_image=\u00a0\u00bbhttps:\/\/projet.alexandre-riffault.fr\/starwars\/wp-content\/uploads\/2019\/05\/Copie-de-Sans-titre-4.png\u00a0\u00bb background_size=\u00a0\u00bbinitial\u00a0\u00bb background_repeat=\u00a0\u00bbrepeat\u00a0\u00bb][et_pb_row use_custom_width=\u00a0\u00bbon\u00a0\u00bb width_unit=\u00a0\u00bboff\u00a0\u00bb custom_width_percent=\u00a0\u00bb50%\u00a0\u00bb custom_padding=\u00a0\u00bb27px|0px|3px|0px|false|false\u00a0\u00bb _builder_version=\u00a0\u00bb3.21&Prime;][et_pb_column type=\u00a0\u00bb4_4&Prime; _builder_version=\u00a0\u00bb3.21&Prime;][et_pb_text _builder_version=\u00a0\u00bb3.21&Prime;] Mentions L\u00e9gales [\/et_pb_text][et_pb_text _builder_version=\u00a0\u00bb3.21&Prime;] Nous ne sommes ni affili\u00e9s \u00e0 Disney, ni \u00e0 Lucasfilm, les contenus propos\u00e9s sont seulement pr\u00e9sent\u00e9s \u00e0 titre informatifs et peuvent contenir des erreurs. Les noms originaux sont soumis aux copyright de Disney. Cependant, es [&hellip;]\" \/>\n<meta property=\"og:url\" content=\"https:\/\/projet.alexandre-riffault.fr\/starwars\/mentions-legales\/\" \/>\n<meta property=\"og:site_name\" content=\"Star wars\" \/>\n<meta property=\"article:modified_time\" content=\"2019-05-15T16:43:44+00:00\" \/>\n<meta name=\"twitter:card\" content=\"summary_large_image\" \/>\n<meta name=\"twitter:label1\" content=\"Dur\u00e9e de lecture estim\u00e9e\" \/>\n\t<meta name=\"twitter:data1\" content=\"1 minute\" \/>\n<script type=\"application\/ld+json\" class=\"yoast-schema-graph\">{\"@context\":\"https:\/\/schema.org\",\"@graph\":[{\"@type\":\"Organization\",\"@id\":\"https:\/\/projet.alexandre-riffault.fr\/starwars\/#organization\",\"name\":\"Star wars galaxy road\",\"url\":\"https:\/\/projet.alexandre-riffault.fr\/starwars\/\",\"sameAs\":[],\"logo\":{\"@type\":\"ImageObject\",\"inLanguage\":\"fr-FR\",\"@id\":\"https:\/\/projet.alexandre-riffault.fr\/starwars\/#\/schema\/logo\/image\/\",\"url\":\"https:\/\/projet.alexandre-riffault.fr\/starwars\/wp-content\/uploads\/2019\/05\/logo-projet-S.png\",\"contentUrl\":\"https:\/\/projet.alexandre-riffault.fr\/starwars\/wp-content\/uploads\/2019\/05\/logo-projet-S.png\",\"width\":413,\"height\":248,\"caption\":\"Star wars galaxy road\"},\"image\":{\"@id\":\"https:\/\/projet.alexandre-riffault.fr\/starwars\/#\/schema\/logo\/image\/\"}},{\"@type\":\"WebSite\",\"@id\":\"https:\/\/projet.alexandre-riffault.fr\/starwars\/#website\",\"url\":\"https:\/\/projet.alexandre-riffault.fr\/starwars\/\",\"name\":\"Star wars\",\"description\":\"\",\"publisher\":{\"@id\":\"https:\/\/projet.alexandre-riffault.fr\/starwars\/#organization\"},\"potentialAction\":[{\"@type\":\"SearchAction\",\"target\":{\"@type\":\"EntryPoint\",\"urlTemplate\":\"https:\/\/projet.alexandre-riffault.fr\/starwars\/?s={search_term_string}\"},\"query-input\":\"required name=search_term_string\"}],\"inLanguage\":\"fr-FR\"},{\"@type\":\"WebPage\",\"@id\":\"https:\/\/projet.alexandre-riffault.fr\/starwars\/mentions-legales\/\",\"url\":\"https:\/\/projet.alexandre-riffault.fr\/starwars\/mentions-legales\/\",\"name\":\"Mentions l\u00e9gales &ndash; Star wars\",\"isPartOf\":{\"@id\":\"https:\/\/projet.alexandre-riffault.fr\/starwars\/#website\"},\"datePublished\":\"2019-05-10T18:36:42+00:00\",\"dateModified\":\"2019-05-15T16:43:44+00:00\",\"breadcrumb\":{\"@id\":\"https:\/\/projet.alexandre-riffault.fr\/starwars\/mentions-legales\/#breadcrumb\"},\"inLanguage\":\"fr-FR\",\"potentialAction\":[{\"@type\":\"ReadAction\",\"target\":[\"https:\/\/projet.alexandre-riffault.fr\/starwars\/mentions-legales\/\"]}]},{\"@type\":\"BreadcrumbList\",\"@id\":\"https:\/\/projet.alexandre-riffault.fr\/starwars\/mentions-legales\/#breadcrumb\",\"itemListElement\":[{\"@type\":\"ListItem\",\"position\":1,\"name\":\"Accueil\",\"item\":\"https:\/\/projet.alexandre-riffault.fr\/starwars\/\"},{\"@type\":\"ListItem\",\"position\":2,\"name\":\"Mentions l\u00e9gales\"}]}]}<\/script>\n<!-- \/ Yoast SEO plugin. -->","yoast_head_json":{"title":"Mentions l\u00e9gales &ndash; Star wars","robots":{"index":"index","follow":"follow","max-snippet":"max-snippet:-1","max-image-preview":"max-image-preview:large","max-video-preview":"max-video-preview:-1"},"canonical":"https:\/\/projet.alexandre-riffault.fr\/starwars\/mentions-legales\/","og_locale":"fr_FR","og_type":"article","og_title":"Mentions l\u00e9gales &ndash; Star wars","og_description":"[et_pb_section fb_built=\u00a0\u00bb1&Prime; module_class=\u00a0\u00bbpage-legale\u00a0\u00bb _builder_version=\u00a0\u00bb3.21&Prime; use_background_color_gradient=\u00a0\u00bbon\u00a0\u00bb background_image=\u00a0\u00bbhttps:\/\/projet.alexandre-riffault.fr\/starwars\/wp-content\/uploads\/2019\/05\/Copie-de-Sans-titre-4.png\u00a0\u00bb background_size=\u00a0\u00bbinitial\u00a0\u00bb background_repeat=\u00a0\u00bbrepeat\u00a0\u00bb][et_pb_row use_custom_width=\u00a0\u00bbon\u00a0\u00bb width_unit=\u00a0\u00bboff\u00a0\u00bb custom_width_percent=\u00a0\u00bb50%\u00a0\u00bb custom_padding=\u00a0\u00bb27px|0px|3px|0px|false|false\u00a0\u00bb _builder_version=\u00a0\u00bb3.21&Prime;][et_pb_column type=\u00a0\u00bb4_4&Prime; _builder_version=\u00a0\u00bb3.21&Prime;][et_pb_text _builder_version=\u00a0\u00bb3.21&Prime;] Mentions L\u00e9gales [\/et_pb_text][et_pb_text _builder_version=\u00a0\u00bb3.21&Prime;] Nous ne sommes ni affili\u00e9s \u00e0 Disney, ni \u00e0 Lucasfilm, les contenus propos\u00e9s sont seulement pr\u00e9sent\u00e9s \u00e0 titre informatifs et peuvent contenir des erreurs. Les noms originaux sont soumis aux copyright de Disney. Cependant, es [&hellip;]","og_url":"https:\/\/projet.alexandre-riffault.fr\/starwars\/mentions-legales\/","og_site_name":"Star wars","article_modified_time":"2019-05-15T16:43:44+00:00","twitter_card":"summary_large_image","twitter_misc":{"Dur\u00e9e de lecture estim\u00e9e":"1 minute"},"schema":{"@context":"https:\/\/schema.org","@graph":[{"@type":"Organization","@id":"https:\/\/projet.alexandre-riffault.fr\/starwars\/#organization","name":"Star wars galaxy road","url":"https:\/\/projet.alexandre-riffault.fr\/starwars\/","sameAs":[],"logo":{"@type":"ImageObject","inLanguage":"fr-FR","@id":"https:\/\/projet.alexandre-riffault.fr\/starwars\/#\/schema\/logo\/image\/","url":"https:\/\/projet.alexandre-riffault.fr\/starwars\/wp-content\/uploads\/2019\/05\/logo-projet-S.png","contentUrl":"https:\/\/projet.alexandre-riffault.fr\/starwars\/wp-content\/uploads\/2019\/05\/logo-projet-S.png","width":413,"height":248,"caption":"Star wars galaxy road"},"image":{"@id":"https:\/\/projet.alexandre-riffault.fr\/starwars\/#\/schema\/logo\/image\/"}},{"@type":"WebSite","@id":"https:\/\/projet.alexandre-riffault.fr\/starwars\/#website","url":"https:\/\/projet.alexandre-riffault.fr\/starwars\/","name":"Star wars","description":"","publisher":{"@id":"https:\/\/projet.alexandre-riffault.fr\/starwars\/#organization"},"potentialAction":[{"@type":"SearchAction","target":{"@type":"EntryPoint","urlTemplate":"https:\/\/projet.alexandre-riffault.fr\/starwars\/?s={search_term_string}"},"query-input":"required name=search_term_string"}],"inLanguage":"fr-FR"},{"@type":"WebPage","@id":"https:\/\/projet.alexandre-riffault.fr\/starwars\/mentions-legales\/","url":"https:\/\/projet.alexandre-riffault.fr\/starwars\/mentions-legales\/","name":"Mentions l\u00e9gales &ndash; Star wars","isPartOf":{"@id":"https:\/\/projet.alexandre-riffault.fr\/starwars\/#website"},"datePublished":"2019-05-10T18:36:42+00:00","dateModified":"2019-05-15T16:43:44+00:00","breadcrumb":{"@id":"https:\/\/projet.alexandre-riffault.fr\/starwars\/mentions-legales\/#breadcrumb"},"inLanguage":"fr-FR","potentialAction":[{"@type":"ReadAction","target":["https:\/\/projet.alexandre-riffault.fr\/starwars\/mentions-legales\/"]}]},{"@type":"BreadcrumbList","@id":"https:\/\/projet.alexandre-riffault.fr\/starwars\/mentions-legales\/#breadcrumb","itemListElement":[{"@type":"ListItem","position":1,"name":"Accueil","item":"https:\/\/projet.alexandre-riffault.fr\/starwars\/"},{"@type":"ListItem","position":2,"name":"Mentions l\u00e9gales"}]}]}},"_links":{"self":[{"href":"https:\/\/projet.alexandre-riffault.fr\/starwars\/wp-json\/wp\/v2\/pages\/948"}],"collection":[{"href":"https:\/\/projet.alexandre-riffault.fr\/starwars\/wp-json\/wp\/v2\/pages"}],"about":[{"href":"https:\/\/projet.alexandre-riffault.fr\/starwars\/wp-json\/wp\/v2\/types\/page"}],"author":[{"embeddable":true,"href":"https:\/\/projet.alexandre-riffault.fr\/starwars\/wp-json\/wp\/v2\/users\/3"}],"replies":[{"embeddable":true,"href":"https:\/\/projet.alexandre-riffault.fr\/starwars\/wp-json\/wp\/v2\/comments?post=948"}],"version-history":[{"count":11,"href":"https:\/\/projet.alexandre-riffault.fr\/starwars\/wp-json\/wp\/v2\/pages\/948\/revisions"}],"predecessor-version":[{"id":1945,"href":"https:\/\/projet.alexandre-riffault.fr\/starwars\/wp-json\/wp\/v2\/pages\/948\/revisions\/1945"}],"wp:attachment":[{"href":"https:\/\/projet.alexandre-riffault.fr\/starwars\/wp-json\/wp\/v2\/media?parent=948"}],"curies":[{"name":"wp","href":"https:\/\/api.w.org\/{rel}","templated":true}]}}